{"id":12835,"date":"1970-01-01T00:00:00","date_gmt":"1970-01-01T00:00:00","guid":{"rendered":"https:\/\/mack4seasons.com\/?post_type=product&#038;p=12835"},"modified":"2022-10-03T08:27:05","modified_gmt":"2022-10-03T08:27:05","slug":"guarnizione-cod-418008030","status":"publish","type":"product","link":"https:\/\/mack4seasons.com\/fr\/negozio\/freepoint\/termostufe-freepoint\/idron-11-kw\/guarnizione-cod-418008030\/","title":{"rendered":"Joint pour po\u00eale \u00e0 granules Freepoint Code 418008030"},"content":{"rendered":"<hr \/>\n<h2>Joint pour po\u00eale \u00e0 granules Freepoint<\/h2>\n<p>Codice 418008030<br \/>\n<strong> Pour les mod\u00e8les de po\u00eales \u00e0 granules Freepoint suivants\u00a0: <\/strong> Idron 11 kw<\/p>","protected":false},"excerpt":{"rendered":"<hr \/>\n<p>Compatible avec le code original Freepoint <strong>Codice 418008030<\/strong><\/p>","protected":false},"featured_media":15341,"template":"","meta":[],"product_brand":[],"product_cat":[674,703,702],"product_tag":[75],"class_list":{"0":"post-12835","1":"product","2":"type-product","3":"status-publish","4":"has-post-thumbnail","6":"product_cat-freepoint","7":"product_cat-idron-11-kw","8":"product_cat-termostufe-freepoint","9":"product_tag-freepoint","10":"product_shipping_class-classe-di-spedizione-01","12":"first","13":"instock","14":"taxable","15":"shipping-taxable","16":"product-type-simple"},"yoast_head":"<!-- This site is optimized with the Yoast SEO plugin v26.3 - https:\/\/yoast.com\/wordpress\/plugins\/seo\/ -->\n<title>Guarnizione per stufa a pellet Freepoint Codice 418008030 - Mack4Season<\/title>\n<meta name=\"robots\" content=\"index, follow, max-snippet:-1, max-image-preview:large, max-video-preview:-1\" \/>\n<link rel=\"canonical\" href=\"https:\/\/mack4seasons.com\/fr\/negozio\/freepoint\/termostufe-freepoint\/idron-11-kw\/guarnizione-cod-418008030\/\" \/>\n<meta property=\"og:locale\" content=\"fr_FR\" \/>\n<meta property=\"og:type\" content=\"article\" \/>\n<meta property=\"og:title\" content=\"Guarnizione per stufa a pellet Freepoint Codice 418008030 - Mack4Season\" \/>\n<meta property=\"og:description\" content=\"Compatibile con il codice originale Freepoint Codice 418008030\" \/>\n<meta property=\"og:url\" content=\"https:\/\/mack4seasons.com\/fr\/negozio\/freepoint\/termostufe-freepoint\/idron-11-kw\/guarnizione-cod-418008030\/\" \/>\n<meta property=\"og:site_name\" content=\"Mack4Season\" \/>\n<meta property=\"article:publisher\" content=\"https:\/\/www.facebook.com\/profile.php?id=100075990468585\" \/>\n<meta property=\"article:modified_time\" content=\"2022-10-03T08:27:05+00:00\" \/>\n<meta property=\"og:image\" content=\"https:\/\/mack4seasons.com\/wp-content\/uploads\/1970\/01\/Guarnizione-per-stufa-a-pellet-Freepoint-Codice-418008030.png\" \/>\n\t<meta property=\"og:image:width\" content=\"640\" \/>\n\t<meta property=\"og:image:height\" content=\"640\" \/>\n\t<meta property=\"og:image:type\" content=\"image\/png\" \/>\n<meta name=\"twitter:card\" content=\"summary_large_image\" \/>\n<meta name=\"twitter:label1\" content=\"Dur\u00e9e de lecture estim\u00e9e\" \/>\n\t<meta name=\"twitter:data1\" content=\"1 minute\" \/>\n<script type=\"application\/ld+json\" class=\"yoast-schema-graph\">{\"@context\":\"https:\/\/schema.org\",\"@graph\":[{\"@type\":\"WebPage\",\"@id\":\"https:\/\/mack4seasons.com\/negozio\/freepoint\/termostufe-freepoint\/idron-11-kw\/guarnizione-cod-418008030\/\",\"url\":\"https:\/\/mack4seasons.com\/negozio\/freepoint\/termostufe-freepoint\/idron-11-kw\/guarnizione-cod-418008030\/\",\"name\":\"Guarnizione per stufa a pellet Freepoint Codice 418008030 - Mack4Season\",\"isPartOf\":{\"@id\":\"https:\/\/mack4seasons.com\/#website\"},\"primaryImageOfPage\":{\"@id\":\"https:\/\/mack4seasons.com\/negozio\/freepoint\/termostufe-freepoint\/idron-11-kw\/guarnizione-cod-418008030\/#primaryimage\"},\"image\":{\"@id\":\"https:\/\/mack4seasons.com\/negozio\/freepoint\/termostufe-freepoint\/idron-11-kw\/guarnizione-cod-418008030\/#primaryimage\"},\"thumbnailUrl\":\"https:\/\/mack4seasons.com\/wp-content\/uploads\/1970\/01\/Guarnizione-per-stufa-a-pellet-Freepoint-Codice-418008030.png\",\"datePublished\":\"1970-01-01T00:00:00+00:00\",\"dateModified\":\"2022-10-03T08:27:05+00:00\",\"breadcrumb\":{\"@id\":\"https:\/\/mack4seasons.com\/negozio\/freepoint\/termostufe-freepoint\/idron-11-kw\/guarnizione-cod-418008030\/#breadcrumb\"},\"inLanguage\":\"fr-FR\",\"potentialAction\":[{\"@type\":\"ReadAction\",\"target\":[\"https:\/\/mack4seasons.com\/negozio\/freepoint\/termostufe-freepoint\/idron-11-kw\/guarnizione-cod-418008030\/\"]}]},{\"@type\":\"ImageObject\",\"inLanguage\":\"fr-FR\",\"@id\":\"https:\/\/mack4seasons.com\/negozio\/freepoint\/termostufe-freepoint\/idron-11-kw\/guarnizione-cod-418008030\/#primaryimage\",\"url\":\"https:\/\/mack4seasons.com\/wp-content\/uploads\/1970\/01\/Guarnizione-per-stufa-a-pellet-Freepoint-Codice-418008030.png\",\"contentUrl\":\"https:\/\/mack4seasons.com\/wp-content\/uploads\/1970\/01\/Guarnizione-per-stufa-a-pellet-Freepoint-Codice-418008030.png\",\"width\":640,\"height\":640},{\"@type\":\"BreadcrumbList\",\"@id\":\"https:\/\/mack4seasons.com\/negozio\/freepoint\/termostufe-freepoint\/idron-11-kw\/guarnizione-cod-418008030\/#breadcrumb\",\"itemListElement\":[{\"@type\":\"ListItem\",\"position\":1,\"name\":\"Home\",\"item\":\"https:\/\/mack4seasons.com\/ricambi-accessori-stufe-e-caldaie-pellet\/\"},{\"@type\":\"ListItem\",\"position\":2,\"name\":\"Shop\",\"item\":\"https:\/\/mack4seasons.com\/negozio\/\"},{\"@type\":\"ListItem\",\"position\":3,\"name\":\"Guarnizione per stufa a pellet Freepoint Codice 418008030\"}]},{\"@type\":\"WebSite\",\"@id\":\"https:\/\/mack4seasons.com\/#website\",\"url\":\"https:\/\/mack4seasons.com\/\",\"name\":\"Mack4Season\",\"description\":\"Per il comfort termico della tua casa\",\"publisher\":{\"@id\":\"https:\/\/mack4seasons.com\/#organization\"},\"potentialAction\":[{\"@type\":\"SearchAction\",\"target\":{\"@type\":\"EntryPoint\",\"urlTemplate\":\"https:\/\/mack4seasons.com\/?s={search_term_string}\"},\"query-input\":{\"@type\":\"PropertyValueSpecification\",\"valueRequired\":true,\"valueName\":\"search_term_string\"}}],\"inLanguage\":\"fr-FR\"},{\"@type\":\"Organization\",\"@id\":\"https:\/\/mack4seasons.com\/#organization\",\"name\":\"Mack4Season\",\"url\":\"https:\/\/mack4seasons.com\/\",\"logo\":{\"@type\":\"ImageObject\",\"inLanguage\":\"fr-FR\",\"@id\":\"https:\/\/mack4seasons.com\/#\/schema\/logo\/image\/\",\"url\":\"https:\/\/mack4seasons.com\/wp-content\/uploads\/2021\/06\/w-MACK-logo-pantone-02A19E.png\",\"contentUrl\":\"https:\/\/mack4seasons.com\/wp-content\/uploads\/2021\/06\/w-MACK-logo-pantone-02A19E.png\",\"width\":809,\"height\":425,\"caption\":\"Mack4Season\"},\"image\":{\"@id\":\"https:\/\/mack4seasons.com\/#\/schema\/logo\/image\/\"},\"sameAs\":[\"https:\/\/www.facebook.com\/profile.php?id=100075990468585\"]}]}<\/script>\n<!-- \/ Yoast SEO plugin. -->","yoast_head_json":{"title":"Guarnizione per stufa a pellet Freepoint Codice 418008030 - Mack4Season","robots":{"index":"index","follow":"follow","max-snippet":"max-snippet:-1","max-image-preview":"max-image-preview:large","max-video-preview":"max-video-preview:-1"},"canonical":"https:\/\/mack4seasons.com\/fr\/negozio\/freepoint\/termostufe-freepoint\/idron-11-kw\/guarnizione-cod-418008030\/","og_locale":"fr_FR","og_type":"article","og_title":"Guarnizione per stufa a pellet Freepoint Codice 418008030 - Mack4Season","og_description":"Compatibile con il codice originale Freepoint Codice 418008030","og_url":"https:\/\/mack4seasons.com\/fr\/negozio\/freepoint\/termostufe-freepoint\/idron-11-kw\/guarnizione-cod-418008030\/","og_site_name":"Mack4Season","article_publisher":"https:\/\/www.facebook.com\/profile.php?id=100075990468585","article_modified_time":"2022-10-03T08:27:05+00:00","og_image":[{"width":640,"height":640,"url":"https:\/\/mack4seasons.com\/wp-content\/uploads\/1970\/01\/Guarnizione-per-stufa-a-pellet-Freepoint-Codice-418008030.png","type":"image\/png"}],"twitter_card":"summary_large_image","twitter_misc":{"Dur\u00e9e de lecture estim\u00e9e":"1 minute"},"schema":{"@context":"https:\/\/schema.org","@graph":[{"@type":"WebPage","@id":"https:\/\/mack4seasons.com\/negozio\/freepoint\/termostufe-freepoint\/idron-11-kw\/guarnizione-cod-418008030\/","url":"https:\/\/mack4seasons.com\/negozio\/freepoint\/termostufe-freepoint\/idron-11-kw\/guarnizione-cod-418008030\/","name":"Guarnizione per stufa a pellet Freepoint Codice 418008030 - Mack4Season","isPartOf":{"@id":"https:\/\/mack4seasons.com\/#website"},"primaryImageOfPage":{"@id":"https:\/\/mack4seasons.com\/negozio\/freepoint\/termostufe-freepoint\/idron-11-kw\/guarnizione-cod-418008030\/#primaryimage"},"image":{"@id":"https:\/\/mack4seasons.com\/negozio\/freepoint\/termostufe-freepoint\/idron-11-kw\/guarnizione-cod-418008030\/#primaryimage"},"thumbnailUrl":"https:\/\/mack4seasons.com\/wp-content\/uploads\/1970\/01\/Guarnizione-per-stufa-a-pellet-Freepoint-Codice-418008030.png","datePublished":"1970-01-01T00:00:00+00:00","dateModified":"2022-10-03T08:27:05+00:00","breadcrumb":{"@id":"https:\/\/mack4seasons.com\/negozio\/freepoint\/termostufe-freepoint\/idron-11-kw\/guarnizione-cod-418008030\/#breadcrumb"},"inLanguage":"fr-FR","potentialAction":[{"@type":"ReadAction","target":["https:\/\/mack4seasons.com\/negozio\/freepoint\/termostufe-freepoint\/idron-11-kw\/guarnizione-cod-418008030\/"]}]},{"@type":"ImageObject","inLanguage":"fr-FR","@id":"https:\/\/mack4seasons.com\/negozio\/freepoint\/termostufe-freepoint\/idron-11-kw\/guarnizione-cod-418008030\/#primaryimage","url":"https:\/\/mack4seasons.com\/wp-content\/uploads\/1970\/01\/Guarnizione-per-stufa-a-pellet-Freepoint-Codice-418008030.png","contentUrl":"https:\/\/mack4seasons.com\/wp-content\/uploads\/1970\/01\/Guarnizione-per-stufa-a-pellet-Freepoint-Codice-418008030.png","width":640,"height":640},{"@type":"BreadcrumbList","@id":"https:\/\/mack4seasons.com\/negozio\/freepoint\/termostufe-freepoint\/idron-11-kw\/guarnizione-cod-418008030\/#breadcrumb","itemListElement":[{"@type":"ListItem","position":1,"name":"Home","item":"https:\/\/mack4seasons.com\/ricambi-accessori-stufe-e-caldaie-pellet\/"},{"@type":"ListItem","position":2,"name":"Shop","item":"https:\/\/mack4seasons.com\/negozio\/"},{"@type":"ListItem","position":3,"name":"Guarnizione per stufa a pellet Freepoint Codice 418008030"}]},{"@type":"WebSite","@id":"https:\/\/mack4seasons.com\/#website","url":"https:\/\/mack4seasons.com\/","name":"Mack4Season","description":"Pour le confort thermique de votre maison","publisher":{"@id":"https:\/\/mack4seasons.com\/#organization"},"potentialAction":[{"@type":"SearchAction","target":{"@type":"EntryPoint","urlTemplate":"https:\/\/mack4seasons.com\/?s={search_term_string}"},"query-input":{"@type":"PropertyValueSpecification","valueRequired":true,"valueName":"search_term_string"}}],"inLanguage":"fr-FR"},{"@type":"Organization","@id":"https:\/\/mack4seasons.com\/#organization","name":"Mack4Season","url":"https:\/\/mack4seasons.com\/","logo":{"@type":"ImageObject","inLanguage":"fr-FR","@id":"https:\/\/mack4seasons.com\/#\/schema\/logo\/image\/","url":"https:\/\/mack4seasons.com\/wp-content\/uploads\/2021\/06\/w-MACK-logo-pantone-02A19E.png","contentUrl":"https:\/\/mack4seasons.com\/wp-content\/uploads\/2021\/06\/w-MACK-logo-pantone-02A19E.png","width":809,"height":425,"caption":"Mack4Season"},"image":{"@id":"https:\/\/mack4seasons.com\/#\/schema\/logo\/image\/"},"sameAs":["https:\/\/www.facebook.com\/profile.php?id=100075990468585"]}]}},"_links":{"self":[{"href":"https:\/\/mack4seasons.com\/fr\/wp-json\/wp\/v2\/product\/12835","targetHints":{"allow":["GET"]}}],"collection":[{"href":"https:\/\/mack4seasons.com\/fr\/wp-json\/wp\/v2\/product"}],"about":[{"href":"https:\/\/mack4seasons.com\/fr\/wp-json\/wp\/v2\/types\/product"}],"wp:featuredmedia":[{"embeddable":true,"href":"https:\/\/mack4seasons.com\/fr\/wp-json\/wp\/v2\/media\/15341"}],"wp:attachment":[{"href":"https:\/\/mack4seasons.com\/fr\/wp-json\/wp\/v2\/media?parent=12835"}],"wp:term":[{"taxonomy":"product_brand","embeddable":true,"href":"https:\/\/mack4seasons.com\/fr\/wp-json\/wp\/v2\/product_brand?post=12835"},{"taxonomy":"product_cat","embeddable":true,"href":"https:\/\/mack4seasons.com\/fr\/wp-json\/wp\/v2\/product_cat?post=12835"},{"taxonomy":"product_tag","embeddable":true,"href":"https:\/\/mack4seasons.com\/fr\/wp-json\/wp\/v2\/product_tag?post=12835"}],"curies":[{"name":"wp","href":"https:\/\/api.w.org\/{rel}","templated":true}]}}