{"id":12602,"date":"2020-01-10T00:00:00","date_gmt":"2020-01-10T00:00:00","guid":{"rendered":"https:\/\/mack4seasons.com\/?post_type=product&#038;p=12602"},"modified":"2022-10-19T08:22:07","modified_gmt":"2022-10-19T08:22:07","slug":"manometro-circolare-con-raccordo-capillare-imit-cod-mcrc001-campo-di-lavoro-0-6-bar-involucro-plastica-temperatura-max-corpo-70c-omologazioni-ce-eac-capillare-1500-mm-pvc","status":"publish","type":"product","link":"https:\/\/mack4seasons.com\/fr\/negozio\/ricambi-vari-stufe-caldaie\/sonde-termostati-manometri-termometri\/termostati-e-manometri-per-stufe-e-caldaie-a-pellet\/manometro-circolare-con-raccordo-capillare-imit-cod-mcrc001-campo-di-lavoro-0-6-bar-involucro-plastica-temperatura-max-corpo-70c-omologazioni-ce-eac-capillare-1500-mm-pvc\/","title":{"rendered":"Manom\u00e8tre circulaire avec raccord capillaire IMIT - Code MCRC001 - Enveloppe plastique - Temp\u00e9rature max. du corps 70, C - Homologations CE, EAC - Capillaire 1500 mm PVC"},"content":{"rendered":"<hr \/>\n<h3>Manometro circolare 0\/6 bar, \u00f8 52 mm &#8211; capillare 1500 mm PVC &#8211; attacco M14*1 &#8211;<br \/>\ninvolucro nero &#8211; scritte bianche &#8211; schermo nero <\/h3>\n<p>Code MCRC001<\/p>\n<p>Camp de travail 0\/6 bar<br \/>\nBo\u00eetier en plastique<br \/>\nTemp\u00e9rature max. corps 70\u00b0C<br \/>\nR\u00e9ceptions CE, EAC<\/p>\n<h3>Les avantages de MACK FOUR SEASONS : <\/h3>\n<p>MACK FOUR SEASONS peut \u00e9galement fournir une gamme d\u2019accessoires et de pi\u00e8ces de rechange et de composants pour tous les po\u00eales et chaudi\u00e8res \u00e0 pellets pr\u00e9sents sur le march\u00e9.<br \/>\nVous trouverez sur notre e-commerce toujours disponible en stock toutes les pi\u00e8ces de premi\u00e8re n\u00e9cessit\u00e9.<br \/>\nLe personnel de MACK FOUR SEASONS a \u00e9t\u00e9 form\u00e9 avec soin pour vous aider \u00e0 identifier les \u00e9ventuels composants \u00e0 remplacer en offrant une assistance t\u00e9l\u00e9phonique en fran\u00e7ais, anglais, roumain et italien.<br \/>\nMACK FOUR SEASONS<br \/>\nN\u2019h\u00e9sitez pas \u00e0 nous contacter pour toute information.<\/p>","protected":false},"excerpt":{"rendered":"<hr \/>\n<h2><font color=\"77a464\">Disponible<\/font><\/p>","protected":false},"featured_media":12746,"template":"","meta":[],"product_brand":[],"product_cat":[972,975],"product_tag":[],"class_list":{"0":"post-12602","1":"product","2":"type-product","3":"status-publish","4":"has-post-thumbnail","6":"product_cat-sonde-termostati-manometri-termometri","7":"product_cat-termostati-e-manometri-per-stufe-e-caldaie-a-pellet","8":"product_shipping_class-classe-di-spedizione-01","10":"first","11":"instock","12":"taxable","13":"shipping-taxable","14":"purchasable","15":"product-type-simple"},"yoast_head":"<!-- This site is optimized with the Yoast SEO plugin v26.3 - https:\/\/yoast.com\/wordpress\/plugins\/seo\/ -->\n<title>Manometro circolare con raccordo capillare IMIT - Codice MCRC001 - Involucro plastica - Temperatura max. corpo 70\u00b0C - Omologazioni CE, EAC - Capillare 1500 mm PVC - Mack4Season<\/title>\n<meta name=\"robots\" content=\"index, follow, max-snippet:-1, max-image-preview:large, max-video-preview:-1\" \/>\n<link rel=\"canonical\" href=\"https:\/\/mack4seasons.com\/fr\/negozio\/ricambi-vari-stufe-caldaie\/sonde-termostati-manometri-termometri\/termostati-e-manometri-per-stufe-e-caldaie-a-pellet\/manometro-circolare-con-raccordo-capillare-imit-cod-mcrc001-campo-di-lavoro-0-6-bar-involucro-plastica-temperatura-max-corpo-70c-omologazioni-ce-eac-capillare-1500-mm-pvc\/\" \/>\n<meta property=\"og:locale\" content=\"fr_FR\" \/>\n<meta property=\"og:type\" content=\"article\" \/>\n<meta property=\"og:title\" content=\"Manometro circolare con raccordo capillare IMIT - Codice MCRC001 - Involucro plastica - Temperatura max. corpo 70\u00b0C - Omologazioni CE, EAC - Capillare 1500 mm PVC - Mack4Season\" \/>\n<meta property=\"og:description\" content=\"Disponibile\" \/>\n<meta property=\"og:url\" content=\"https:\/\/mack4seasons.com\/fr\/negozio\/ricambi-vari-stufe-caldaie\/sonde-termostati-manometri-termometri\/termostati-e-manometri-per-stufe-e-caldaie-a-pellet\/manometro-circolare-con-raccordo-capillare-imit-cod-mcrc001-campo-di-lavoro-0-6-bar-involucro-plastica-temperatura-max-corpo-70c-omologazioni-ce-eac-capillare-1500-mm-pvc\/\" \/>\n<meta property=\"og:site_name\" content=\"Mack4Season\" \/>\n<meta property=\"article:publisher\" content=\"https:\/\/www.facebook.com\/profile.php?id=100075990468585\" \/>\n<meta property=\"article:modified_time\" content=\"2022-10-19T08:22:07+00:00\" \/>\n<meta property=\"og:image\" content=\"https:\/\/mack4seasons.com\/wp-content\/uploads\/2021\/09\/w-SITO-MAN-TER-04-M.jpg\" \/>\n\t<meta property=\"og:image:width\" content=\"960\" \/>\n\t<meta property=\"og:image:height\" content=\"960\" \/>\n\t<meta property=\"og:image:type\" content=\"image\/jpeg\" \/>\n<meta name=\"twitter:card\" content=\"summary_large_image\" \/>\n<meta name=\"twitter:label1\" content=\"Dur\u00e9e de lecture estim\u00e9e\" \/>\n\t<meta name=\"twitter:data1\" content=\"1 minute\" \/>\n<script type=\"application\/ld+json\" class=\"yoast-schema-graph\">{\"@context\":\"https:\/\/schema.org\",\"@graph\":[{\"@type\":\"WebPage\",\"@id\":\"https:\/\/mack4seasons.com\/negozio\/ricambi-vari-stufe-caldaie\/sonde-termostati-manometri-termometri\/termostati-e-manometri-per-stufe-e-caldaie-a-pellet\/manometro-circolare-con-raccordo-capillare-imit-cod-mcrc001-campo-di-lavoro-0-6-bar-involucro-plastica-temperatura-max-corpo-70c-omologazioni-ce-eac-capillare-1500-mm-pvc\/\",\"url\":\"https:\/\/mack4seasons.com\/negozio\/ricambi-vari-stufe-caldaie\/sonde-termostati-manometri-termometri\/termostati-e-manometri-per-stufe-e-caldaie-a-pellet\/manometro-circolare-con-raccordo-capillare-imit-cod-mcrc001-campo-di-lavoro-0-6-bar-involucro-plastica-temperatura-max-corpo-70c-omologazioni-ce-eac-capillare-1500-mm-pvc\/\",\"name\":\"Manometro circolare con raccordo capillare IMIT - Codice MCRC001 - Involucro plastica - Temperatura max. corpo 70\u00b0C - Omologazioni CE, EAC - Capillare 1500 mm PVC - Mack4Season\",\"isPartOf\":{\"@id\":\"https:\/\/mack4seasons.com\/#website\"},\"primaryImageOfPage\":{\"@id\":\"https:\/\/mack4seasons.com\/negozio\/ricambi-vari-stufe-caldaie\/sonde-termostati-manometri-termometri\/termostati-e-manometri-per-stufe-e-caldaie-a-pellet\/manometro-circolare-con-raccordo-capillare-imit-cod-mcrc001-campo-di-lavoro-0-6-bar-involucro-plastica-temperatura-max-corpo-70c-omologazioni-ce-eac-capillare-1500-mm-pvc\/#primaryimage\"},\"image\":{\"@id\":\"https:\/\/mack4seasons.com\/negozio\/ricambi-vari-stufe-caldaie\/sonde-termostati-manometri-termometri\/termostati-e-manometri-per-stufe-e-caldaie-a-pellet\/manometro-circolare-con-raccordo-capillare-imit-cod-mcrc001-campo-di-lavoro-0-6-bar-involucro-plastica-temperatura-max-corpo-70c-omologazioni-ce-eac-capillare-1500-mm-pvc\/#primaryimage\"},\"thumbnailUrl\":\"https:\/\/mack4seasons.com\/wp-content\/uploads\/2021\/09\/w-SITO-MAN-TER-04-M.jpg\",\"datePublished\":\"2020-01-10T00:00:00+00:00\",\"dateModified\":\"2022-10-19T08:22:07+00:00\",\"breadcrumb\":{\"@id\":\"https:\/\/mack4seasons.com\/negozio\/ricambi-vari-stufe-caldaie\/sonde-termostati-manometri-termometri\/termostati-e-manometri-per-stufe-e-caldaie-a-pellet\/manometro-circolare-con-raccordo-capillare-imit-cod-mcrc001-campo-di-lavoro-0-6-bar-involucro-plastica-temperatura-max-corpo-70c-omologazioni-ce-eac-capillare-1500-mm-pvc\/#breadcrumb\"},\"inLanguage\":\"fr-FR\",\"potentialAction\":[{\"@type\":\"ReadAction\",\"target\":[\"https:\/\/mack4seasons.com\/negozio\/ricambi-vari-stufe-caldaie\/sonde-termostati-manometri-termometri\/termostati-e-manometri-per-stufe-e-caldaie-a-pellet\/manometro-circolare-con-raccordo-capillare-imit-cod-mcrc001-campo-di-lavoro-0-6-bar-involucro-plastica-temperatura-max-corpo-70c-omologazioni-ce-eac-capillare-1500-mm-pvc\/\"]}]},{\"@type\":\"ImageObject\",\"inLanguage\":\"fr-FR\",\"@id\":\"https:\/\/mack4seasons.com\/negozio\/ricambi-vari-stufe-caldaie\/sonde-termostati-manometri-termometri\/termostati-e-manometri-per-stufe-e-caldaie-a-pellet\/manometro-circolare-con-raccordo-capillare-imit-cod-mcrc001-campo-di-lavoro-0-6-bar-involucro-plastica-temperatura-max-corpo-70c-omologazioni-ce-eac-capillare-1500-mm-pvc\/#primaryimage\",\"url\":\"https:\/\/mack4seasons.com\/wp-content\/uploads\/2021\/09\/w-SITO-MAN-TER-04-M.jpg\",\"contentUrl\":\"https:\/\/mack4seasons.com\/wp-content\/uploads\/2021\/09\/w-SITO-MAN-TER-04-M.jpg\",\"width\":960,\"height\":960},{\"@type\":\"BreadcrumbList\",\"@id\":\"https:\/\/mack4seasons.com\/negozio\/ricambi-vari-stufe-caldaie\/sonde-termostati-manometri-termometri\/termostati-e-manometri-per-stufe-e-caldaie-a-pellet\/manometro-circolare-con-raccordo-capillare-imit-cod-mcrc001-campo-di-lavoro-0-6-bar-involucro-plastica-temperatura-max-corpo-70c-omologazioni-ce-eac-capillare-1500-mm-pvc\/#breadcrumb\",\"itemListElement\":[{\"@type\":\"ListItem\",\"position\":1,\"name\":\"Home\",\"item\":\"https:\/\/mack4seasons.com\/ricambi-accessori-stufe-e-caldaie-pellet\/\"},{\"@type\":\"ListItem\",\"position\":2,\"name\":\"Shop\",\"item\":\"https:\/\/mack4seasons.com\/negozio\/\"},{\"@type\":\"ListItem\",\"position\":3,\"name\":\"Manometro circolare con raccordo capillare IMIT &#8211; Codice MCRC001 &#8211; Involucro plastica &#8211; Temperatura max. corpo 70\u00b0C &#8211; Omologazioni CE, EAC &#8211; Capillare 1500 mm PVC\"}]},{\"@type\":\"WebSite\",\"@id\":\"https:\/\/mack4seasons.com\/#website\",\"url\":\"https:\/\/mack4seasons.com\/\",\"name\":\"Mack4Season\",\"description\":\"Per il comfort termico della tua casa\",\"publisher\":{\"@id\":\"https:\/\/mack4seasons.com\/#organization\"},\"potentialAction\":[{\"@type\":\"SearchAction\",\"target\":{\"@type\":\"EntryPoint\",\"urlTemplate\":\"https:\/\/mack4seasons.com\/?s={search_term_string}\"},\"query-input\":{\"@type\":\"PropertyValueSpecification\",\"valueRequired\":true,\"valueName\":\"search_term_string\"}}],\"inLanguage\":\"fr-FR\"},{\"@type\":\"Organization\",\"@id\":\"https:\/\/mack4seasons.com\/#organization\",\"name\":\"Mack4Season\",\"url\":\"https:\/\/mack4seasons.com\/\",\"logo\":{\"@type\":\"ImageObject\",\"inLanguage\":\"fr-FR\",\"@id\":\"https:\/\/mack4seasons.com\/#\/schema\/logo\/image\/\",\"url\":\"https:\/\/mack4seasons.com\/wp-content\/uploads\/2021\/06\/w-MACK-logo-pantone-02A19E.png\",\"contentUrl\":\"https:\/\/mack4seasons.com\/wp-content\/uploads\/2021\/06\/w-MACK-logo-pantone-02A19E.png\",\"width\":809,\"height\":425,\"caption\":\"Mack4Season\"},\"image\":{\"@id\":\"https:\/\/mack4seasons.com\/#\/schema\/logo\/image\/\"},\"sameAs\":[\"https:\/\/www.facebook.com\/profile.php?id=100075990468585\"]}]}<\/script>\n<!-- \/ Yoast SEO plugin. -->","yoast_head_json":{"title":"Manometro circolare con raccordo capillare IMIT - Codice MCRC001 - Involucro plastica - Temperatura max. corpo 70\u00b0C - Omologazioni CE, EAC - Capillare 1500 mm PVC - Mack4Season","robots":{"index":"index","follow":"follow","max-snippet":"max-snippet:-1","max-image-preview":"max-image-preview:large","max-video-preview":"max-video-preview:-1"},"canonical":"https:\/\/mack4seasons.com\/fr\/negozio\/ricambi-vari-stufe-caldaie\/sonde-termostati-manometri-termometri\/termostati-e-manometri-per-stufe-e-caldaie-a-pellet\/manometro-circolare-con-raccordo-capillare-imit-cod-mcrc001-campo-di-lavoro-0-6-bar-involucro-plastica-temperatura-max-corpo-70c-omologazioni-ce-eac-capillare-1500-mm-pvc\/","og_locale":"fr_FR","og_type":"article","og_title":"Manometro circolare con raccordo capillare IMIT - Codice MCRC001 - Involucro plastica - Temperatura max. corpo 70\u00b0C - Omologazioni CE, EAC - Capillare 1500 mm PVC - Mack4Season","og_description":"Disponibile","og_url":"https:\/\/mack4seasons.com\/fr\/negozio\/ricambi-vari-stufe-caldaie\/sonde-termostati-manometri-termometri\/termostati-e-manometri-per-stufe-e-caldaie-a-pellet\/manometro-circolare-con-raccordo-capillare-imit-cod-mcrc001-campo-di-lavoro-0-6-bar-involucro-plastica-temperatura-max-corpo-70c-omologazioni-ce-eac-capillare-1500-mm-pvc\/","og_site_name":"Mack4Season","article_publisher":"https:\/\/www.facebook.com\/profile.php?id=100075990468585","article_modified_time":"2022-10-19T08:22:07+00:00","og_image":[{"width":960,"height":960,"url":"https:\/\/mack4seasons.com\/wp-content\/uploads\/2021\/09\/w-SITO-MAN-TER-04-M.jpg","type":"image\/jpeg"}],"twitter_card":"summary_large_image","twitter_misc":{"Dur\u00e9e de lecture estim\u00e9e":"1 minute"},"schema":{"@context":"https:\/\/schema.org","@graph":[{"@type":"WebPage","@id":"https:\/\/mack4seasons.com\/negozio\/ricambi-vari-stufe-caldaie\/sonde-termostati-manometri-termometri\/termostati-e-manometri-per-stufe-e-caldaie-a-pellet\/manometro-circolare-con-raccordo-capillare-imit-cod-mcrc001-campo-di-lavoro-0-6-bar-involucro-plastica-temperatura-max-corpo-70c-omologazioni-ce-eac-capillare-1500-mm-pvc\/","url":"https:\/\/mack4seasons.com\/negozio\/ricambi-vari-stufe-caldaie\/sonde-termostati-manometri-termometri\/termostati-e-manometri-per-stufe-e-caldaie-a-pellet\/manometro-circolare-con-raccordo-capillare-imit-cod-mcrc001-campo-di-lavoro-0-6-bar-involucro-plastica-temperatura-max-corpo-70c-omologazioni-ce-eac-capillare-1500-mm-pvc\/","name":"Manometro circolare con raccordo capillare IMIT - Codice MCRC001 - Involucro plastica - Temperatura max. corpo 70\u00b0C - Omologazioni CE, EAC - Capillare 1500 mm PVC - Mack4Season","isPartOf":{"@id":"https:\/\/mack4seasons.com\/#website"},"primaryImageOfPage":{"@id":"https:\/\/mack4seasons.com\/negozio\/ricambi-vari-stufe-caldaie\/sonde-termostati-manometri-termometri\/termostati-e-manometri-per-stufe-e-caldaie-a-pellet\/manometro-circolare-con-raccordo-capillare-imit-cod-mcrc001-campo-di-lavoro-0-6-bar-involucro-plastica-temperatura-max-corpo-70c-omologazioni-ce-eac-capillare-1500-mm-pvc\/#primaryimage"},"image":{"@id":"https:\/\/mack4seasons.com\/negozio\/ricambi-vari-stufe-caldaie\/sonde-termostati-manometri-termometri\/termostati-e-manometri-per-stufe-e-caldaie-a-pellet\/manometro-circolare-con-raccordo-capillare-imit-cod-mcrc001-campo-di-lavoro-0-6-bar-involucro-plastica-temperatura-max-corpo-70c-omologazioni-ce-eac-capillare-1500-mm-pvc\/#primaryimage"},"thumbnailUrl":"https:\/\/mack4seasons.com\/wp-content\/uploads\/2021\/09\/w-SITO-MAN-TER-04-M.jpg","datePublished":"2020-01-10T00:00:00+00:00","dateModified":"2022-10-19T08:22:07+00:00","breadcrumb":{"@id":"https:\/\/mack4seasons.com\/negozio\/ricambi-vari-stufe-caldaie\/sonde-termostati-manometri-termometri\/termostati-e-manometri-per-stufe-e-caldaie-a-pellet\/manometro-circolare-con-raccordo-capillare-imit-cod-mcrc001-campo-di-lavoro-0-6-bar-involucro-plastica-temperatura-max-corpo-70c-omologazioni-ce-eac-capillare-1500-mm-pvc\/#breadcrumb"},"inLanguage":"fr-FR","potentialAction":[{"@type":"ReadAction","target":["https:\/\/mack4seasons.com\/negozio\/ricambi-vari-stufe-caldaie\/sonde-termostati-manometri-termometri\/termostati-e-manometri-per-stufe-e-caldaie-a-pellet\/manometro-circolare-con-raccordo-capillare-imit-cod-mcrc001-campo-di-lavoro-0-6-bar-involucro-plastica-temperatura-max-corpo-70c-omologazioni-ce-eac-capillare-1500-mm-pvc\/"]}]},{"@type":"ImageObject","inLanguage":"fr-FR","@id":"https:\/\/mack4seasons.com\/negozio\/ricambi-vari-stufe-caldaie\/sonde-termostati-manometri-termometri\/termostati-e-manometri-per-stufe-e-caldaie-a-pellet\/manometro-circolare-con-raccordo-capillare-imit-cod-mcrc001-campo-di-lavoro-0-6-bar-involucro-plastica-temperatura-max-corpo-70c-omologazioni-ce-eac-capillare-1500-mm-pvc\/#primaryimage","url":"https:\/\/mack4seasons.com\/wp-content\/uploads\/2021\/09\/w-SITO-MAN-TER-04-M.jpg","contentUrl":"https:\/\/mack4seasons.com\/wp-content\/uploads\/2021\/09\/w-SITO-MAN-TER-04-M.jpg","width":960,"height":960},{"@type":"BreadcrumbList","@id":"https:\/\/mack4seasons.com\/negozio\/ricambi-vari-stufe-caldaie\/sonde-termostati-manometri-termometri\/termostati-e-manometri-per-stufe-e-caldaie-a-pellet\/manometro-circolare-con-raccordo-capillare-imit-cod-mcrc001-campo-di-lavoro-0-6-bar-involucro-plastica-temperatura-max-corpo-70c-omologazioni-ce-eac-capillare-1500-mm-pvc\/#breadcrumb","itemListElement":[{"@type":"ListItem","position":1,"name":"Home","item":"https:\/\/mack4seasons.com\/ricambi-accessori-stufe-e-caldaie-pellet\/"},{"@type":"ListItem","position":2,"name":"Shop","item":"https:\/\/mack4seasons.com\/negozio\/"},{"@type":"ListItem","position":3,"name":"Manometro circolare con raccordo capillare IMIT &#8211; Codice MCRC001 &#8211; Involucro plastica &#8211; Temperatura max. corpo 70\u00b0C &#8211; Omologazioni CE, EAC &#8211; Capillare 1500 mm PVC"}]},{"@type":"WebSite","@id":"https:\/\/mack4seasons.com\/#website","url":"https:\/\/mack4seasons.com\/","name":"Mack4Season","description":"Pour le confort thermique de votre maison","publisher":{"@id":"https:\/\/mack4seasons.com\/#organization"},"potentialAction":[{"@type":"SearchAction","target":{"@type":"EntryPoint","urlTemplate":"https:\/\/mack4seasons.com\/?s={search_term_string}"},"query-input":{"@type":"PropertyValueSpecification","valueRequired":true,"valueName":"search_term_string"}}],"inLanguage":"fr-FR"},{"@type":"Organization","@id":"https:\/\/mack4seasons.com\/#organization","name":"Mack4Season","url":"https:\/\/mack4seasons.com\/","logo":{"@type":"ImageObject","inLanguage":"fr-FR","@id":"https:\/\/mack4seasons.com\/#\/schema\/logo\/image\/","url":"https:\/\/mack4seasons.com\/wp-content\/uploads\/2021\/06\/w-MACK-logo-pantone-02A19E.png","contentUrl":"https:\/\/mack4seasons.com\/wp-content\/uploads\/2021\/06\/w-MACK-logo-pantone-02A19E.png","width":809,"height":425,"caption":"Mack4Season"},"image":{"@id":"https:\/\/mack4seasons.com\/#\/schema\/logo\/image\/"},"sameAs":["https:\/\/www.facebook.com\/profile.php?id=100075990468585"]}]}},"_links":{"self":[{"href":"https:\/\/mack4seasons.com\/fr\/wp-json\/wp\/v2\/product\/12602","targetHints":{"allow":["GET"]}}],"collection":[{"href":"https:\/\/mack4seasons.com\/fr\/wp-json\/wp\/v2\/product"}],"about":[{"href":"https:\/\/mack4seasons.com\/fr\/wp-json\/wp\/v2\/types\/product"}],"wp:featuredmedia":[{"embeddable":true,"href":"https:\/\/mack4seasons.com\/fr\/wp-json\/wp\/v2\/media\/12746"}],"wp:attachment":[{"href":"https:\/\/mack4seasons.com\/fr\/wp-json\/wp\/v2\/media?parent=12602"}],"wp:term":[{"taxonomy":"product_brand","embeddable":true,"href":"https:\/\/mack4seasons.com\/fr\/wp-json\/wp\/v2\/product_brand?post=12602"},{"taxonomy":"product_cat","embeddable":true,"href":"https:\/\/mack4seasons.com\/fr\/wp-json\/wp\/v2\/product_cat?post=12602"},{"taxonomy":"product_tag","embeddable":true,"href":"https:\/\/mack4seasons.com\/fr\/wp-json\/wp\/v2\/product_tag?post=12602"}],"curies":[{"name":"wp","href":"https:\/\/api.w.org\/{rel}","templated":true}]}}