{"id":12505,"date":"2020-01-10T00:00:00","date_gmt":"2020-01-10T00:00:00","guid":{"rendered":"https:\/\/mack4seasons.com\/?post_type=product&#038;p=12505"},"modified":"2023-07-06T07:43:36","modified_gmt":"2023-07-06T07:43:36","slug":"scheda-elettronica-baby-cod-fsecz110p0","status":"publish","type":"product","link":"https:\/\/mack4seasons.com\/fr\/negozio\/ricambi-vari-stufe-caldaie\/elettronica-per-stufe-e-caldaie-a-pellet\/elettronica-ceza-per-stufe-e-caldaie-a-pellet\/schede-elettroniche-ceza-per-stufe-e-caldaie-a-pellet\/scheda-elettronica-baby-cod-fsecz110p0\/","title":{"rendered":"Carte \u00e9lectronique Baby pour po\u00eales et chaudi\u00e8res \u00e0 pellets - Code FSECZ110P0"},"content":{"rendered":"<hr \/>\n<h3>Carte \u00e9lectronique Baby pour po\u00eales et chaudi\u00e8res \u00e0 pellets<\/h3>\n<p>Code FSECZ110P0<\/p>\n<p>La carte m\u00e8re Baby g\u00e8re avec un seul fichier de param\u00e8tres jusqu\u2019\u00e0 8 types diff\u00e9rents de :<\/p>\n<p>Po\u00eales \u00e0 air avec 1 ou 2 ventilateurs d\u2019ambiance - pellets \/ biomasse<\/p>\n<p>Po\u00eales hydrauliques, chauffage de l'eau - pellets \/ biomasse<\/p>\n<p>Chaudi\u00e8res \u00e0 Pellet \/ Biomasse<\/p>\n<p>Br\u00fbleurs \u00e0 pellets \/ Biomasse<\/p>\n<p>En connectant 2 slot une Carte Extension Hydro, la carte BASE g\u00e8re \u00e9galement des pompes, soupape 3 voies et d\u2019autres dispositifs pour le chauffage de l\u2019eau.<\/p>\n<h3>Les avantages de MACK FOUR SEASONS :<\/h3>\n<p>MACK FOUR SEASONS peut \u00e9galement fournir une gamme d\u2019accessoires et de pi\u00e8ces de rechange et de composants pour tous les po\u00eales et chaudi\u00e8res \u00e0 pellets pr\u00e9sents sur le march\u00e9.<br \/>\nVous trouverez sur notre e-commerce toujours disponible en stock toutes les pi\u00e8ces de premi\u00e8re n\u00e9cessit\u00e9.<br \/>\nLe personnel de MACK FOUR SEASONS a \u00e9t\u00e9 form\u00e9 avec soin pour vous aider \u00e0 identifier les \u00e9ventuels composants \u00e0 remplacer en offrant une assistance t\u00e9l\u00e9phonique en fran\u00e7ais, anglais, roumain et italien.<br \/>\nMACK FOUR SEASONS<br \/>\nN\u2019h\u00e9sitez pas \u00e0 nous contacter pour toute information.<\/p>","protected":false},"excerpt":{"rendered":"<hr \/>\n<h2><span style=\"color: 77a464;\">Disponible<\/span><\/h2>","protected":false},"featured_media":12662,"template":"","meta":[],"product_brand":[],"product_cat":[954,955,812,956],"product_tag":[],"class_list":{"0":"post-12505","1":"product","2":"type-product","3":"status-publish","4":"has-post-thumbnail","6":"product_cat-elettronica-per-stufe-e-caldaie-a-pellet","7":"product_cat-elettronica-ceza-per-stufe-e-caldaie-a-pellet","8":"product_cat-ricambi-vari-stufe-caldaie","9":"product_cat-schede-elettroniche-ceza-per-stufe-e-caldaie-a-pellet","10":"product_shipping_class-classe-di-spedizione-01","12":"first","13":"instock","14":"taxable","15":"shipping-taxable","16":"purchasable","17":"product-type-simple"},"yoast_head":"<!-- This site is optimized with the Yoast SEO plugin v26.3 - https:\/\/yoast.com\/wordpress\/plugins\/seo\/ -->\n<title>Scheda elettronica Baby per stufe e caldaie a pellet - Codice FSECZ110P0 - Mack4Season<\/title>\n<meta name=\"robots\" content=\"index, follow, max-snippet:-1, max-image-preview:large, max-video-preview:-1\" \/>\n<link rel=\"canonical\" href=\"https:\/\/mack4seasons.com\/fr\/negozio\/ricambi-vari-stufe-caldaie\/elettronica-per-stufe-e-caldaie-a-pellet\/elettronica-ceza-per-stufe-e-caldaie-a-pellet\/schede-elettroniche-ceza-per-stufe-e-caldaie-a-pellet\/scheda-elettronica-baby-cod-fsecz110p0\/\" \/>\n<meta property=\"og:locale\" content=\"fr_FR\" \/>\n<meta property=\"og:type\" content=\"article\" \/>\n<meta property=\"og:title\" content=\"Scheda elettronica Baby per stufe e caldaie a pellet - Codice FSECZ110P0 - Mack4Season\" \/>\n<meta property=\"og:description\" content=\"Disponibile\" \/>\n<meta property=\"og:url\" content=\"https:\/\/mack4seasons.com\/fr\/negozio\/ricambi-vari-stufe-caldaie\/elettronica-per-stufe-e-caldaie-a-pellet\/elettronica-ceza-per-stufe-e-caldaie-a-pellet\/schede-elettroniche-ceza-per-stufe-e-caldaie-a-pellet\/scheda-elettronica-baby-cod-fsecz110p0\/\" \/>\n<meta property=\"og:site_name\" content=\"Mack4Season\" \/>\n<meta property=\"article:publisher\" content=\"https:\/\/www.facebook.com\/profile.php?id=100075990468585\" \/>\n<meta property=\"article:modified_time\" content=\"2023-07-06T07:43:36+00:00\" \/>\n<meta property=\"og:image\" content=\"https:\/\/mack4seasons.com\/wp-content\/uploads\/2021\/09\/w-SITO-CEZA-01.jpg\" \/>\n\t<meta property=\"og:image:width\" content=\"960\" \/>\n\t<meta property=\"og:image:height\" content=\"960\" \/>\n\t<meta property=\"og:image:type\" content=\"image\/jpeg\" \/>\n<meta name=\"twitter:card\" content=\"summary_large_image\" \/>\n<meta name=\"twitter:label1\" content=\"Dur\u00e9e de lecture estim\u00e9e\" \/>\n\t<meta name=\"twitter:data1\" content=\"1 minute\" \/>\n<script type=\"application\/ld+json\" class=\"yoast-schema-graph\">{\"@context\":\"https:\/\/schema.org\",\"@graph\":[{\"@type\":\"WebPage\",\"@id\":\"https:\/\/mack4seasons.com\/negozio\/ricambi-vari-stufe-caldaie\/elettronica-per-stufe-e-caldaie-a-pellet\/elettronica-ceza-per-stufe-e-caldaie-a-pellet\/schede-elettroniche-ceza-per-stufe-e-caldaie-a-pellet\/scheda-elettronica-baby-cod-fsecz110p0\/\",\"url\":\"https:\/\/mack4seasons.com\/negozio\/ricambi-vari-stufe-caldaie\/elettronica-per-stufe-e-caldaie-a-pellet\/elettronica-ceza-per-stufe-e-caldaie-a-pellet\/schede-elettroniche-ceza-per-stufe-e-caldaie-a-pellet\/scheda-elettronica-baby-cod-fsecz110p0\/\",\"name\":\"Scheda elettronica Baby per stufe e caldaie a pellet - Codice FSECZ110P0 - Mack4Season\",\"isPartOf\":{\"@id\":\"https:\/\/mack4seasons.com\/#website\"},\"primaryImageOfPage\":{\"@id\":\"https:\/\/mack4seasons.com\/negozio\/ricambi-vari-stufe-caldaie\/elettronica-per-stufe-e-caldaie-a-pellet\/elettronica-ceza-per-stufe-e-caldaie-a-pellet\/schede-elettroniche-ceza-per-stufe-e-caldaie-a-pellet\/scheda-elettronica-baby-cod-fsecz110p0\/#primaryimage\"},\"image\":{\"@id\":\"https:\/\/mack4seasons.com\/negozio\/ricambi-vari-stufe-caldaie\/elettronica-per-stufe-e-caldaie-a-pellet\/elettronica-ceza-per-stufe-e-caldaie-a-pellet\/schede-elettroniche-ceza-per-stufe-e-caldaie-a-pellet\/scheda-elettronica-baby-cod-fsecz110p0\/#primaryimage\"},\"thumbnailUrl\":\"https:\/\/mack4seasons.com\/wp-content\/uploads\/2021\/09\/w-SITO-CEZA-01.jpg\",\"datePublished\":\"2020-01-10T00:00:00+00:00\",\"dateModified\":\"2023-07-06T07:43:36+00:00\",\"breadcrumb\":{\"@id\":\"https:\/\/mack4seasons.com\/negozio\/ricambi-vari-stufe-caldaie\/elettronica-per-stufe-e-caldaie-a-pellet\/elettronica-ceza-per-stufe-e-caldaie-a-pellet\/schede-elettroniche-ceza-per-stufe-e-caldaie-a-pellet\/scheda-elettronica-baby-cod-fsecz110p0\/#breadcrumb\"},\"inLanguage\":\"fr-FR\",\"potentialAction\":[{\"@type\":\"ReadAction\",\"target\":[\"https:\/\/mack4seasons.com\/negozio\/ricambi-vari-stufe-caldaie\/elettronica-per-stufe-e-caldaie-a-pellet\/elettronica-ceza-per-stufe-e-caldaie-a-pellet\/schede-elettroniche-ceza-per-stufe-e-caldaie-a-pellet\/scheda-elettronica-baby-cod-fsecz110p0\/\"]}]},{\"@type\":\"ImageObject\",\"inLanguage\":\"fr-FR\",\"@id\":\"https:\/\/mack4seasons.com\/negozio\/ricambi-vari-stufe-caldaie\/elettronica-per-stufe-e-caldaie-a-pellet\/elettronica-ceza-per-stufe-e-caldaie-a-pellet\/schede-elettroniche-ceza-per-stufe-e-caldaie-a-pellet\/scheda-elettronica-baby-cod-fsecz110p0\/#primaryimage\",\"url\":\"https:\/\/mack4seasons.com\/wp-content\/uploads\/2021\/09\/w-SITO-CEZA-01.jpg\",\"contentUrl\":\"https:\/\/mack4seasons.com\/wp-content\/uploads\/2021\/09\/w-SITO-CEZA-01.jpg\",\"width\":960,\"height\":960},{\"@type\":\"BreadcrumbList\",\"@id\":\"https:\/\/mack4seasons.com\/negozio\/ricambi-vari-stufe-caldaie\/elettronica-per-stufe-e-caldaie-a-pellet\/elettronica-ceza-per-stufe-e-caldaie-a-pellet\/schede-elettroniche-ceza-per-stufe-e-caldaie-a-pellet\/scheda-elettronica-baby-cod-fsecz110p0\/#breadcrumb\",\"itemListElement\":[{\"@type\":\"ListItem\",\"position\":1,\"name\":\"Home\",\"item\":\"https:\/\/mack4seasons.com\/ricambi-accessori-stufe-e-caldaie-pellet\/\"},{\"@type\":\"ListItem\",\"position\":2,\"name\":\"Shop\",\"item\":\"https:\/\/mack4seasons.com\/negozio\/\"},{\"@type\":\"ListItem\",\"position\":3,\"name\":\"Scheda elettronica Baby per stufe e caldaie a pellet &#8211; Codice FSECZ110P0\"}]},{\"@type\":\"WebSite\",\"@id\":\"https:\/\/mack4seasons.com\/#website\",\"url\":\"https:\/\/mack4seasons.com\/\",\"name\":\"Mack4Season\",\"description\":\"Per il comfort termico della tua casa\",\"publisher\":{\"@id\":\"https:\/\/mack4seasons.com\/#organization\"},\"potentialAction\":[{\"@type\":\"SearchAction\",\"target\":{\"@type\":\"EntryPoint\",\"urlTemplate\":\"https:\/\/mack4seasons.com\/?s={search_term_string}\"},\"query-input\":{\"@type\":\"PropertyValueSpecification\",\"valueRequired\":true,\"valueName\":\"search_term_string\"}}],\"inLanguage\":\"fr-FR\"},{\"@type\":\"Organization\",\"@id\":\"https:\/\/mack4seasons.com\/#organization\",\"name\":\"Mack4Season\",\"url\":\"https:\/\/mack4seasons.com\/\",\"logo\":{\"@type\":\"ImageObject\",\"inLanguage\":\"fr-FR\",\"@id\":\"https:\/\/mack4seasons.com\/#\/schema\/logo\/image\/\",\"url\":\"https:\/\/mack4seasons.com\/wp-content\/uploads\/2021\/06\/w-MACK-logo-pantone-02A19E.png\",\"contentUrl\":\"https:\/\/mack4seasons.com\/wp-content\/uploads\/2021\/06\/w-MACK-logo-pantone-02A19E.png\",\"width\":809,\"height\":425,\"caption\":\"Mack4Season\"},\"image\":{\"@id\":\"https:\/\/mack4seasons.com\/#\/schema\/logo\/image\/\"},\"sameAs\":[\"https:\/\/www.facebook.com\/profile.php?id=100075990468585\"]}]}<\/script>\n<!-- \/ Yoast SEO plugin. -->","yoast_head_json":{"title":"Scheda elettronica Baby per stufe e caldaie a pellet - Codice FSECZ110P0 - Mack4Season","robots":{"index":"index","follow":"follow","max-snippet":"max-snippet:-1","max-image-preview":"max-image-preview:large","max-video-preview":"max-video-preview:-1"},"canonical":"https:\/\/mack4seasons.com\/fr\/negozio\/ricambi-vari-stufe-caldaie\/elettronica-per-stufe-e-caldaie-a-pellet\/elettronica-ceza-per-stufe-e-caldaie-a-pellet\/schede-elettroniche-ceza-per-stufe-e-caldaie-a-pellet\/scheda-elettronica-baby-cod-fsecz110p0\/","og_locale":"fr_FR","og_type":"article","og_title":"Scheda elettronica Baby per stufe e caldaie a pellet - Codice FSECZ110P0 - Mack4Season","og_description":"Disponibile","og_url":"https:\/\/mack4seasons.com\/fr\/negozio\/ricambi-vari-stufe-caldaie\/elettronica-per-stufe-e-caldaie-a-pellet\/elettronica-ceza-per-stufe-e-caldaie-a-pellet\/schede-elettroniche-ceza-per-stufe-e-caldaie-a-pellet\/scheda-elettronica-baby-cod-fsecz110p0\/","og_site_name":"Mack4Season","article_publisher":"https:\/\/www.facebook.com\/profile.php?id=100075990468585","article_modified_time":"2023-07-06T07:43:36+00:00","og_image":[{"width":960,"height":960,"url":"https:\/\/mack4seasons.com\/wp-content\/uploads\/2021\/09\/w-SITO-CEZA-01.jpg","type":"image\/jpeg"}],"twitter_card":"summary_large_image","twitter_misc":{"Dur\u00e9e de lecture estim\u00e9e":"1 minute"},"schema":{"@context":"https:\/\/schema.org","@graph":[{"@type":"WebPage","@id":"https:\/\/mack4seasons.com\/negozio\/ricambi-vari-stufe-caldaie\/elettronica-per-stufe-e-caldaie-a-pellet\/elettronica-ceza-per-stufe-e-caldaie-a-pellet\/schede-elettroniche-ceza-per-stufe-e-caldaie-a-pellet\/scheda-elettronica-baby-cod-fsecz110p0\/","url":"https:\/\/mack4seasons.com\/negozio\/ricambi-vari-stufe-caldaie\/elettronica-per-stufe-e-caldaie-a-pellet\/elettronica-ceza-per-stufe-e-caldaie-a-pellet\/schede-elettroniche-ceza-per-stufe-e-caldaie-a-pellet\/scheda-elettronica-baby-cod-fsecz110p0\/","name":"Scheda elettronica Baby per stufe e caldaie a pellet - Codice FSECZ110P0 - Mack4Season","isPartOf":{"@id":"https:\/\/mack4seasons.com\/#website"},"primaryImageOfPage":{"@id":"https:\/\/mack4seasons.com\/negozio\/ricambi-vari-stufe-caldaie\/elettronica-per-stufe-e-caldaie-a-pellet\/elettronica-ceza-per-stufe-e-caldaie-a-pellet\/schede-elettroniche-ceza-per-stufe-e-caldaie-a-pellet\/scheda-elettronica-baby-cod-fsecz110p0\/#primaryimage"},"image":{"@id":"https:\/\/mack4seasons.com\/negozio\/ricambi-vari-stufe-caldaie\/elettronica-per-stufe-e-caldaie-a-pellet\/elettronica-ceza-per-stufe-e-caldaie-a-pellet\/schede-elettroniche-ceza-per-stufe-e-caldaie-a-pellet\/scheda-elettronica-baby-cod-fsecz110p0\/#primaryimage"},"thumbnailUrl":"https:\/\/mack4seasons.com\/wp-content\/uploads\/2021\/09\/w-SITO-CEZA-01.jpg","datePublished":"2020-01-10T00:00:00+00:00","dateModified":"2023-07-06T07:43:36+00:00","breadcrumb":{"@id":"https:\/\/mack4seasons.com\/negozio\/ricambi-vari-stufe-caldaie\/elettronica-per-stufe-e-caldaie-a-pellet\/elettronica-ceza-per-stufe-e-caldaie-a-pellet\/schede-elettroniche-ceza-per-stufe-e-caldaie-a-pellet\/scheda-elettronica-baby-cod-fsecz110p0\/#breadcrumb"},"inLanguage":"fr-FR","potentialAction":[{"@type":"ReadAction","target":["https:\/\/mack4seasons.com\/negozio\/ricambi-vari-stufe-caldaie\/elettronica-per-stufe-e-caldaie-a-pellet\/elettronica-ceza-per-stufe-e-caldaie-a-pellet\/schede-elettroniche-ceza-per-stufe-e-caldaie-a-pellet\/scheda-elettronica-baby-cod-fsecz110p0\/"]}]},{"@type":"ImageObject","inLanguage":"fr-FR","@id":"https:\/\/mack4seasons.com\/negozio\/ricambi-vari-stufe-caldaie\/elettronica-per-stufe-e-caldaie-a-pellet\/elettronica-ceza-per-stufe-e-caldaie-a-pellet\/schede-elettroniche-ceza-per-stufe-e-caldaie-a-pellet\/scheda-elettronica-baby-cod-fsecz110p0\/#primaryimage","url":"https:\/\/mack4seasons.com\/wp-content\/uploads\/2021\/09\/w-SITO-CEZA-01.jpg","contentUrl":"https:\/\/mack4seasons.com\/wp-content\/uploads\/2021\/09\/w-SITO-CEZA-01.jpg","width":960,"height":960},{"@type":"BreadcrumbList","@id":"https:\/\/mack4seasons.com\/negozio\/ricambi-vari-stufe-caldaie\/elettronica-per-stufe-e-caldaie-a-pellet\/elettronica-ceza-per-stufe-e-caldaie-a-pellet\/schede-elettroniche-ceza-per-stufe-e-caldaie-a-pellet\/scheda-elettronica-baby-cod-fsecz110p0\/#breadcrumb","itemListElement":[{"@type":"ListItem","position":1,"name":"Home","item":"https:\/\/mack4seasons.com\/ricambi-accessori-stufe-e-caldaie-pellet\/"},{"@type":"ListItem","position":2,"name":"Shop","item":"https:\/\/mack4seasons.com\/negozio\/"},{"@type":"ListItem","position":3,"name":"Scheda elettronica Baby per stufe e caldaie a pellet &#8211; Codice FSECZ110P0"}]},{"@type":"WebSite","@id":"https:\/\/mack4seasons.com\/#website","url":"https:\/\/mack4seasons.com\/","name":"Mack4Season","description":"Pour le confort thermique de votre maison","publisher":{"@id":"https:\/\/mack4seasons.com\/#organization"},"potentialAction":[{"@type":"SearchAction","target":{"@type":"EntryPoint","urlTemplate":"https:\/\/mack4seasons.com\/?s={search_term_string}"},"query-input":{"@type":"PropertyValueSpecification","valueRequired":true,"valueName":"search_term_string"}}],"inLanguage":"fr-FR"},{"@type":"Organization","@id":"https:\/\/mack4seasons.com\/#organization","name":"Mack4Season","url":"https:\/\/mack4seasons.com\/","logo":{"@type":"ImageObject","inLanguage":"fr-FR","@id":"https:\/\/mack4seasons.com\/#\/schema\/logo\/image\/","url":"https:\/\/mack4seasons.com\/wp-content\/uploads\/2021\/06\/w-MACK-logo-pantone-02A19E.png","contentUrl":"https:\/\/mack4seasons.com\/wp-content\/uploads\/2021\/06\/w-MACK-logo-pantone-02A19E.png","width":809,"height":425,"caption":"Mack4Season"},"image":{"@id":"https:\/\/mack4seasons.com\/#\/schema\/logo\/image\/"},"sameAs":["https:\/\/www.facebook.com\/profile.php?id=100075990468585"]}]}},"_links":{"self":[{"href":"https:\/\/mack4seasons.com\/fr\/wp-json\/wp\/v2\/product\/12505","targetHints":{"allow":["GET"]}}],"collection":[{"href":"https:\/\/mack4seasons.com\/fr\/wp-json\/wp\/v2\/product"}],"about":[{"href":"https:\/\/mack4seasons.com\/fr\/wp-json\/wp\/v2\/types\/product"}],"wp:featuredmedia":[{"embeddable":true,"href":"https:\/\/mack4seasons.com\/fr\/wp-json\/wp\/v2\/media\/12662"}],"wp:attachment":[{"href":"https:\/\/mack4seasons.com\/fr\/wp-json\/wp\/v2\/media?parent=12505"}],"wp:term":[{"taxonomy":"product_brand","embeddable":true,"href":"https:\/\/mack4seasons.com\/fr\/wp-json\/wp\/v2\/product_brand?post=12505"},{"taxonomy":"product_cat","embeddable":true,"href":"https:\/\/mack4seasons.com\/fr\/wp-json\/wp\/v2\/product_cat?post=12505"},{"taxonomy":"product_tag","embeddable":true,"href":"https:\/\/mack4seasons.com\/fr\/wp-json\/wp\/v2\/product_tag?post=12505"}],"curies":[{"name":"wp","href":"https:\/\/api.w.org\/{rel}","templated":true}]}}