{"id":12344,"date":"2021-02-09T08:02:00","date_gmt":"2021-02-09T08:02:00","guid":{"rendered":"https:\/\/mack4seasons.com\/?post_type=product&#038;p=12344"},"modified":"2024-02-15T09:57:42","modified_gmt":"2024-02-15T09:57:42","slug":"estrattore-fumi-fandis-cod-fnds025-ventola-o-150-mm-altezza-ventola-25-mm-numero-di-giri-2700-3015-rpm-potenza-23-27-watt","status":"publish","type":"product","link":"https:\/\/mack4seasons.com\/fr\/negozio\/ricambi-vari-stufe-caldaie\/estrattori-fumo-per-stufe-e-caldaie-a-pellet\/estrattori-fumo-fandis-rotore-esterno\/estrattore-fumi-fandis-cod-fnds025-ventola-o-150-mm-altezza-ventola-25-mm-numero-di-giri-2700-3015-rpm-potenza-23-27-watt\/","title":{"rendered":"Estrattore fumi Fandis &#8211; Codice FNDS025 &#8211; Ventola \u00f8 150 mm &#8211; Altezza ventola 25 mm"},"content":{"rendered":"<hr \/>\n<h3>Extracteur de fum\u00e9e Fandis ventilateur H 25 mm<\/h3>\n<p>Code FNDS025<\/p>\n<p>Extracteur - Aspirateur de fum\u00e9es pour po\u00eales \u00e0 pellets avec moteur Ecofit 2-Reca-3<\/p>\n<p>Ventilateur \u00f8 150 mm<\/p>\n<p>Hauteur du ventilateur : 25 mm<\/p>\n<p>Numero di giri : 2700 &#8211; 3015 RPM<\/p>\n<p>Puissance : 23 - 27 Watt<\/p>\n<p>Capteur d\u2019effet Hall inclus<\/p>\n<h3>\ud83d\udd25 Compatibile con:<\/h3>\n<p>RAVELLI ref. 55000-RK mod. HR100 &#8211; HRV120 ver.2 &#8211; HRV135 ver.2 &#8211; HRB160 &#8211; HRV160 12 &#8211; HRevo 18 &#8211; HRV170 &#8211; Spillo &#8211; Aurora &#8211; HRV120 Style &#8211; Evavision &#8211; Snella ver.2 &#8211; HRevo 14 &#8211; HR160 &#8211; Snella &#8211; R70 &#8211; RC70 2014 &#8211; Monica &#8211; Flavia 2014 &#8211; Lisa plus 14 &#8211; Vera canvent &#8211; Snellina &#8211; HRV160 2014 &#8211; HRevo18 Touch- RCV1000 &#8211; HR70 &#8211; HRevo14 Touch &#8211; HRB120 &#8211; Holly Style &#8211; Soffio &#8211; Aria &#8211; RV80 2015 &#8211; RCV1000 2015 &#8211; Natural 7\/9 &#8211; HRV160 Touch &#8211; Vittoria aircan &#8211; HR evo Slim &#8211; Natural 11 &#8211; Chiara<br \/>\nCLAM Cod. 05011383 Mod. Suez+<br \/>\nCLAM cod. 05012131 Mod. Atlas &#8211; Mizar &#8211; Small &#8211; Tower+ &#8211; Suez Idro Air Power &#8211; Molina EVO &#8211; Termofavilla TP 18<br \/>\nCLAM cod. 05011196 Mod. Sirio &#8211; Sirio+ &#8211; Astra &#8211; Astra+ &#8211; Venere &#8211; Venere+ &#8211; Vega &#8211; Vega+<br \/>\nDEVILLE ref. D0026580 mod. Armen &#8211; Cordouan &#8211; Faraman &#8211; Frehel &#8211; Kereon &#8211; Kereon 2 &#8211; Kermorvan &#8211; Penlan &#8211; Penmen<br \/>\nECOTECK ref. 20000-25-001-RK<br \/>\nECOTECK ref. 55000-RK<br \/>\nEDILKAMIN ref. 773450 mod. Ania &#8211; Dame &#8211; Demy &#8211; Lou &#8211; Nea<br \/>\nKARMEK ONE ref. SML506-01 mod. Alice &#8211; Amelia &#8211; Barcellona &#8211; Berlino &#8211; Elena &#8211; Greta &#8211; Linda &#8211; Marylin &#8211; Roma &#8211; Samantha &#8211; Saturno<br \/>\nKARMEK ONE ref. SML506-02 mod. Siviglia acciaio<br \/>\nRAVELLI ref. 20000-25-001-RK Per tutti i modelli con connettore 9 e 3 poli. Sostituisce il cod. 20000-24-101<br \/>\nRAVELLI ref. &#8211; 20000-24-101 nod. Olivia<br \/>\nPUROS<br \/>\nPALAZZETTI<\/p>\n<p>&nbsp;<\/p>\n<h3>Les avantages de MACK FOUR SEASONS :<\/h3>\n<p>MACK FOUR SEASONS peut \u00e9galement fournir une gamme d\u2019accessoires et de pi\u00e8ces de rechange et de composants pour tous les po\u00eales et chaudi\u00e8res \u00e0 pellets pr\u00e9sents sur le march\u00e9.<br \/>\nVous trouverez sur notre e-commerce toujours disponible en stock toutes les pi\u00e8ces de premi\u00e8re n\u00e9cessit\u00e9.<br \/>\nLe personnel de MACK FOUR SEASONS a \u00e9t\u00e9 form\u00e9 avec soin pour vous aider \u00e0 identifier les \u00e9ventuels composants \u00e0 remplacer en offrant une assistance t\u00e9l\u00e9phonique en fran\u00e7ais, anglais, roumain et italien.<br \/>\nMACK FOUR SEASONS<br \/>\nN\u2019h\u00e9sitez pas \u00e0 nous contacter pour toute information.<\/p>\n<p>&nbsp;<\/p>\n<p>&nbsp;<\/p>","protected":false},"excerpt":{"rendered":"<hr \/>\n<h2><span style=\"color: 77a464;\">Disponible<\/span><\/h2>","protected":false},"featured_media":17558,"template":"","meta":[],"product_brand":[],"product_cat":[938,941,812],"product_tag":[],"class_list":{"0":"post-12344","1":"product","2":"type-product","3":"status-publish","4":"has-post-thumbnail","6":"product_cat-estrattori-fumo-per-stufe-e-caldaie-a-pellet","7":"product_cat-estrattori-fumo-fandis-rotore-esterno","8":"product_cat-ricambi-vari-stufe-caldaie","9":"product_shipping_class-classe-di-spedizione-02","11":"first","12":"instock","13":"taxable","14":"shipping-taxable","15":"purchasable","16":"product-type-simple"},"yoast_head":"<!-- This site is optimized with the Yoast SEO plugin v26.3 - https:\/\/yoast.com\/wordpress\/plugins\/seo\/ -->\n<title>Estrattore fumi Fandis ventola H 25 mm - Mack4Season<\/title>\n<meta name=\"description\" content=\"Estrattore fumi Fandis ventola H 25 mm, Estrazzione fumi Fandis ventola H 25 mm,Estrattore fumi Ecofit Fandis ventola H 25 mm\" \/>\n<meta name=\"robots\" content=\"index, follow, max-snippet:-1, max-image-preview:large, max-video-preview:-1\" \/>\n<link rel=\"canonical\" href=\"https:\/\/mack4seasons.com\/fr\/negozio\/ricambi-vari-stufe-caldaie\/estrattori-fumo-per-stufe-e-caldaie-a-pellet\/estrattori-fumo-fandis-rotore-esterno\/estrattore-fumi-fandis-cod-fnds025-ventola-o-150-mm-altezza-ventola-25-mm-numero-di-giri-2700-3015-rpm-potenza-23-27-watt\/\" \/>\n<meta property=\"og:locale\" content=\"fr_FR\" \/>\n<meta property=\"og:type\" content=\"article\" \/>\n<meta property=\"og:title\" content=\"Estrattore fumi Fandis ventola H 25 mm - Mack4Season\" \/>\n<meta property=\"og:description\" content=\"Estrattore fumi Fandis ventola H 25 mm, Estrazzione fumi Fandis ventola H 25 mm,Estrattore fumi Ecofit Fandis ventola H 25 mm\" \/>\n<meta property=\"og:url\" content=\"https:\/\/mack4seasons.com\/fr\/negozio\/ricambi-vari-stufe-caldaie\/estrattori-fumo-per-stufe-e-caldaie-a-pellet\/estrattori-fumo-fandis-rotore-esterno\/estrattore-fumi-fandis-cod-fnds025-ventola-o-150-mm-altezza-ventola-25-mm-numero-di-giri-2700-3015-rpm-potenza-23-27-watt\/\" \/>\n<meta property=\"og:site_name\" content=\"Mack4Season\" \/>\n<meta property=\"article:publisher\" content=\"https:\/\/www.facebook.com\/profile.php?id=100075990468585\" \/>\n<meta property=\"article:modified_time\" content=\"2024-02-15T09:57:42+00:00\" \/>\n<meta property=\"og:image\" content=\"https:\/\/mack4seasons.com\/wp-content\/uploads\/2021\/02\/MS-FNDS025.jpg\" \/>\n\t<meta property=\"og:image:width\" content=\"960\" \/>\n\t<meta property=\"og:image:height\" content=\"960\" \/>\n\t<meta property=\"og:image:type\" content=\"image\/jpeg\" \/>\n<meta name=\"twitter:card\" content=\"summary_large_image\" \/>\n<meta name=\"twitter:label1\" content=\"Dur\u00e9e de lecture estim\u00e9e\" \/>\n\t<meta name=\"twitter:data1\" content=\"2 minutes\" \/>\n<script type=\"application\/ld+json\" class=\"yoast-schema-graph\">{\"@context\":\"https:\/\/schema.org\",\"@graph\":[{\"@type\":\"WebPage\",\"@id\":\"https:\/\/mack4seasons.com\/negozio\/ricambi-vari-stufe-caldaie\/estrattori-fumo-per-stufe-e-caldaie-a-pellet\/estrattori-fumo-fandis-rotore-esterno\/estrattore-fumi-fandis-cod-fnds025-ventola-o-150-mm-altezza-ventola-25-mm-numero-di-giri-2700-3015-rpm-potenza-23-27-watt\/\",\"url\":\"https:\/\/mack4seasons.com\/negozio\/ricambi-vari-stufe-caldaie\/estrattori-fumo-per-stufe-e-caldaie-a-pellet\/estrattori-fumo-fandis-rotore-esterno\/estrattore-fumi-fandis-cod-fnds025-ventola-o-150-mm-altezza-ventola-25-mm-numero-di-giri-2700-3015-rpm-potenza-23-27-watt\/\",\"name\":\"Estrattore fumi Fandis ventola H 25 mm - Mack4Season\",\"isPartOf\":{\"@id\":\"https:\/\/mack4seasons.com\/#website\"},\"primaryImageOfPage\":{\"@id\":\"https:\/\/mack4seasons.com\/negozio\/ricambi-vari-stufe-caldaie\/estrattori-fumo-per-stufe-e-caldaie-a-pellet\/estrattori-fumo-fandis-rotore-esterno\/estrattore-fumi-fandis-cod-fnds025-ventola-o-150-mm-altezza-ventola-25-mm-numero-di-giri-2700-3015-rpm-potenza-23-27-watt\/#primaryimage\"},\"image\":{\"@id\":\"https:\/\/mack4seasons.com\/negozio\/ricambi-vari-stufe-caldaie\/estrattori-fumo-per-stufe-e-caldaie-a-pellet\/estrattori-fumo-fandis-rotore-esterno\/estrattore-fumi-fandis-cod-fnds025-ventola-o-150-mm-altezza-ventola-25-mm-numero-di-giri-2700-3015-rpm-potenza-23-27-watt\/#primaryimage\"},\"thumbnailUrl\":\"https:\/\/mack4seasons.com\/wp-content\/uploads\/2021\/02\/MS-FNDS025.jpg\",\"datePublished\":\"2021-02-09T08:02:00+00:00\",\"dateModified\":\"2024-02-15T09:57:42+00:00\",\"description\":\"Estrattore fumi Fandis ventola H 25 mm, Estrazzione fumi Fandis ventola H 25 mm,Estrattore fumi Ecofit Fandis ventola H 25 mm\",\"breadcrumb\":{\"@id\":\"https:\/\/mack4seasons.com\/negozio\/ricambi-vari-stufe-caldaie\/estrattori-fumo-per-stufe-e-caldaie-a-pellet\/estrattori-fumo-fandis-rotore-esterno\/estrattore-fumi-fandis-cod-fnds025-ventola-o-150-mm-altezza-ventola-25-mm-numero-di-giri-2700-3015-rpm-potenza-23-27-watt\/#breadcrumb\"},\"inLanguage\":\"fr-FR\",\"potentialAction\":[{\"@type\":\"ReadAction\",\"target\":[\"https:\/\/mack4seasons.com\/negozio\/ricambi-vari-stufe-caldaie\/estrattori-fumo-per-stufe-e-caldaie-a-pellet\/estrattori-fumo-fandis-rotore-esterno\/estrattore-fumi-fandis-cod-fnds025-ventola-o-150-mm-altezza-ventola-25-mm-numero-di-giri-2700-3015-rpm-potenza-23-27-watt\/\"]}]},{\"@type\":\"ImageObject\",\"inLanguage\":\"fr-FR\",\"@id\":\"https:\/\/mack4seasons.com\/negozio\/ricambi-vari-stufe-caldaie\/estrattori-fumo-per-stufe-e-caldaie-a-pellet\/estrattori-fumo-fandis-rotore-esterno\/estrattore-fumi-fandis-cod-fnds025-ventola-o-150-mm-altezza-ventola-25-mm-numero-di-giri-2700-3015-rpm-potenza-23-27-watt\/#primaryimage\",\"url\":\"https:\/\/mack4seasons.com\/wp-content\/uploads\/2021\/02\/MS-FNDS025.jpg\",\"contentUrl\":\"https:\/\/mack4seasons.com\/wp-content\/uploads\/2021\/02\/MS-FNDS025.jpg\",\"width\":960,\"height\":960,\"caption\":\"Estrattore fumi Fandis - Codice FNDS025 - Ventola \u00f8 150 mm - Altezza ventola 25 mm\"},{\"@type\":\"BreadcrumbList\",\"@id\":\"https:\/\/mack4seasons.com\/negozio\/ricambi-vari-stufe-caldaie\/estrattori-fumo-per-stufe-e-caldaie-a-pellet\/estrattori-fumo-fandis-rotore-esterno\/estrattore-fumi-fandis-cod-fnds025-ventola-o-150-mm-altezza-ventola-25-mm-numero-di-giri-2700-3015-rpm-potenza-23-27-watt\/#breadcrumb\",\"itemListElement\":[{\"@type\":\"ListItem\",\"position\":1,\"name\":\"Home\",\"item\":\"https:\/\/mack4seasons.com\/ricambi-accessori-stufe-e-caldaie-pellet\/\"},{\"@type\":\"ListItem\",\"position\":2,\"name\":\"Shop\",\"item\":\"https:\/\/mack4seasons.com\/negozio\/\"},{\"@type\":\"ListItem\",\"position\":3,\"name\":\"Estrattore fumi Fandis &#8211; Codice FNDS025 &#8211; Ventola \u00f8 150 mm &#8211; Altezza ventola 25 mm\"}]},{\"@type\":\"WebSite\",\"@id\":\"https:\/\/mack4seasons.com\/#website\",\"url\":\"https:\/\/mack4seasons.com\/\",\"name\":\"Mack4Season\",\"description\":\"Per il comfort termico della tua casa\",\"publisher\":{\"@id\":\"https:\/\/mack4seasons.com\/#organization\"},\"potentialAction\":[{\"@type\":\"SearchAction\",\"target\":{\"@type\":\"EntryPoint\",\"urlTemplate\":\"https:\/\/mack4seasons.com\/?s={search_term_string}\"},\"query-input\":{\"@type\":\"PropertyValueSpecification\",\"valueRequired\":true,\"valueName\":\"search_term_string\"}}],\"inLanguage\":\"fr-FR\"},{\"@type\":\"Organization\",\"@id\":\"https:\/\/mack4seasons.com\/#organization\",\"name\":\"Mack4Season\",\"url\":\"https:\/\/mack4seasons.com\/\",\"logo\":{\"@type\":\"ImageObject\",\"inLanguage\":\"fr-FR\",\"@id\":\"https:\/\/mack4seasons.com\/#\/schema\/logo\/image\/\",\"url\":\"https:\/\/mack4seasons.com\/wp-content\/uploads\/2021\/06\/w-MACK-logo-pantone-02A19E.png\",\"contentUrl\":\"https:\/\/mack4seasons.com\/wp-content\/uploads\/2021\/06\/w-MACK-logo-pantone-02A19E.png\",\"width\":809,\"height\":425,\"caption\":\"Mack4Season\"},\"image\":{\"@id\":\"https:\/\/mack4seasons.com\/#\/schema\/logo\/image\/\"},\"sameAs\":[\"https:\/\/www.facebook.com\/profile.php?id=100075990468585\"]}]}<\/script>\n<!-- \/ Yoast SEO plugin. -->","yoast_head_json":{"title":"Estrattore fumi Fandis ventola H 25 mm - Mack4Season","description":"Estrattore fumi Fandis ventola H 25 mm, Estrazzione fumi Fandis ventola H 25 mm,Estrattore fumi Ecofit Fandis ventola H 25 mm","robots":{"index":"index","follow":"follow","max-snippet":"max-snippet:-1","max-image-preview":"max-image-preview:large","max-video-preview":"max-video-preview:-1"},"canonical":"https:\/\/mack4seasons.com\/fr\/negozio\/ricambi-vari-stufe-caldaie\/estrattori-fumo-per-stufe-e-caldaie-a-pellet\/estrattori-fumo-fandis-rotore-esterno\/estrattore-fumi-fandis-cod-fnds025-ventola-o-150-mm-altezza-ventola-25-mm-numero-di-giri-2700-3015-rpm-potenza-23-27-watt\/","og_locale":"fr_FR","og_type":"article","og_title":"Estrattore fumi Fandis ventola H 25 mm - Mack4Season","og_description":"Estrattore fumi Fandis ventola H 25 mm, Estrazzione fumi Fandis ventola H 25 mm,Estrattore fumi Ecofit Fandis ventola H 25 mm","og_url":"https:\/\/mack4seasons.com\/fr\/negozio\/ricambi-vari-stufe-caldaie\/estrattori-fumo-per-stufe-e-caldaie-a-pellet\/estrattori-fumo-fandis-rotore-esterno\/estrattore-fumi-fandis-cod-fnds025-ventola-o-150-mm-altezza-ventola-25-mm-numero-di-giri-2700-3015-rpm-potenza-23-27-watt\/","og_site_name":"Mack4Season","article_publisher":"https:\/\/www.facebook.com\/profile.php?id=100075990468585","article_modified_time":"2024-02-15T09:57:42+00:00","og_image":[{"width":960,"height":960,"url":"https:\/\/mack4seasons.com\/wp-content\/uploads\/2021\/02\/MS-FNDS025.jpg","type":"image\/jpeg"}],"twitter_card":"summary_large_image","twitter_misc":{"Dur\u00e9e de lecture estim\u00e9e":"2 minutes"},"schema":{"@context":"https:\/\/schema.org","@graph":[{"@type":"WebPage","@id":"https:\/\/mack4seasons.com\/negozio\/ricambi-vari-stufe-caldaie\/estrattori-fumo-per-stufe-e-caldaie-a-pellet\/estrattori-fumo-fandis-rotore-esterno\/estrattore-fumi-fandis-cod-fnds025-ventola-o-150-mm-altezza-ventola-25-mm-numero-di-giri-2700-3015-rpm-potenza-23-27-watt\/","url":"https:\/\/mack4seasons.com\/negozio\/ricambi-vari-stufe-caldaie\/estrattori-fumo-per-stufe-e-caldaie-a-pellet\/estrattori-fumo-fandis-rotore-esterno\/estrattore-fumi-fandis-cod-fnds025-ventola-o-150-mm-altezza-ventola-25-mm-numero-di-giri-2700-3015-rpm-potenza-23-27-watt\/","name":"Estrattore fumi Fandis ventola H 25 mm - Mack4Season","isPartOf":{"@id":"https:\/\/mack4seasons.com\/#website"},"primaryImageOfPage":{"@id":"https:\/\/mack4seasons.com\/negozio\/ricambi-vari-stufe-caldaie\/estrattori-fumo-per-stufe-e-caldaie-a-pellet\/estrattori-fumo-fandis-rotore-esterno\/estrattore-fumi-fandis-cod-fnds025-ventola-o-150-mm-altezza-ventola-25-mm-numero-di-giri-2700-3015-rpm-potenza-23-27-watt\/#primaryimage"},"image":{"@id":"https:\/\/mack4seasons.com\/negozio\/ricambi-vari-stufe-caldaie\/estrattori-fumo-per-stufe-e-caldaie-a-pellet\/estrattori-fumo-fandis-rotore-esterno\/estrattore-fumi-fandis-cod-fnds025-ventola-o-150-mm-altezza-ventola-25-mm-numero-di-giri-2700-3015-rpm-potenza-23-27-watt\/#primaryimage"},"thumbnailUrl":"https:\/\/mack4seasons.com\/wp-content\/uploads\/2021\/02\/MS-FNDS025.jpg","datePublished":"2021-02-09T08:02:00+00:00","dateModified":"2024-02-15T09:57:42+00:00","description":"Estrattore fumi Fandis ventola H 25 mm, Estrazzione fumi Fandis ventola H 25 mm,Estrattore fumi Ecofit Fandis ventola H 25 mm","breadcrumb":{"@id":"https:\/\/mack4seasons.com\/negozio\/ricambi-vari-stufe-caldaie\/estrattori-fumo-per-stufe-e-caldaie-a-pellet\/estrattori-fumo-fandis-rotore-esterno\/estrattore-fumi-fandis-cod-fnds025-ventola-o-150-mm-altezza-ventola-25-mm-numero-di-giri-2700-3015-rpm-potenza-23-27-watt\/#breadcrumb"},"inLanguage":"fr-FR","potentialAction":[{"@type":"ReadAction","target":["https:\/\/mack4seasons.com\/negozio\/ricambi-vari-stufe-caldaie\/estrattori-fumo-per-stufe-e-caldaie-a-pellet\/estrattori-fumo-fandis-rotore-esterno\/estrattore-fumi-fandis-cod-fnds025-ventola-o-150-mm-altezza-ventola-25-mm-numero-di-giri-2700-3015-rpm-potenza-23-27-watt\/"]}]},{"@type":"ImageObject","inLanguage":"fr-FR","@id":"https:\/\/mack4seasons.com\/negozio\/ricambi-vari-stufe-caldaie\/estrattori-fumo-per-stufe-e-caldaie-a-pellet\/estrattori-fumo-fandis-rotore-esterno\/estrattore-fumi-fandis-cod-fnds025-ventola-o-150-mm-altezza-ventola-25-mm-numero-di-giri-2700-3015-rpm-potenza-23-27-watt\/#primaryimage","url":"https:\/\/mack4seasons.com\/wp-content\/uploads\/2021\/02\/MS-FNDS025.jpg","contentUrl":"https:\/\/mack4seasons.com\/wp-content\/uploads\/2021\/02\/MS-FNDS025.jpg","width":960,"height":960,"caption":"Estrattore fumi Fandis - Codice FNDS025 - Ventola \u00f8 150 mm - Altezza ventola 25 mm"},{"@type":"BreadcrumbList","@id":"https:\/\/mack4seasons.com\/negozio\/ricambi-vari-stufe-caldaie\/estrattori-fumo-per-stufe-e-caldaie-a-pellet\/estrattori-fumo-fandis-rotore-esterno\/estrattore-fumi-fandis-cod-fnds025-ventola-o-150-mm-altezza-ventola-25-mm-numero-di-giri-2700-3015-rpm-potenza-23-27-watt\/#breadcrumb","itemListElement":[{"@type":"ListItem","position":1,"name":"Home","item":"https:\/\/mack4seasons.com\/ricambi-accessori-stufe-e-caldaie-pellet\/"},{"@type":"ListItem","position":2,"name":"Shop","item":"https:\/\/mack4seasons.com\/negozio\/"},{"@type":"ListItem","position":3,"name":"Estrattore fumi Fandis &#8211; Codice FNDS025 &#8211; Ventola \u00f8 150 mm &#8211; Altezza ventola 25 mm"}]},{"@type":"WebSite","@id":"https:\/\/mack4seasons.com\/#website","url":"https:\/\/mack4seasons.com\/","name":"Mack4Season","description":"Pour le confort thermique de votre maison","publisher":{"@id":"https:\/\/mack4seasons.com\/#organization"},"potentialAction":[{"@type":"SearchAction","target":{"@type":"EntryPoint","urlTemplate":"https:\/\/mack4seasons.com\/?s={search_term_string}"},"query-input":{"@type":"PropertyValueSpecification","valueRequired":true,"valueName":"search_term_string"}}],"inLanguage":"fr-FR"},{"@type":"Organization","@id":"https:\/\/mack4seasons.com\/#organization","name":"Mack4Season","url":"https:\/\/mack4seasons.com\/","logo":{"@type":"ImageObject","inLanguage":"fr-FR","@id":"https:\/\/mack4seasons.com\/#\/schema\/logo\/image\/","url":"https:\/\/mack4seasons.com\/wp-content\/uploads\/2021\/06\/w-MACK-logo-pantone-02A19E.png","contentUrl":"https:\/\/mack4seasons.com\/wp-content\/uploads\/2021\/06\/w-MACK-logo-pantone-02A19E.png","width":809,"height":425,"caption":"Mack4Season"},"image":{"@id":"https:\/\/mack4seasons.com\/#\/schema\/logo\/image\/"},"sameAs":["https:\/\/www.facebook.com\/profile.php?id=100075990468585"]}]}},"_links":{"self":[{"href":"https:\/\/mack4seasons.com\/fr\/wp-json\/wp\/v2\/product\/12344","targetHints":{"allow":["GET"]}}],"collection":[{"href":"https:\/\/mack4seasons.com\/fr\/wp-json\/wp\/v2\/product"}],"about":[{"href":"https:\/\/mack4seasons.com\/fr\/wp-json\/wp\/v2\/types\/product"}],"wp:featuredmedia":[{"embeddable":true,"href":"https:\/\/mack4seasons.com\/fr\/wp-json\/wp\/v2\/media\/17558"}],"wp:attachment":[{"href":"https:\/\/mack4seasons.com\/fr\/wp-json\/wp\/v2\/media?parent=12344"}],"wp:term":[{"taxonomy":"product_brand","embeddable":true,"href":"https:\/\/mack4seasons.com\/fr\/wp-json\/wp\/v2\/product_brand?post=12344"},{"taxonomy":"product_cat","embeddable":true,"href":"https:\/\/mack4seasons.com\/fr\/wp-json\/wp\/v2\/product_cat?post=12344"},{"taxonomy":"product_tag","embeddable":true,"href":"https:\/\/mack4seasons.com\/fr\/wp-json\/wp\/v2\/product_tag?post=12344"}],"curies":[{"name":"wp","href":"https:\/\/api.w.org\/{rel}","templated":true}]}}