{"id":11934,"date":"2020-01-10T00:00:00","date_gmt":"2020-01-10T00:00:00","guid":{"rendered":"https:\/\/mack4seasons.com\/?post_type=product&#038;p=11934"},"modified":"2024-05-09T08:04:05","modified_gmt":"2024-05-09T08:04:05","slug":"candeletta-lineare-cod-elt60028-o-125-mm-250-watt-lunghezza-cavi-500-mm-lunghezza-totale-150-mm","status":"publish","type":"product","link":"https:\/\/mack4seasons.com\/fr\/negozio\/ricambi-vari-stufe-caldaie\/candelette\/candelette-lineari-o-12-5-mm\/candeletta-lineare-cod-elt60028-o-125-mm-250-watt-lunghezza-cavi-500-mm-lunghezza-totale-150-mm\/","title":{"rendered":"Bougies de pr\u00e9chauffage lin\u00e9aires pour po\u00eales et chaudi\u00e8res \u00e0 pellets - Code ELT60028 - \u00f8 12,5 mm  - 250 Watt - Longueur c\u00e2ble 500 mm - Longueur totale 150 mm"},"content":{"rendered":"<hr \/>\n<h3>Bougie lin\u00e9aire pour po\u00eales et chaudi\u00e8res \u00e0 pellets<\/h3>\n<p>Code ELT60028<\/p>\n<p>\u00f8 12,5 mm<\/p>\n<p>Longueur totale : 150 mm<\/p>\n<p>Puissances : 250 W<\/p>\n<p>Longueur c\u00e2ble 500 mm<\/p>\n<h3>Interchangeable avec les mod\u00e8les de bougies de pr\u00e9chauffage suivants :<\/h3>\n<p>HT62702<\/p>\n<h3>Les avantages de MACK FOUR SEASONS :<\/h3>\n<p>Quels sont les avantages des bougies, des r\u00e9sistances ou des cartouches d\u2019allumage pour les po\u00eales \u00e0 pellets commercialis\u00e9s par MACK FOUR SEASONS :<br \/>\nNous tenons \u00e0 pr\u00e9ciser que les bougies que nous vous proposons sont fabriqu\u00e9es en Europe, ont une protection brevet\u00e9e qui la prot\u00e8ge des variations thermiques.<br \/>\nS\u00e9curit\u00e9 maximale (pas de risque de surchauffe, de br\u00fblure ou d\u2019incendie)<br \/>\nUtilisation de toute la longueur comme partie chauffante.<br \/>\nMeilleure circulation et r\u00e9duction du temps pour atteindre la temp\u00e9rature de fonctionnement<br \/>\nMACK FOUR SEASONS peut \u00e9galement fournir une gamme d\u2019accessoires et de pi\u00e8ces de rechange et de composants pour tous les po\u00eales et chaudi\u00e8res \u00e0 pellets pr\u00e9sents sur le march\u00e9.<br \/>\nVous trouverez sur notre e-commerce toujours disponible en stock toutes les pi\u00e8ces de premi\u00e8re n\u00e9cessit\u00e9.<br \/>\nLe personnel de MACK FOUR SEASONS a \u00e9t\u00e9 form\u00e9 avec soin pour vous aider \u00e0 identifier les \u00e9ventuels composants \u00e0 remplacer en offrant une assistance t\u00e9l\u00e9phonique en fran\u00e7ais, anglais, roumain et italien.<br \/>\nMACK FOUR SEASONS<br \/>\nN\u2019h\u00e9sitez pas \u00e0 nous contacter pour toute information.<\/p>","protected":false},"excerpt":{"rendered":"<hr \/>\n<h2><span style=\"color: 77a464;\">Disponible<\/span><\/h2>","protected":false},"featured_media":17478,"template":"","meta":[],"product_brand":[],"product_cat":[813,880,812],"product_tag":[51],"class_list":{"0":"post-11934","1":"product","2":"type-product","3":"status-publish","4":"has-post-thumbnail","6":"product_cat-candelette","7":"product_cat-candelette-lineari-o-12-5-mm","8":"product_cat-ricambi-vari-stufe-caldaie","9":"product_tag-thermorossi","10":"product_shipping_class-classe-di-spedizione-01","12":"first","13":"instock","14":"taxable","15":"shipping-taxable","16":"purchasable","17":"product-type-simple"},"yoast_head":"<!-- This site is optimized with the Yoast SEO plugin v26.3 - https:\/\/yoast.com\/wordpress\/plugins\/seo\/ -->\n<title>Candeletta lineare per stufe e caldaie a pellet - Mack4Season<\/title>\n<meta name=\"description\" content=\"Resistenza lineare per stufe e caldaie a pellet, Cartuccia accensione lineare \u00f8 12,5 mm per stufe e termostufe a pellet\" \/>\n<meta name=\"robots\" content=\"index, follow, max-snippet:-1, max-image-preview:large, max-video-preview:-1\" \/>\n<link rel=\"canonical\" href=\"https:\/\/mack4seasons.com\/fr\/negozio\/ricambi-vari-stufe-caldaie\/candelette\/candelette-lineari-o-12-5-mm\/candeletta-lineare-cod-elt60028-o-125-mm-250-watt-lunghezza-cavi-500-mm-lunghezza-totale-150-mm\/\" \/>\n<meta property=\"og:locale\" content=\"fr_FR\" \/>\n<meta property=\"og:type\" content=\"article\" \/>\n<meta property=\"og:title\" content=\"Candeletta lineare per stufe e caldaie a pellet - Mack4Season\" \/>\n<meta property=\"og:description\" content=\"Resistenza lineare per stufe e caldaie a pellet, Cartuccia accensione lineare \u00f8 12,5 mm per stufe e termostufe a pellet\" \/>\n<meta property=\"og:url\" content=\"https:\/\/mack4seasons.com\/fr\/negozio\/ricambi-vari-stufe-caldaie\/candelette\/candelette-lineari-o-12-5-mm\/candeletta-lineare-cod-elt60028-o-125-mm-250-watt-lunghezza-cavi-500-mm-lunghezza-totale-150-mm\/\" \/>\n<meta property=\"og:site_name\" content=\"Mack4Season\" \/>\n<meta property=\"article:publisher\" content=\"https:\/\/www.facebook.com\/profile.php?id=100075990468585\" \/>\n<meta property=\"article:modified_time\" content=\"2024-05-09T08:04:05+00:00\" \/>\n<meta property=\"og:image\" content=\"https:\/\/mack4seasons.com\/wp-content\/uploads\/2023\/02\/ms-elt60028.jpg\" \/>\n\t<meta property=\"og:image:width\" content=\"960\" \/>\n\t<meta property=\"og:image:height\" content=\"960\" \/>\n\t<meta property=\"og:image:type\" content=\"image\/jpeg\" \/>\n<meta name=\"twitter:card\" content=\"summary_large_image\" \/>\n<meta name=\"twitter:label1\" content=\"Dur\u00e9e de lecture estim\u00e9e\" \/>\n\t<meta name=\"twitter:data1\" content=\"2 minutes\" \/>\n<script type=\"application\/ld+json\" class=\"yoast-schema-graph\">{\"@context\":\"https:\/\/schema.org\",\"@graph\":[{\"@type\":\"WebPage\",\"@id\":\"https:\/\/mack4seasons.com\/negozio\/ricambi-vari-stufe-caldaie\/candelette\/candelette-lineari-o-12-5-mm\/candeletta-lineare-cod-elt60028-o-125-mm-250-watt-lunghezza-cavi-500-mm-lunghezza-totale-150-mm\/\",\"url\":\"https:\/\/mack4seasons.com\/negozio\/ricambi-vari-stufe-caldaie\/candelette\/candelette-lineari-o-12-5-mm\/candeletta-lineare-cod-elt60028-o-125-mm-250-watt-lunghezza-cavi-500-mm-lunghezza-totale-150-mm\/\",\"name\":\"Candeletta lineare per stufe e caldaie a pellet - Mack4Season\",\"isPartOf\":{\"@id\":\"https:\/\/mack4seasons.com\/#website\"},\"primaryImageOfPage\":{\"@id\":\"https:\/\/mack4seasons.com\/negozio\/ricambi-vari-stufe-caldaie\/candelette\/candelette-lineari-o-12-5-mm\/candeletta-lineare-cod-elt60028-o-125-mm-250-watt-lunghezza-cavi-500-mm-lunghezza-totale-150-mm\/#primaryimage\"},\"image\":{\"@id\":\"https:\/\/mack4seasons.com\/negozio\/ricambi-vari-stufe-caldaie\/candelette\/candelette-lineari-o-12-5-mm\/candeletta-lineare-cod-elt60028-o-125-mm-250-watt-lunghezza-cavi-500-mm-lunghezza-totale-150-mm\/#primaryimage\"},\"thumbnailUrl\":\"https:\/\/mack4seasons.com\/wp-content\/uploads\/2023\/02\/ms-elt60028.jpg\",\"datePublished\":\"2020-01-10T00:00:00+00:00\",\"dateModified\":\"2024-05-09T08:04:05+00:00\",\"description\":\"Resistenza lineare per stufe e caldaie a pellet, Cartuccia accensione lineare \u00f8 12,5 mm per stufe e termostufe a pellet\",\"breadcrumb\":{\"@id\":\"https:\/\/mack4seasons.com\/negozio\/ricambi-vari-stufe-caldaie\/candelette\/candelette-lineari-o-12-5-mm\/candeletta-lineare-cod-elt60028-o-125-mm-250-watt-lunghezza-cavi-500-mm-lunghezza-totale-150-mm\/#breadcrumb\"},\"inLanguage\":\"fr-FR\",\"potentialAction\":[{\"@type\":\"ReadAction\",\"target\":[\"https:\/\/mack4seasons.com\/negozio\/ricambi-vari-stufe-caldaie\/candelette\/candelette-lineari-o-12-5-mm\/candeletta-lineare-cod-elt60028-o-125-mm-250-watt-lunghezza-cavi-500-mm-lunghezza-totale-150-mm\/\"]}]},{\"@type\":\"ImageObject\",\"inLanguage\":\"fr-FR\",\"@id\":\"https:\/\/mack4seasons.com\/negozio\/ricambi-vari-stufe-caldaie\/candelette\/candelette-lineari-o-12-5-mm\/candeletta-lineare-cod-elt60028-o-125-mm-250-watt-lunghezza-cavi-500-mm-lunghezza-totale-150-mm\/#primaryimage\",\"url\":\"https:\/\/mack4seasons.com\/wp-content\/uploads\/2023\/02\/ms-elt60028.jpg\",\"contentUrl\":\"https:\/\/mack4seasons.com\/wp-content\/uploads\/2023\/02\/ms-elt60028.jpg\",\"width\":960,\"height\":960,\"caption\":\"Candeletta lineare per stufe e caldaie a pellet \u2013 Codice ELT60028 \u2013 \u00f8 12,5 mm \u2013 250 Watt \u2013 Lunghezza cavi 500 mm \u2013 Lunghezza totale 150 mm\"},{\"@type\":\"BreadcrumbList\",\"@id\":\"https:\/\/mack4seasons.com\/negozio\/ricambi-vari-stufe-caldaie\/candelette\/candelette-lineari-o-12-5-mm\/candeletta-lineare-cod-elt60028-o-125-mm-250-watt-lunghezza-cavi-500-mm-lunghezza-totale-150-mm\/#breadcrumb\",\"itemListElement\":[{\"@type\":\"ListItem\",\"position\":1,\"name\":\"Home\",\"item\":\"https:\/\/mack4seasons.com\/ricambi-accessori-stufe-e-caldaie-pellet\/\"},{\"@type\":\"ListItem\",\"position\":2,\"name\":\"Shop\",\"item\":\"https:\/\/mack4seasons.com\/negozio\/\"},{\"@type\":\"ListItem\",\"position\":3,\"name\":\"Candeletta lineare per stufe e caldaie a pellet &#8211; Codice ELT60028 &#8211; \u00f8 12,5 mm &#8211; 250 Watt &#8211; Lunghezza cavi 500 mm &#8211; Lunghezza totale 150 mm\"}]},{\"@type\":\"WebSite\",\"@id\":\"https:\/\/mack4seasons.com\/#website\",\"url\":\"https:\/\/mack4seasons.com\/\",\"name\":\"Mack4Season\",\"description\":\"Per il comfort termico della tua casa\",\"publisher\":{\"@id\":\"https:\/\/mack4seasons.com\/#organization\"},\"potentialAction\":[{\"@type\":\"SearchAction\",\"target\":{\"@type\":\"EntryPoint\",\"urlTemplate\":\"https:\/\/mack4seasons.com\/?s={search_term_string}\"},\"query-input\":{\"@type\":\"PropertyValueSpecification\",\"valueRequired\":true,\"valueName\":\"search_term_string\"}}],\"inLanguage\":\"fr-FR\"},{\"@type\":\"Organization\",\"@id\":\"https:\/\/mack4seasons.com\/#organization\",\"name\":\"Mack4Season\",\"url\":\"https:\/\/mack4seasons.com\/\",\"logo\":{\"@type\":\"ImageObject\",\"inLanguage\":\"fr-FR\",\"@id\":\"https:\/\/mack4seasons.com\/#\/schema\/logo\/image\/\",\"url\":\"https:\/\/mack4seasons.com\/wp-content\/uploads\/2021\/06\/w-MACK-logo-pantone-02A19E.png\",\"contentUrl\":\"https:\/\/mack4seasons.com\/wp-content\/uploads\/2021\/06\/w-MACK-logo-pantone-02A19E.png\",\"width\":809,\"height\":425,\"caption\":\"Mack4Season\"},\"image\":{\"@id\":\"https:\/\/mack4seasons.com\/#\/schema\/logo\/image\/\"},\"sameAs\":[\"https:\/\/www.facebook.com\/profile.php?id=100075990468585\"]}]}<\/script>\n<!-- \/ Yoast SEO plugin. -->","yoast_head_json":{"title":"Candeletta lineare per stufe e caldaie a pellet - Mack4Season","description":"Resistenza lineare per stufe e caldaie a pellet, Cartuccia accensione lineare \u00f8 12,5 mm per stufe e termostufe a pellet","robots":{"index":"index","follow":"follow","max-snippet":"max-snippet:-1","max-image-preview":"max-image-preview:large","max-video-preview":"max-video-preview:-1"},"canonical":"https:\/\/mack4seasons.com\/fr\/negozio\/ricambi-vari-stufe-caldaie\/candelette\/candelette-lineari-o-12-5-mm\/candeletta-lineare-cod-elt60028-o-125-mm-250-watt-lunghezza-cavi-500-mm-lunghezza-totale-150-mm\/","og_locale":"fr_FR","og_type":"article","og_title":"Candeletta lineare per stufe e caldaie a pellet - Mack4Season","og_description":"Resistenza lineare per stufe e caldaie a pellet, Cartuccia accensione lineare \u00f8 12,5 mm per stufe e termostufe a pellet","og_url":"https:\/\/mack4seasons.com\/fr\/negozio\/ricambi-vari-stufe-caldaie\/candelette\/candelette-lineari-o-12-5-mm\/candeletta-lineare-cod-elt60028-o-125-mm-250-watt-lunghezza-cavi-500-mm-lunghezza-totale-150-mm\/","og_site_name":"Mack4Season","article_publisher":"https:\/\/www.facebook.com\/profile.php?id=100075990468585","article_modified_time":"2024-05-09T08:04:05+00:00","og_image":[{"width":960,"height":960,"url":"https:\/\/mack4seasons.com\/wp-content\/uploads\/2023\/02\/ms-elt60028.jpg","type":"image\/jpeg"}],"twitter_card":"summary_large_image","twitter_misc":{"Dur\u00e9e de lecture estim\u00e9e":"2 minutes"},"schema":{"@context":"https:\/\/schema.org","@graph":[{"@type":"WebPage","@id":"https:\/\/mack4seasons.com\/negozio\/ricambi-vari-stufe-caldaie\/candelette\/candelette-lineari-o-12-5-mm\/candeletta-lineare-cod-elt60028-o-125-mm-250-watt-lunghezza-cavi-500-mm-lunghezza-totale-150-mm\/","url":"https:\/\/mack4seasons.com\/negozio\/ricambi-vari-stufe-caldaie\/candelette\/candelette-lineari-o-12-5-mm\/candeletta-lineare-cod-elt60028-o-125-mm-250-watt-lunghezza-cavi-500-mm-lunghezza-totale-150-mm\/","name":"Candeletta lineare per stufe e caldaie a pellet - Mack4Season","isPartOf":{"@id":"https:\/\/mack4seasons.com\/#website"},"primaryImageOfPage":{"@id":"https:\/\/mack4seasons.com\/negozio\/ricambi-vari-stufe-caldaie\/candelette\/candelette-lineari-o-12-5-mm\/candeletta-lineare-cod-elt60028-o-125-mm-250-watt-lunghezza-cavi-500-mm-lunghezza-totale-150-mm\/#primaryimage"},"image":{"@id":"https:\/\/mack4seasons.com\/negozio\/ricambi-vari-stufe-caldaie\/candelette\/candelette-lineari-o-12-5-mm\/candeletta-lineare-cod-elt60028-o-125-mm-250-watt-lunghezza-cavi-500-mm-lunghezza-totale-150-mm\/#primaryimage"},"thumbnailUrl":"https:\/\/mack4seasons.com\/wp-content\/uploads\/2023\/02\/ms-elt60028.jpg","datePublished":"2020-01-10T00:00:00+00:00","dateModified":"2024-05-09T08:04:05+00:00","description":"Resistenza lineare per stufe e caldaie a pellet, Cartuccia accensione lineare \u00f8 12,5 mm per stufe e termostufe a pellet","breadcrumb":{"@id":"https:\/\/mack4seasons.com\/negozio\/ricambi-vari-stufe-caldaie\/candelette\/candelette-lineari-o-12-5-mm\/candeletta-lineare-cod-elt60028-o-125-mm-250-watt-lunghezza-cavi-500-mm-lunghezza-totale-150-mm\/#breadcrumb"},"inLanguage":"fr-FR","potentialAction":[{"@type":"ReadAction","target":["https:\/\/mack4seasons.com\/negozio\/ricambi-vari-stufe-caldaie\/candelette\/candelette-lineari-o-12-5-mm\/candeletta-lineare-cod-elt60028-o-125-mm-250-watt-lunghezza-cavi-500-mm-lunghezza-totale-150-mm\/"]}]},{"@type":"ImageObject","inLanguage":"fr-FR","@id":"https:\/\/mack4seasons.com\/negozio\/ricambi-vari-stufe-caldaie\/candelette\/candelette-lineari-o-12-5-mm\/candeletta-lineare-cod-elt60028-o-125-mm-250-watt-lunghezza-cavi-500-mm-lunghezza-totale-150-mm\/#primaryimage","url":"https:\/\/mack4seasons.com\/wp-content\/uploads\/2023\/02\/ms-elt60028.jpg","contentUrl":"https:\/\/mack4seasons.com\/wp-content\/uploads\/2023\/02\/ms-elt60028.jpg","width":960,"height":960,"caption":"Candeletta lineare per stufe e caldaie a pellet \u2013 Codice ELT60028 \u2013 \u00f8 12,5 mm \u2013 250 Watt \u2013 Lunghezza cavi 500 mm \u2013 Lunghezza totale 150 mm"},{"@type":"BreadcrumbList","@id":"https:\/\/mack4seasons.com\/negozio\/ricambi-vari-stufe-caldaie\/candelette\/candelette-lineari-o-12-5-mm\/candeletta-lineare-cod-elt60028-o-125-mm-250-watt-lunghezza-cavi-500-mm-lunghezza-totale-150-mm\/#breadcrumb","itemListElement":[{"@type":"ListItem","position":1,"name":"Home","item":"https:\/\/mack4seasons.com\/ricambi-accessori-stufe-e-caldaie-pellet\/"},{"@type":"ListItem","position":2,"name":"Shop","item":"https:\/\/mack4seasons.com\/negozio\/"},{"@type":"ListItem","position":3,"name":"Candeletta lineare per stufe e caldaie a pellet &#8211; Codice ELT60028 &#8211; \u00f8 12,5 mm &#8211; 250 Watt &#8211; Lunghezza cavi 500 mm &#8211; Lunghezza totale 150 mm"}]},{"@type":"WebSite","@id":"https:\/\/mack4seasons.com\/#website","url":"https:\/\/mack4seasons.com\/","name":"Mack4Season","description":"Pour le confort thermique de votre maison","publisher":{"@id":"https:\/\/mack4seasons.com\/#organization"},"potentialAction":[{"@type":"SearchAction","target":{"@type":"EntryPoint","urlTemplate":"https:\/\/mack4seasons.com\/?s={search_term_string}"},"query-input":{"@type":"PropertyValueSpecification","valueRequired":true,"valueName":"search_term_string"}}],"inLanguage":"fr-FR"},{"@type":"Organization","@id":"https:\/\/mack4seasons.com\/#organization","name":"Mack4Season","url":"https:\/\/mack4seasons.com\/","logo":{"@type":"ImageObject","inLanguage":"fr-FR","@id":"https:\/\/mack4seasons.com\/#\/schema\/logo\/image\/","url":"https:\/\/mack4seasons.com\/wp-content\/uploads\/2021\/06\/w-MACK-logo-pantone-02A19E.png","contentUrl":"https:\/\/mack4seasons.com\/wp-content\/uploads\/2021\/06\/w-MACK-logo-pantone-02A19E.png","width":809,"height":425,"caption":"Mack4Season"},"image":{"@id":"https:\/\/mack4seasons.com\/#\/schema\/logo\/image\/"},"sameAs":["https:\/\/www.facebook.com\/profile.php?id=100075990468585"]}]}},"_links":{"self":[{"href":"https:\/\/mack4seasons.com\/fr\/wp-json\/wp\/v2\/product\/11934","targetHints":{"allow":["GET"]}}],"collection":[{"href":"https:\/\/mack4seasons.com\/fr\/wp-json\/wp\/v2\/product"}],"about":[{"href":"https:\/\/mack4seasons.com\/fr\/wp-json\/wp\/v2\/types\/product"}],"wp:featuredmedia":[{"embeddable":true,"href":"https:\/\/mack4seasons.com\/fr\/wp-json\/wp\/v2\/media\/17478"}],"wp:attachment":[{"href":"https:\/\/mack4seasons.com\/fr\/wp-json\/wp\/v2\/media?parent=11934"}],"wp:term":[{"taxonomy":"product_brand","embeddable":true,"href":"https:\/\/mack4seasons.com\/fr\/wp-json\/wp\/v2\/product_brand?post=11934"},{"taxonomy":"product_cat","embeddable":true,"href":"https:\/\/mack4seasons.com\/fr\/wp-json\/wp\/v2\/product_cat?post=11934"},{"taxonomy":"product_tag","embeddable":true,"href":"https:\/\/mack4seasons.com\/fr\/wp-json\/wp\/v2\/product_tag?post=11934"}],"curies":[{"name":"wp","href":"https:\/\/api.w.org\/{rel}","templated":true}]}}