{"id":11902,"date":"2020-01-10T00:00:00","date_gmt":"2020-01-10T00:00:00","guid":{"rendered":"https:\/\/mack4seasons.com\/?post_type=product&#038;p=11902"},"modified":"2024-05-09T09:19:34","modified_gmt":"2024-05-09T09:19:34","slug":"candeletta-universale-cod-kit2-raccordo-3-8-o-99-mm-300-watt-lunghezza-cavi-300-mm-regolabile-da-140-a-150-mm-senza-raccordo-165-mm","status":"publish","type":"product","link":"https:\/\/mack4seasons.com\/fr\/negozio\/ricambi-vari-stufe-caldaie\/candelette\/candelette-universali\/candeletta-universale-cod-kit2-raccordo-3-8-o-99-mm-300-watt-lunghezza-cavi-300-mm-regolabile-da-140-a-150-mm-senza-raccordo-165-mm\/","title":{"rendered":"Bougies de pr\u00e9chauffage universelles pour po\u00eales et chaudi\u00e8res \u00e0 pellets - Code KIT2 - Raccord 3\/8\"  - \u00f8 9,9 mm - 300 Watt - Longueur c\u00e2bles 300 mm - R\u00e9glable de 140 \u00e0 150 mm - Sans raccord 165 mm"},"content":{"rendered":"<hr \/>\n<h3>Bougie universelle pour po\u00eales et chaudi\u00e8res \u00e0 pellets<\/h3>\n<p>Code KIT 2<\/p>\n<p>\u00f8 9,9 mm<\/p>\n<p>300 W<\/p>\n<p>Longueur du c\u00e2ble 300 mm<\/p>\n<p>R\u00e9glable avec raccord 3\/8\" de 140 mm \u00e0 150 mm<\/p>\n<p>Sans raccord 165 mm<\/p>\n<h3>Interchangeable avec les mod\u00e8les suivants de bougies de pr\u00e9chauffage avec raccord de 3\/8\" \u00f8 9,9 - \u00f8 10 mm\u00a0:<\/h3>\n<p>HT62649, HT56135, ELD60021, HT62650, HT42056, ELD60024, ELD60025, HT62651, HT56124, HT55726, ELD00625, HT62652, HT65012, ELD60023, ELD00624, HT62653, HT62654, ELD60028, HT62655, ELD60027, UTXS024336, UTXS024642<\/p>\n<h3>Interchangeable avec les suivants mod\u00e8les de bougies d'allumage sans raccord  \u00f8 9,9 \u2013 \u00f8  10 mm :<\/h3>\n<p>HT62685, HT48485, HT62686, HT42024, HT62687, HT57514, HT56785, HT54430, HT62688, HT62700<\/p>\n<h3>Les avantages de MACK FOUR SEASONS :<\/h3>\n<p>Quels sont les avantages des bougies, des r\u00e9sistances ou des cartouches d\u2019allumage pour les po\u00eales \u00e0 pellets commercialis\u00e9s par MACK FOUR SEASONS :<br \/>\nNous tenons \u00e0 pr\u00e9ciser que les bougies que nous vous proposons sont fabriqu\u00e9es en Europe, ont une protection brevet\u00e9e qui la prot\u00e8ge des variations thermiques.<br \/>\nS\u00e9curit\u00e9 maximale (pas de risque de surchauffe, de br\u00fblure ou d\u2019incendie)<br \/>\nUtilisation de toute la longueur comme partie chauffante.<br \/>\nMeilleure circulation et r\u00e9duction du temps pour atteindre la temp\u00e9rature de fonctionnement<br \/>\nMACK FOUR SEASONS peut \u00e9galement fournir une gamme d\u2019accessoires et de pi\u00e8ces de rechange et de composants pour tous les po\u00eales et chaudi\u00e8res \u00e0 pellets pr\u00e9sents sur le march\u00e9.<br \/>\nVous trouverez sur notre e-commerce toujours disponible en stock toutes les pi\u00e8ces de premi\u00e8re n\u00e9cessit\u00e9.<br \/>\nLe personnel de MACK FOUR SEASONS a \u00e9t\u00e9 form\u00e9 avec soin pour vous aider \u00e0 identifier les \u00e9ventuels composants \u00e0 remplacer en offrant une assistance t\u00e9l\u00e9phonique en fran\u00e7ais, anglais, roumain et italien.<br \/>\nMACK FOUR SEASONS<br \/>\nN\u2019h\u00e9sitez pas \u00e0 nous contacter pour toute information.<\/p>","protected":false},"excerpt":{"rendered":"<hr \/>\n<h2><span style=\"color: 77a464;\">Disponible<\/span><\/h2>","protected":false},"featured_media":12647,"template":"","meta":[],"product_brand":[],"product_cat":[814,812],"product_tag":[24,68,25,27,827,29,828,94,829,104,70,830,831,71,832,833,50,36,58,89,96,75,834,835,63,836,117,837,64,838,820,87,78,839,53,39,840,103,841,821,40,42,842,43,54,843,55,66,45,46,97,844,845,846,822,98,847,99,823,825,51,848,57,849,60,850,851,84],"class_list":{"0":"post-11902","1":"product","2":"type-product","3":"status-publish","4":"has-post-thumbnail","6":"product_cat-candelette-universali","7":"product_cat-ricambi-vari-stufe-caldaie","8":"product_tag-adler","9":"product_tag-ambiente-calore","10":"product_tag-amg","11":"product_tag-arce","12":"product_tag-austropell","13":"product_tag-bestove","14":"product_tag-bosch-stove-51","15":"product_tag-brisach","16":"product_tag-brisack","17":"product_tag-bronpi","18":"product_tag-cadel","19":"product_tag-calux","20":"product_tag-cheminees-philippe","21":"product_tag-cs-thermos","22":"product_tag-dal-zotto","23":"product_tag-dielle","24":"product_tag-ecoteck","25":"product_tag-edilkamin","26":"product_tag-emaflam","27":"product_tag-evacalor","28":"product_tag-extraflame","29":"product_tag-freepoint","30":"product_tag-good-fire","31":"product_tag-gp-thermocamini","32":"product_tag-green-puros","33":"product_tag-interstoves","34":"product_tag-invicta","35":"product_tag-italcalor","36":"product_tag-italiana-camini","37":"product_tag-jollymec","38":"product_tag-kalon","39":"product_tag-kalor","40":"product_tag-karmek-one","41":"product_tag-klover","42":"product_tag-laminox","43":"product_tag-lincar","44":"product_tag-linder","45":"product_tag-linea-vz","46":"product_tag-lms","47":"product_tag-mbz","48":"product_tag-mcz","49":"product_tag-nordica-extraflame","50":"product_tag-origine-design-concept","51":"product_tag-palazzetti","52":"product_tag-pasian","53":"product_tag-paterno","54":"product_tag-piazzetta","55":"product_tag-puros","56":"product_tag-qlima","57":"product_tag-ravelli","58":"product_tag-red","59":"product_tag-richard-le-droff","60":"product_tag-rika","61":"product_tag-sicalor","62":"product_tag-skia-design","63":"product_tag-solzaima","64":"product_tag-stoveitaly","65":"product_tag-superior","66":"product_tag-supra","67":"product_tag-tectro","68":"product_tag-thermorossi","69":"product_tag-tm","70":"product_tag-ungaro","71":"product_tag-vibrok","72":"product_tag-vulcania","73":"product_tag-wamsler","74":"product_tag-westminster","75":"product_tag-zibro","76":"product_shipping_class-classe-di-spedizione-01","78":"first","79":"instock","80":"taxable","81":"shipping-taxable","82":"purchasable","83":"product-type-simple"},"yoast_head":"<!-- This site is optimized with the Yoast SEO plugin v26.3 - https:\/\/yoast.com\/wordpress\/plugins\/seo\/ -->\n<title>Candeletta universale per stufe e caldaie a pellet - Mack4Season<\/title>\n<meta name=\"description\" content=\"Candeletta universale per stufe e caldaie a pellet, Resistenza universale per stufe e caldaie a pellet Codice KIT 2, \u00f8 9,9 mm 300 W\" \/>\n<meta name=\"robots\" content=\"index, follow, max-snippet:-1, max-image-preview:large, max-video-preview:-1\" \/>\n<link rel=\"canonical\" href=\"https:\/\/mack4seasons.com\/fr\/negozio\/ricambi-vari-stufe-caldaie\/candelette\/candelette-universali\/candeletta-universale-cod-kit2-raccordo-3-8-o-99-mm-300-watt-lunghezza-cavi-300-mm-regolabile-da-140-a-150-mm-senza-raccordo-165-mm\/\" \/>\n<meta property=\"og:locale\" content=\"fr_FR\" \/>\n<meta property=\"og:type\" content=\"article\" \/>\n<meta property=\"og:title\" content=\"Candeletta universale per stufe e caldaie a pellet - Mack4Season\" \/>\n<meta property=\"og:description\" content=\"Candeletta universale per stufe e caldaie a pellet, Resistenza universale per stufe e caldaie a pellet Codice KIT 2, \u00f8 9,9 mm 300 W\" \/>\n<meta property=\"og:url\" content=\"https:\/\/mack4seasons.com\/fr\/negozio\/ricambi-vari-stufe-caldaie\/candelette\/candelette-universali\/candeletta-universale-cod-kit2-raccordo-3-8-o-99-mm-300-watt-lunghezza-cavi-300-mm-regolabile-da-140-a-150-mm-senza-raccordo-165-mm\/\" \/>\n<meta property=\"og:site_name\" content=\"Mack4Season\" \/>\n<meta property=\"article:publisher\" content=\"https:\/\/www.facebook.com\/profile.php?id=100075990468585\" \/>\n<meta property=\"article:modified_time\" content=\"2024-05-09T09:19:34+00:00\" \/>\n<meta property=\"og:image\" content=\"https:\/\/mack4seasons.com\/wp-content\/uploads\/2021\/09\/w-SITO-CANDELETTE-03.jpg\" \/>\n\t<meta property=\"og:image:width\" content=\"960\" \/>\n\t<meta property=\"og:image:height\" content=\"960\" \/>\n\t<meta property=\"og:image:type\" content=\"image\/jpeg\" \/>\n<meta name=\"twitter:card\" content=\"summary_large_image\" \/>\n<meta name=\"twitter:label1\" content=\"Dur\u00e9e de lecture estim\u00e9e\" \/>\n\t<meta name=\"twitter:data1\" content=\"2 minutes\" \/>\n<script type=\"application\/ld+json\" class=\"yoast-schema-graph\">{\"@context\":\"https:\/\/schema.org\",\"@graph\":[{\"@type\":\"WebPage\",\"@id\":\"https:\/\/mack4seasons.com\/negozio\/ricambi-vari-stufe-caldaie\/candelette\/candelette-universali\/candeletta-universale-cod-kit2-raccordo-3-8-o-99-mm-300-watt-lunghezza-cavi-300-mm-regolabile-da-140-a-150-mm-senza-raccordo-165-mm\/\",\"url\":\"https:\/\/mack4seasons.com\/negozio\/ricambi-vari-stufe-caldaie\/candelette\/candelette-universali\/candeletta-universale-cod-kit2-raccordo-3-8-o-99-mm-300-watt-lunghezza-cavi-300-mm-regolabile-da-140-a-150-mm-senza-raccordo-165-mm\/\",\"name\":\"Candeletta universale per stufe e caldaie a pellet - Mack4Season\",\"isPartOf\":{\"@id\":\"https:\/\/mack4seasons.com\/#website\"},\"primaryImageOfPage\":{\"@id\":\"https:\/\/mack4seasons.com\/negozio\/ricambi-vari-stufe-caldaie\/candelette\/candelette-universali\/candeletta-universale-cod-kit2-raccordo-3-8-o-99-mm-300-watt-lunghezza-cavi-300-mm-regolabile-da-140-a-150-mm-senza-raccordo-165-mm\/#primaryimage\"},\"image\":{\"@id\":\"https:\/\/mack4seasons.com\/negozio\/ricambi-vari-stufe-caldaie\/candelette\/candelette-universali\/candeletta-universale-cod-kit2-raccordo-3-8-o-99-mm-300-watt-lunghezza-cavi-300-mm-regolabile-da-140-a-150-mm-senza-raccordo-165-mm\/#primaryimage\"},\"thumbnailUrl\":\"https:\/\/mack4seasons.com\/wp-content\/uploads\/2021\/09\/w-SITO-CANDELETTE-03.jpg\",\"datePublished\":\"2020-01-10T00:00:00+00:00\",\"dateModified\":\"2024-05-09T09:19:34+00:00\",\"description\":\"Candeletta universale per stufe e caldaie a pellet, Resistenza universale per stufe e caldaie a pellet Codice KIT 2, \u00f8 9,9 mm 300 W\",\"breadcrumb\":{\"@id\":\"https:\/\/mack4seasons.com\/negozio\/ricambi-vari-stufe-caldaie\/candelette\/candelette-universali\/candeletta-universale-cod-kit2-raccordo-3-8-o-99-mm-300-watt-lunghezza-cavi-300-mm-regolabile-da-140-a-150-mm-senza-raccordo-165-mm\/#breadcrumb\"},\"inLanguage\":\"fr-FR\",\"potentialAction\":[{\"@type\":\"ReadAction\",\"target\":[\"https:\/\/mack4seasons.com\/negozio\/ricambi-vari-stufe-caldaie\/candelette\/candelette-universali\/candeletta-universale-cod-kit2-raccordo-3-8-o-99-mm-300-watt-lunghezza-cavi-300-mm-regolabile-da-140-a-150-mm-senza-raccordo-165-mm\/\"]}]},{\"@type\":\"ImageObject\",\"inLanguage\":\"fr-FR\",\"@id\":\"https:\/\/mack4seasons.com\/negozio\/ricambi-vari-stufe-caldaie\/candelette\/candelette-universali\/candeletta-universale-cod-kit2-raccordo-3-8-o-99-mm-300-watt-lunghezza-cavi-300-mm-regolabile-da-140-a-150-mm-senza-raccordo-165-mm\/#primaryimage\",\"url\":\"https:\/\/mack4seasons.com\/wp-content\/uploads\/2021\/09\/w-SITO-CANDELETTE-03.jpg\",\"contentUrl\":\"https:\/\/mack4seasons.com\/wp-content\/uploads\/2021\/09\/w-SITO-CANDELETTE-03.jpg\",\"width\":960,\"height\":960,\"caption\":\"Candeletta stufa pellet Cadel\"},{\"@type\":\"BreadcrumbList\",\"@id\":\"https:\/\/mack4seasons.com\/negozio\/ricambi-vari-stufe-caldaie\/candelette\/candelette-universali\/candeletta-universale-cod-kit2-raccordo-3-8-o-99-mm-300-watt-lunghezza-cavi-300-mm-regolabile-da-140-a-150-mm-senza-raccordo-165-mm\/#breadcrumb\",\"itemListElement\":[{\"@type\":\"ListItem\",\"position\":1,\"name\":\"Home\",\"item\":\"https:\/\/mack4seasons.com\/ricambi-accessori-stufe-e-caldaie-pellet\/\"},{\"@type\":\"ListItem\",\"position\":2,\"name\":\"Shop\",\"item\":\"https:\/\/mack4seasons.com\/negozio\/\"},{\"@type\":\"ListItem\",\"position\":3,\"name\":\"Candeletta universale per stufe e caldaie a pellet &#8211; Codice KIT2 &#8211; Raccordo 3\/8&#8243; &#8211; \u00f8 9,9 mm &#8211; 300 Watt &#8211; Lunghezza cavi 300 mm &#8211; Regolabile da 140 a 150 mm &#8211; Senza raccordo 165 mm\"}]},{\"@type\":\"WebSite\",\"@id\":\"https:\/\/mack4seasons.com\/#website\",\"url\":\"https:\/\/mack4seasons.com\/\",\"name\":\"Mack4Season\",\"description\":\"Per il comfort termico della tua casa\",\"publisher\":{\"@id\":\"https:\/\/mack4seasons.com\/#organization\"},\"potentialAction\":[{\"@type\":\"SearchAction\",\"target\":{\"@type\":\"EntryPoint\",\"urlTemplate\":\"https:\/\/mack4seasons.com\/?s={search_term_string}\"},\"query-input\":{\"@type\":\"PropertyValueSpecification\",\"valueRequired\":true,\"valueName\":\"search_term_string\"}}],\"inLanguage\":\"fr-FR\"},{\"@type\":\"Organization\",\"@id\":\"https:\/\/mack4seasons.com\/#organization\",\"name\":\"Mack4Season\",\"url\":\"https:\/\/mack4seasons.com\/\",\"logo\":{\"@type\":\"ImageObject\",\"inLanguage\":\"fr-FR\",\"@id\":\"https:\/\/mack4seasons.com\/#\/schema\/logo\/image\/\",\"url\":\"https:\/\/mack4seasons.com\/wp-content\/uploads\/2021\/06\/w-MACK-logo-pantone-02A19E.png\",\"contentUrl\":\"https:\/\/mack4seasons.com\/wp-content\/uploads\/2021\/06\/w-MACK-logo-pantone-02A19E.png\",\"width\":809,\"height\":425,\"caption\":\"Mack4Season\"},\"image\":{\"@id\":\"https:\/\/mack4seasons.com\/#\/schema\/logo\/image\/\"},\"sameAs\":[\"https:\/\/www.facebook.com\/profile.php?id=100075990468585\"]}]}<\/script>\n<!-- \/ Yoast SEO plugin. -->","yoast_head_json":{"title":"Candeletta universale per stufe e caldaie a pellet - Mack4Season","description":"Candeletta universale per stufe e caldaie a pellet, Resistenza universale per stufe e caldaie a pellet Codice KIT 2, \u00f8 9,9 mm 300 W","robots":{"index":"index","follow":"follow","max-snippet":"max-snippet:-1","max-image-preview":"max-image-preview:large","max-video-preview":"max-video-preview:-1"},"canonical":"https:\/\/mack4seasons.com\/fr\/negozio\/ricambi-vari-stufe-caldaie\/candelette\/candelette-universali\/candeletta-universale-cod-kit2-raccordo-3-8-o-99-mm-300-watt-lunghezza-cavi-300-mm-regolabile-da-140-a-150-mm-senza-raccordo-165-mm\/","og_locale":"fr_FR","og_type":"article","og_title":"Candeletta universale per stufe e caldaie a pellet - Mack4Season","og_description":"Candeletta universale per stufe e caldaie a pellet, Resistenza universale per stufe e caldaie a pellet Codice KIT 2, \u00f8 9,9 mm 300 W","og_url":"https:\/\/mack4seasons.com\/fr\/negozio\/ricambi-vari-stufe-caldaie\/candelette\/candelette-universali\/candeletta-universale-cod-kit2-raccordo-3-8-o-99-mm-300-watt-lunghezza-cavi-300-mm-regolabile-da-140-a-150-mm-senza-raccordo-165-mm\/","og_site_name":"Mack4Season","article_publisher":"https:\/\/www.facebook.com\/profile.php?id=100075990468585","article_modified_time":"2024-05-09T09:19:34+00:00","og_image":[{"width":960,"height":960,"url":"https:\/\/mack4seasons.com\/wp-content\/uploads\/2021\/09\/w-SITO-CANDELETTE-03.jpg","type":"image\/jpeg"}],"twitter_card":"summary_large_image","twitter_misc":{"Dur\u00e9e de lecture estim\u00e9e":"2 minutes"},"schema":{"@context":"https:\/\/schema.org","@graph":[{"@type":"WebPage","@id":"https:\/\/mack4seasons.com\/negozio\/ricambi-vari-stufe-caldaie\/candelette\/candelette-universali\/candeletta-universale-cod-kit2-raccordo-3-8-o-99-mm-300-watt-lunghezza-cavi-300-mm-regolabile-da-140-a-150-mm-senza-raccordo-165-mm\/","url":"https:\/\/mack4seasons.com\/negozio\/ricambi-vari-stufe-caldaie\/candelette\/candelette-universali\/candeletta-universale-cod-kit2-raccordo-3-8-o-99-mm-300-watt-lunghezza-cavi-300-mm-regolabile-da-140-a-150-mm-senza-raccordo-165-mm\/","name":"Candeletta universale per stufe e caldaie a pellet - Mack4Season","isPartOf":{"@id":"https:\/\/mack4seasons.com\/#website"},"primaryImageOfPage":{"@id":"https:\/\/mack4seasons.com\/negozio\/ricambi-vari-stufe-caldaie\/candelette\/candelette-universali\/candeletta-universale-cod-kit2-raccordo-3-8-o-99-mm-300-watt-lunghezza-cavi-300-mm-regolabile-da-140-a-150-mm-senza-raccordo-165-mm\/#primaryimage"},"image":{"@id":"https:\/\/mack4seasons.com\/negozio\/ricambi-vari-stufe-caldaie\/candelette\/candelette-universali\/candeletta-universale-cod-kit2-raccordo-3-8-o-99-mm-300-watt-lunghezza-cavi-300-mm-regolabile-da-140-a-150-mm-senza-raccordo-165-mm\/#primaryimage"},"thumbnailUrl":"https:\/\/mack4seasons.com\/wp-content\/uploads\/2021\/09\/w-SITO-CANDELETTE-03.jpg","datePublished":"2020-01-10T00:00:00+00:00","dateModified":"2024-05-09T09:19:34+00:00","description":"Candeletta universale per stufe e caldaie a pellet, Resistenza universale per stufe e caldaie a pellet Codice KIT 2, \u00f8 9,9 mm 300 W","breadcrumb":{"@id":"https:\/\/mack4seasons.com\/negozio\/ricambi-vari-stufe-caldaie\/candelette\/candelette-universali\/candeletta-universale-cod-kit2-raccordo-3-8-o-99-mm-300-watt-lunghezza-cavi-300-mm-regolabile-da-140-a-150-mm-senza-raccordo-165-mm\/#breadcrumb"},"inLanguage":"fr-FR","potentialAction":[{"@type":"ReadAction","target":["https:\/\/mack4seasons.com\/negozio\/ricambi-vari-stufe-caldaie\/candelette\/candelette-universali\/candeletta-universale-cod-kit2-raccordo-3-8-o-99-mm-300-watt-lunghezza-cavi-300-mm-regolabile-da-140-a-150-mm-senza-raccordo-165-mm\/"]}]},{"@type":"ImageObject","inLanguage":"fr-FR","@id":"https:\/\/mack4seasons.com\/negozio\/ricambi-vari-stufe-caldaie\/candelette\/candelette-universali\/candeletta-universale-cod-kit2-raccordo-3-8-o-99-mm-300-watt-lunghezza-cavi-300-mm-regolabile-da-140-a-150-mm-senza-raccordo-165-mm\/#primaryimage","url":"https:\/\/mack4seasons.com\/wp-content\/uploads\/2021\/09\/w-SITO-CANDELETTE-03.jpg","contentUrl":"https:\/\/mack4seasons.com\/wp-content\/uploads\/2021\/09\/w-SITO-CANDELETTE-03.jpg","width":960,"height":960,"caption":"Candeletta stufa pellet Cadel"},{"@type":"BreadcrumbList","@id":"https:\/\/mack4seasons.com\/negozio\/ricambi-vari-stufe-caldaie\/candelette\/candelette-universali\/candeletta-universale-cod-kit2-raccordo-3-8-o-99-mm-300-watt-lunghezza-cavi-300-mm-regolabile-da-140-a-150-mm-senza-raccordo-165-mm\/#breadcrumb","itemListElement":[{"@type":"ListItem","position":1,"name":"Home","item":"https:\/\/mack4seasons.com\/ricambi-accessori-stufe-e-caldaie-pellet\/"},{"@type":"ListItem","position":2,"name":"Shop","item":"https:\/\/mack4seasons.com\/negozio\/"},{"@type":"ListItem","position":3,"name":"Candeletta universale per stufe e caldaie a pellet &#8211; Codice KIT2 &#8211; Raccordo 3\/8&#8243; &#8211; \u00f8 9,9 mm &#8211; 300 Watt &#8211; Lunghezza cavi 300 mm &#8211; Regolabile da 140 a 150 mm &#8211; Senza raccordo 165 mm"}]},{"@type":"WebSite","@id":"https:\/\/mack4seasons.com\/#website","url":"https:\/\/mack4seasons.com\/","name":"Mack4Season","description":"Pour le confort thermique de votre maison","publisher":{"@id":"https:\/\/mack4seasons.com\/#organization"},"potentialAction":[{"@type":"SearchAction","target":{"@type":"EntryPoint","urlTemplate":"https:\/\/mack4seasons.com\/?s={search_term_string}"},"query-input":{"@type":"PropertyValueSpecification","valueRequired":true,"valueName":"search_term_string"}}],"inLanguage":"fr-FR"},{"@type":"Organization","@id":"https:\/\/mack4seasons.com\/#organization","name":"Mack4Season","url":"https:\/\/mack4seasons.com\/","logo":{"@type":"ImageObject","inLanguage":"fr-FR","@id":"https:\/\/mack4seasons.com\/#\/schema\/logo\/image\/","url":"https:\/\/mack4seasons.com\/wp-content\/uploads\/2021\/06\/w-MACK-logo-pantone-02A19E.png","contentUrl":"https:\/\/mack4seasons.com\/wp-content\/uploads\/2021\/06\/w-MACK-logo-pantone-02A19E.png","width":809,"height":425,"caption":"Mack4Season"},"image":{"@id":"https:\/\/mack4seasons.com\/#\/schema\/logo\/image\/"},"sameAs":["https:\/\/www.facebook.com\/profile.php?id=100075990468585"]}]}},"_links":{"self":[{"href":"https:\/\/mack4seasons.com\/fr\/wp-json\/wp\/v2\/product\/11902","targetHints":{"allow":["GET"]}}],"collection":[{"href":"https:\/\/mack4seasons.com\/fr\/wp-json\/wp\/v2\/product"}],"about":[{"href":"https:\/\/mack4seasons.com\/fr\/wp-json\/wp\/v2\/types\/product"}],"wp:featuredmedia":[{"embeddable":true,"href":"https:\/\/mack4seasons.com\/fr\/wp-json\/wp\/v2\/media\/12647"}],"wp:attachment":[{"href":"https:\/\/mack4seasons.com\/fr\/wp-json\/wp\/v2\/media?parent=11902"}],"wp:term":[{"taxonomy":"product_brand","embeddable":true,"href":"https:\/\/mack4seasons.com\/fr\/wp-json\/wp\/v2\/product_brand?post=11902"},{"taxonomy":"product_cat","embeddable":true,"href":"https:\/\/mack4seasons.com\/fr\/wp-json\/wp\/v2\/product_cat?post=11902"},{"taxonomy":"product_tag","embeddable":true,"href":"https:\/\/mack4seasons.com\/fr\/wp-json\/wp\/v2\/product_tag?post=11902"}],"curies":[{"name":"wp","href":"https:\/\/api.w.org\/{rel}","templated":true}]}}