{"id":11860,"date":"2020-10-01T00:00:00","date_gmt":"2020-10-01T00:00:00","guid":{"rendered":"https:\/\/mack4seasons.com\/?post_type=product&#038;p=11860"},"modified":"2023-02-02T08:16:20","modified_gmt":"2023-02-02T08:16:20","slug":"guarnizione-cod-41801301500","status":"publish","type":"product","link":"https:\/\/mack4seasons.com\/fr\/negozio\/mcz-ricambi-per-stufe-termostufe-e-caldaie-a-pellet-mcz\/stufe-a-pellet-mcz\/athos-power-hydro-24-kw\/guarnizione-cod-41801301500\/","title":{"rendered":"Joint de l'extracteur de fum\u00e9e en tissu pour les po\u00eales \u00e0 granul\u00e9s MCZ compatibles avec le code 41801301500"},"content":{"rendered":"<hr ->\n<h2>Guarnizione estrattore fumo in panno per stufa a pellet MCZ<-h2><br \/>\nCompatibile con il Codice 41801301500<br \/>\n<strong> Pour les mod\u00e8les de po\u00eales \u00e0 pellets MCZ suivants : <-strong>Athos Power Hydro 24 Kw, Clio Hydro 16, Clio Hydro 16 S1 &#8211; Easy Connect, Clio Hydro 23, Clio Hydro 23 S1 &#8211; Easy Connect, Clio Hydro 23-S, Club Hydro 15 Kw, Club Hydro 15 Kw High Efficiency, Club Hydro 22 Kw, Club Hydro 22 Kw High Efficiency, Club Hydromatic 16 Kw, Club Hydromatic 16 M1, Club Hydromatic 18 M2 &#8211; Club Hydromatic 18 M2+, Club Hydromatic 24 Acs M1, Club Hydromatic 24 Acs M2 &#8211; Club Hydromatic 24 Acs M2+, Club Hydromatic 24 Kw, Club Hydromatic 24 M1,<br \/>\nClub Hydromatic 24 M2 &#8211; Club Hydromatic 24 M2+, Club Hydromatic-S 24 Kw, Duo Hydro Air, Duo Hydro Air High Efficiency, Flux Hydro, Flux Hydro High Efficiency, Musa Hydro 15 Kw, Musa Hydro 15 Kw High Efficiency, Musa Hydro 22 Kw, Musa Hydro 22 Kw High Efficiency,<br \/>\nMusa Hydromatic 16 Kw, Musa Hydromatic 16 M1, Musa Hydromatic 24 Kw, Musa Hydromatic 24 M1, Musa Hydromatic-S 24 Kw, Nova Hydro, Pad Line-Pad Lain Hydromatic 18 M2 &#8211; Pad Line-Pad Lain Hydromatic 18 M2+, Pad Line-Pad Lain Hydromatic 24 M2 &#8211; Pad Line-Pad Lain Hydromatic 24 M2+, Polar Hydro, Selecta 15 Hq S1, Selecta 20 Hq S1, Selecta 25 Hq Acs S1, Selecta 25 Hq S1, Star Hydromatic 12 M1, Suite Hydro 15 Kw, Suite Hydro 15 Kw High Efficiency, Suite Hydro 22 Kw, Suite Hydro 22 Kw High Efficiency, Suite Hydromatic 16 Kw, Suite Hydromatic 16 M1, Suite Hydromatic 18 M2 &#8211; Suite Hydromatic 18 M2+, Suite Hydromatic 24 Acs M1, Suite Hydromatic 24 Acs M2 &#8211; Suite Hydromatic 24 Acs M2+, Suite Hydromatic 24 Kw, Suite Hydromatic 24 M1, Suite Hydromatic 24 M2 &#8211; Suite Hydromatic 24 M2+,<br \/>\nSuite Hydromatic-S 24 Kw, Vivo 80 Pellet Hydro, Vivo 85 Pellet Hydro<\/p>","protected":false},"excerpt":{"rendered":"<hr ->\n<p>Compatible avec le code MCZ original <strong>Codice 41801301500<-strong><\/p>","protected":false},"featured_media":17243,"template":"","meta":[],"product_brand":[],"product_cat":[1432,1434,1435,1436,1437,1438,1664,1665,1666,1667,1766,1767,1768,1769,1770,1771,1772,1773,1774,1447,1448,1411,1412,1212,1671,1672,1673,1674,1779,1780,1781,1782,1783,1462,1784,1785,1473,1476,1477,1478,1479,1787,1683,1684,1685,1686,1789,1790,1791,1792,1793,1794,1795,1796,1797,1657,1688],"product_tag":[75],"class_list":{"0":"post-11860","1":"product","2":"type-product","3":"status-publish","4":"has-post-thumbnail","6":"product_cat-athos-power-hydro-24-kw","7":"product_cat-clio-hydro-16","8":"product_cat-clio-hydro-16-s1-easy-connect","9":"product_cat-clio-hydro-23","10":"product_cat-clio-hydro-23-s1-easy-connect","11":"product_cat-clio-hydro-23-s","12":"product_cat-club-hydro-15-kw","13":"product_cat-club-hydro-15-kw-high-efficiency","14":"product_cat-club-hydro-22-kw","15":"product_cat-club-hydro-22-kw-high-efficiency","16":"product_cat-club-hydromatic-16-kw","17":"product_cat-club-hydromatic-16-m1","18":"product_cat-club-hydromatic-18-m2-club-hydromatic-18-m2","19":"product_cat-club-hydromatic-24-acs-m1","20":"product_cat-club-hydromatic-24-acs-m2-club-hydromatic-24-acs-m2","21":"product_cat-club-hydromatic-24-kw","22":"product_cat-club-hydromatic-24-m1","23":"product_cat-club-hydromatic-24-m2-club-hydromatic-24-m2","24":"product_cat-club-hydromatic-s-24-kw","25":"product_cat-duo-hydro-air","26":"product_cat-duo-hydro-air-high-efficiency","27":"product_cat-flux-hydro","28":"product_cat-flux-hydro-high-efficiency","29":"product_cat-mcz-ricambi-per-stufe-termostufe-e-caldaie-a-pellet-mcz","30":"product_cat-musa-hydro-15-kw","31":"product_cat-musa-hydro-15-kw-high-efficiency","32":"product_cat-musa-hydro-22-kw","33":"product_cat-musa-hydro-22-kw-high-efficiency","34":"product_cat-musa-hydromatic-16-kw","35":"product_cat-musa-hydromatic-16-m1","36":"product_cat-musa-hydromatic-24-kw","37":"product_cat-musa-hydromatic-24-m1","38":"product_cat-musa-hydromatic-s-24-kw","39":"product_cat-nova-hydro","40":"product_cat-pad-line-pad-lain-hydromatic-18-m2-pad-line-pad-lain-hydromatic-18-m2","41":"product_cat-pad-line-pad-lain-hydromatic-24-m2-pad-line-pad-lain-hydromatic-24-m2","42":"product_cat-polar-hydro","43":"product_cat-selecta-15-hq-s1","44":"product_cat-selecta-20-hq-s1","45":"product_cat-selecta-25-hq-acs-s1","46":"product_cat-selecta-25-hq-s1","47":"product_cat-star-hydromatic-12-m1","48":"product_cat-suite-hydro-15-kw","49":"product_cat-suite-hydro-15-kw-high-efficiency","50":"product_cat-suite-hydro-22-kw","51":"product_cat-suite-hydro-22-kw-high-efficiency","52":"product_cat-suite-hydromatic-16-kw","53":"product_cat-suite-hydromatic-16-m1","54":"product_cat-suite-hydromatic-18-m2-suite-hydromatic-18-m2","55":"product_cat-suite-hydromatic-24-acs-m1","56":"product_cat-suite-hydromatic-24-acs-m2-suite-hydromatic-24-acs-m2","57":"product_cat-suite-hydromatic-24-kw","58":"product_cat-suite-hydromatic-24-m1","59":"product_cat-suite-hydromatic-24-m2-suite-hydromatic-24-m2","60":"product_cat-suite-hydromatic-s-24-kw","61":"product_cat-vivo-80-pellet-hydro","62":"product_cat-vivo-85-pellet-hydro","63":"product_tag-freepoint","64":"product_shipping_class-classe-di-spedizione-01","66":"first","67":"instock","68":"taxable","69":"shipping-taxable","70":"purchasable","71":"product-type-simple"},"yoast_head":"<!-- This site is optimized with the Yoast SEO plugin v26.3 - https:\/\/yoast.com\/wordpress\/plugins\/seo\/ -->\n<title>Guarnizione estrattore fumo in panno per stufe e termostufe a pellet MCZ compatibile con il Codice 41801301500 - Mack4Season<\/title>\n<meta name=\"robots\" content=\"index, follow, max-snippet:-1, max-image-preview:large, max-video-preview:-1\" \/>\n<link rel=\"canonical\" href=\"https:\/\/mack4seasons.com\/fr\/negozio\/mcz-ricambi-per-stufe-termostufe-e-caldaie-a-pellet-mcz\/stufe-a-pellet-mcz\/flux-hydro\/guarnizione-cod-41801301500\/\" \/>\n<meta property=\"og:locale\" content=\"fr_FR\" \/>\n<meta property=\"og:type\" content=\"article\" \/>\n<meta property=\"og:title\" content=\"Guarnizione estrattore fumo in panno per stufe e termostufe a pellet MCZ compatibile con il Codice 41801301500 - Mack4Season\" \/>\n<meta property=\"og:description\" content=\"Compatibile con il codice originale MCZ Codice 41801301500\" \/>\n<meta property=\"og:url\" content=\"https:\/\/mack4seasons.com\/fr\/negozio\/mcz-ricambi-per-stufe-termostufe-e-caldaie-a-pellet-mcz\/stufe-a-pellet-mcz\/flux-hydro\/guarnizione-cod-41801301500\/\" \/>\n<meta property=\"og:site_name\" content=\"Mack4Season\" \/>\n<meta property=\"article:publisher\" content=\"https:\/\/www.facebook.com\/profile.php?id=100075990468585\" \/>\n<meta property=\"article:modified_time\" content=\"2023-02-02T08:16:20+00:00\" \/>\n<meta property=\"og:image\" content=\"https:\/\/mack4seasons.com\/wp-content\/uploads\/2023\/01\/Guarnizione-estrattore-fumo-in-panno-per-stufe-e-termostufe-a-pellet-MCZ-compatibile-con-il-Codice-41801301500.jpg\" \/>\n\t<meta property=\"og:image:width\" content=\"960\" \/>\n\t<meta property=\"og:image:height\" content=\"960\" \/>\n\t<meta property=\"og:image:type\" content=\"image\/jpeg\" \/>\n<meta name=\"twitter:card\" content=\"summary_large_image\" \/>\n<meta name=\"twitter:label1\" content=\"Dur\u00e9e de lecture estim\u00e9e\" \/>\n\t<meta name=\"twitter:data1\" content=\"1 minute\" \/>\n<script type=\"application\/ld+json\" class=\"yoast-schema-graph\">{\"@context\":\"https:\/\/schema.org\",\"@graph\":[{\"@type\":\"WebPage\",\"@id\":\"https:\/\/mack4seasons.com\/negozio\/mcz-ricambi-per-stufe-termostufe-e-caldaie-a-pellet-mcz\/stufe-a-pellet-mcz\/flux-hydro\/guarnizione-cod-41801301500\/\",\"url\":\"https:\/\/mack4seasons.com\/negozio\/mcz-ricambi-per-stufe-termostufe-e-caldaie-a-pellet-mcz\/stufe-a-pellet-mcz\/flux-hydro\/guarnizione-cod-41801301500\/\",\"name\":\"Guarnizione estrattore fumo in panno per stufe e termostufe a pellet MCZ compatibile con il Codice 41801301500 - Mack4Season\",\"isPartOf\":{\"@id\":\"https:\/\/mack4seasons.com\/#website\"},\"primaryImageOfPage\":{\"@id\":\"https:\/\/mack4seasons.com\/negozio\/mcz-ricambi-per-stufe-termostufe-e-caldaie-a-pellet-mcz\/stufe-a-pellet-mcz\/flux-hydro\/guarnizione-cod-41801301500\/#primaryimage\"},\"image\":{\"@id\":\"https:\/\/mack4seasons.com\/negozio\/mcz-ricambi-per-stufe-termostufe-e-caldaie-a-pellet-mcz\/stufe-a-pellet-mcz\/flux-hydro\/guarnizione-cod-41801301500\/#primaryimage\"},\"thumbnailUrl\":\"https:\/\/mack4seasons.com\/wp-content\/uploads\/2023\/01\/Guarnizione-estrattore-fumo-in-panno-per-stufe-e-termostufe-a-pellet-MCZ-compatibile-con-il-Codice-41801301500.jpg\",\"datePublished\":\"2020-10-01T00:00:00+00:00\",\"dateModified\":\"2023-02-02T08:16:20+00:00\",\"breadcrumb\":{\"@id\":\"https:\/\/mack4seasons.com\/negozio\/mcz-ricambi-per-stufe-termostufe-e-caldaie-a-pellet-mcz\/stufe-a-pellet-mcz\/flux-hydro\/guarnizione-cod-41801301500\/#breadcrumb\"},\"inLanguage\":\"fr-FR\",\"potentialAction\":[{\"@type\":\"ReadAction\",\"target\":[\"https:\/\/mack4seasons.com\/negozio\/mcz-ricambi-per-stufe-termostufe-e-caldaie-a-pellet-mcz\/stufe-a-pellet-mcz\/flux-hydro\/guarnizione-cod-41801301500\/\"]}]},{\"@type\":\"ImageObject\",\"inLanguage\":\"fr-FR\",\"@id\":\"https:\/\/mack4seasons.com\/negozio\/mcz-ricambi-per-stufe-termostufe-e-caldaie-a-pellet-mcz\/stufe-a-pellet-mcz\/flux-hydro\/guarnizione-cod-41801301500\/#primaryimage\",\"url\":\"https:\/\/mack4seasons.com\/wp-content\/uploads\/2023\/01\/Guarnizione-estrattore-fumo-in-panno-per-stufe-e-termostufe-a-pellet-MCZ-compatibile-con-il-Codice-41801301500.jpg\",\"contentUrl\":\"https:\/\/mack4seasons.com\/wp-content\/uploads\/2023\/01\/Guarnizione-estrattore-fumo-in-panno-per-stufe-e-termostufe-a-pellet-MCZ-compatibile-con-il-Codice-41801301500.jpg\",\"width\":960,\"height\":960},{\"@type\":\"BreadcrumbList\",\"@id\":\"https:\/\/mack4seasons.com\/negozio\/mcz-ricambi-per-stufe-termostufe-e-caldaie-a-pellet-mcz\/stufe-a-pellet-mcz\/flux-hydro\/guarnizione-cod-41801301500\/#breadcrumb\",\"itemListElement\":[{\"@type\":\"ListItem\",\"position\":1,\"name\":\"Home\",\"item\":\"https:\/\/mack4seasons.com\/ricambi-accessori-stufe-e-caldaie-pellet\/\"},{\"@type\":\"ListItem\",\"position\":2,\"name\":\"Shop\",\"item\":\"https:\/\/mack4seasons.com\/negozio\/\"},{\"@type\":\"ListItem\",\"position\":3,\"name\":\"Guarnizione estrattore fumo in panno per stufe e termostufe a pellet MCZ compatibile con il Codice 41801301500\"}]},{\"@type\":\"WebSite\",\"@id\":\"https:\/\/mack4seasons.com\/#website\",\"url\":\"https:\/\/mack4seasons.com\/\",\"name\":\"Mack4Season\",\"description\":\"Per il comfort termico della tua casa\",\"publisher\":{\"@id\":\"https:\/\/mack4seasons.com\/#organization\"},\"potentialAction\":[{\"@type\":\"SearchAction\",\"target\":{\"@type\":\"EntryPoint\",\"urlTemplate\":\"https:\/\/mack4seasons.com\/?s={search_term_string}\"},\"query-input\":{\"@type\":\"PropertyValueSpecification\",\"valueRequired\":true,\"valueName\":\"search_term_string\"}}],\"inLanguage\":\"fr-FR\"},{\"@type\":\"Organization\",\"@id\":\"https:\/\/mack4seasons.com\/#organization\",\"name\":\"Mack4Season\",\"url\":\"https:\/\/mack4seasons.com\/\",\"logo\":{\"@type\":\"ImageObject\",\"inLanguage\":\"fr-FR\",\"@id\":\"https:\/\/mack4seasons.com\/#\/schema\/logo\/image\/\",\"url\":\"https:\/\/mack4seasons.com\/wp-content\/uploads\/2021\/06\/w-MACK-logo-pantone-02A19E.png\",\"contentUrl\":\"https:\/\/mack4seasons.com\/wp-content\/uploads\/2021\/06\/w-MACK-logo-pantone-02A19E.png\",\"width\":809,\"height\":425,\"caption\":\"Mack4Season\"},\"image\":{\"@id\":\"https:\/\/mack4seasons.com\/#\/schema\/logo\/image\/\"},\"sameAs\":[\"https:\/\/www.facebook.com\/profile.php?id=100075990468585\"]}]}<\/script>\n<!-- \/ Yoast SEO plugin. -->","yoast_head_json":{"title":"Guarnizione estrattore fumo in panno per stufe e termostufe a pellet MCZ compatibile con il Codice 41801301500 - Mack4Season","robots":{"index":"index","follow":"follow","max-snippet":"max-snippet:-1","max-image-preview":"max-image-preview:large","max-video-preview":"max-video-preview:-1"},"canonical":"https:\/\/mack4seasons.com\/fr\/negozio\/mcz-ricambi-per-stufe-termostufe-e-caldaie-a-pellet-mcz\/stufe-a-pellet-mcz\/flux-hydro\/guarnizione-cod-41801301500\/","og_locale":"fr_FR","og_type":"article","og_title":"Guarnizione estrattore fumo in panno per stufe e termostufe a pellet MCZ compatibile con il Codice 41801301500 - Mack4Season","og_description":"Compatibile con il codice originale MCZ Codice 41801301500","og_url":"https:\/\/mack4seasons.com\/fr\/negozio\/mcz-ricambi-per-stufe-termostufe-e-caldaie-a-pellet-mcz\/stufe-a-pellet-mcz\/flux-hydro\/guarnizione-cod-41801301500\/","og_site_name":"Mack4Season","article_publisher":"https:\/\/www.facebook.com\/profile.php?id=100075990468585","article_modified_time":"2023-02-02T08:16:20+00:00","og_image":[{"width":960,"height":960,"url":"https:\/\/mack4seasons.com\/wp-content\/uploads\/2023\/01\/Guarnizione-estrattore-fumo-in-panno-per-stufe-e-termostufe-a-pellet-MCZ-compatibile-con-il-Codice-41801301500.jpg","type":"image\/jpeg"}],"twitter_card":"summary_large_image","twitter_misc":{"Dur\u00e9e de lecture estim\u00e9e":"1 minute"},"schema":{"@context":"https:\/\/schema.org","@graph":[{"@type":"WebPage","@id":"https:\/\/mack4seasons.com\/negozio\/mcz-ricambi-per-stufe-termostufe-e-caldaie-a-pellet-mcz\/stufe-a-pellet-mcz\/flux-hydro\/guarnizione-cod-41801301500\/","url":"https:\/\/mack4seasons.com\/negozio\/mcz-ricambi-per-stufe-termostufe-e-caldaie-a-pellet-mcz\/stufe-a-pellet-mcz\/flux-hydro\/guarnizione-cod-41801301500\/","name":"Guarnizione estrattore fumo in panno per stufe e termostufe a pellet MCZ compatibile con il Codice 41801301500 - Mack4Season","isPartOf":{"@id":"https:\/\/mack4seasons.com\/#website"},"primaryImageOfPage":{"@id":"https:\/\/mack4seasons.com\/negozio\/mcz-ricambi-per-stufe-termostufe-e-caldaie-a-pellet-mcz\/stufe-a-pellet-mcz\/flux-hydro\/guarnizione-cod-41801301500\/#primaryimage"},"image":{"@id":"https:\/\/mack4seasons.com\/negozio\/mcz-ricambi-per-stufe-termostufe-e-caldaie-a-pellet-mcz\/stufe-a-pellet-mcz\/flux-hydro\/guarnizione-cod-41801301500\/#primaryimage"},"thumbnailUrl":"https:\/\/mack4seasons.com\/wp-content\/uploads\/2023\/01\/Guarnizione-estrattore-fumo-in-panno-per-stufe-e-termostufe-a-pellet-MCZ-compatibile-con-il-Codice-41801301500.jpg","datePublished":"2020-10-01T00:00:00+00:00","dateModified":"2023-02-02T08:16:20+00:00","breadcrumb":{"@id":"https:\/\/mack4seasons.com\/negozio\/mcz-ricambi-per-stufe-termostufe-e-caldaie-a-pellet-mcz\/stufe-a-pellet-mcz\/flux-hydro\/guarnizione-cod-41801301500\/#breadcrumb"},"inLanguage":"fr-FR","potentialAction":[{"@type":"ReadAction","target":["https:\/\/mack4seasons.com\/negozio\/mcz-ricambi-per-stufe-termostufe-e-caldaie-a-pellet-mcz\/stufe-a-pellet-mcz\/flux-hydro\/guarnizione-cod-41801301500\/"]}]},{"@type":"ImageObject","inLanguage":"fr-FR","@id":"https:\/\/mack4seasons.com\/negozio\/mcz-ricambi-per-stufe-termostufe-e-caldaie-a-pellet-mcz\/stufe-a-pellet-mcz\/flux-hydro\/guarnizione-cod-41801301500\/#primaryimage","url":"https:\/\/mack4seasons.com\/wp-content\/uploads\/2023\/01\/Guarnizione-estrattore-fumo-in-panno-per-stufe-e-termostufe-a-pellet-MCZ-compatibile-con-il-Codice-41801301500.jpg","contentUrl":"https:\/\/mack4seasons.com\/wp-content\/uploads\/2023\/01\/Guarnizione-estrattore-fumo-in-panno-per-stufe-e-termostufe-a-pellet-MCZ-compatibile-con-il-Codice-41801301500.jpg","width":960,"height":960},{"@type":"BreadcrumbList","@id":"https:\/\/mack4seasons.com\/negozio\/mcz-ricambi-per-stufe-termostufe-e-caldaie-a-pellet-mcz\/stufe-a-pellet-mcz\/flux-hydro\/guarnizione-cod-41801301500\/#breadcrumb","itemListElement":[{"@type":"ListItem","position":1,"name":"Home","item":"https:\/\/mack4seasons.com\/ricambi-accessori-stufe-e-caldaie-pellet\/"},{"@type":"ListItem","position":2,"name":"Shop","item":"https:\/\/mack4seasons.com\/negozio\/"},{"@type":"ListItem","position":3,"name":"Guarnizione estrattore fumo in panno per stufe e termostufe a pellet MCZ compatibile con il Codice 41801301500"}]},{"@type":"WebSite","@id":"https:\/\/mack4seasons.com\/#website","url":"https:\/\/mack4seasons.com\/","name":"Mack4Season","description":"Pour le confort thermique de votre maison","publisher":{"@id":"https:\/\/mack4seasons.com\/#organization"},"potentialAction":[{"@type":"SearchAction","target":{"@type":"EntryPoint","urlTemplate":"https:\/\/mack4seasons.com\/?s={search_term_string}"},"query-input":{"@type":"PropertyValueSpecification","valueRequired":true,"valueName":"search_term_string"}}],"inLanguage":"fr-FR"},{"@type":"Organization","@id":"https:\/\/mack4seasons.com\/#organization","name":"Mack4Season","url":"https:\/\/mack4seasons.com\/","logo":{"@type":"ImageObject","inLanguage":"fr-FR","@id":"https:\/\/mack4seasons.com\/#\/schema\/logo\/image\/","url":"https:\/\/mack4seasons.com\/wp-content\/uploads\/2021\/06\/w-MACK-logo-pantone-02A19E.png","contentUrl":"https:\/\/mack4seasons.com\/wp-content\/uploads\/2021\/06\/w-MACK-logo-pantone-02A19E.png","width":809,"height":425,"caption":"Mack4Season"},"image":{"@id":"https:\/\/mack4seasons.com\/#\/schema\/logo\/image\/"},"sameAs":["https:\/\/www.facebook.com\/profile.php?id=100075990468585"]}]}},"_links":{"self":[{"href":"https:\/\/mack4seasons.com\/fr\/wp-json\/wp\/v2\/product\/11860","targetHints":{"allow":["GET"]}}],"collection":[{"href":"https:\/\/mack4seasons.com\/fr\/wp-json\/wp\/v2\/product"}],"about":[{"href":"https:\/\/mack4seasons.com\/fr\/wp-json\/wp\/v2\/types\/product"}],"wp:featuredmedia":[{"embeddable":true,"href":"https:\/\/mack4seasons.com\/fr\/wp-json\/wp\/v2\/media\/17243"}],"wp:attachment":[{"href":"https:\/\/mack4seasons.com\/fr\/wp-json\/wp\/v2\/media?parent=11860"}],"wp:term":[{"taxonomy":"product_brand","embeddable":true,"href":"https:\/\/mack4seasons.com\/fr\/wp-json\/wp\/v2\/product_brand?post=11860"},{"taxonomy":"product_cat","embeddable":true,"href":"https:\/\/mack4seasons.com\/fr\/wp-json\/wp\/v2\/product_cat?post=11860"},{"taxonomy":"product_tag","embeddable":true,"href":"https:\/\/mack4seasons.com\/fr\/wp-json\/wp\/v2\/product_tag?post=11860"}],"curies":[{"name":"wp","href":"https:\/\/api.w.org\/{rel}","templated":true}]}}