{"id":11833,"date":"2020-10-01T00:00:00","date_gmt":"2020-10-01T00:00:00","guid":{"rendered":"https:\/\/mack4seasons.com\/?post_type=product&#038;p=11833"},"modified":"2023-02-02T08:16:00","modified_gmt":"2023-02-02T08:16:00","slug":"guarnizione-cod-41801600800","status":"publish","type":"product","link":"https:\/\/mack4seasons.com\/fr\/negozio\/mcz-ricambi-per-stufe-termostufe-e-caldaie-a-pellet-mcz\/stufe-a-pellet-mcz\/aike-comfort-air-2016\/guarnizione-cod-41801600800\/","title":{"rendered":"Guarnizione estrattore fumo per stufe e termostufe a pellet MCZ compatibile con il Codice 41801600800"},"content":{"rendered":"<hr ->\n<h2>Guarnizione estrattore fumo per stufa a pellet MCZ<-h2><br \/>\nCompatibile con il Codice 41801600800<br \/>\n<strong> Pour les mod\u00e8les de po\u00eales \u00e0 pellets MCZ suivants : <-strong>Aike Comfort Air 2016, Aike Comfort Air 8 M1, Alyssa Air 6 M1, Alyssa Air 6 M1+, Amy &#8211; Easy, Amy &#8211; Easy Connect, Berg, Berg Air 8 M1, Berg Maestro, Club Air &#8211; 2016, Club Air &#8211; 2016 Up!, Club Air 10 M1, Club Air 10 M2 &#8211; Club Air 10 M2+, Club Air 10 Up! M1, Club Air 10 Up! M1 Uf, Club Air 10 Up! M2 &#8211; Club Air 10 Up! M2+, Club Comfort Air &#8211; 2016, Club Comfort Air &#8211; 2016 Up!, Club Comfort Air 12 M1, Club Comfort Air 12 M2 &#8211; Club Comfort Air 12 M2+, Club Comfort Air 12 Up! M1, Club Comfort Air 12 Up! M1 Uf, Club Comfort Air 12 Up! M2 &#8211; Club Comfort Air 12 Up! M2+, Club Comfort Air 14 &#8211; 2016, Club Comfort Air 14 &#8211; 2016 Up!, Club Comfort Air 14 M1, Club Comfort Air 14 M2 &#8211; Club Comfort Air 14 M2+, Club Comfort Air 14 Up! M1, Club Comfort Air 14 Up! M1 Uf, Club Comfort Air 14 Up! M2 &#8211; Club Comfort Air 14 Up! M2+, Club Comfort Air matic  14 M1, Club Comfort Air matic  14 M2 &#8211; Club Comfort Air matic  14 M2+, Curve, Curve Comfort Air 8 M1, Curve Comfort Air Maestro, Cute Air 8 M1, Dec\u00f2 Air 8 M1, Ego Air &#8211; 2016, Ego Air &#8211; 2016 Up!, Ego Air 8 M1, Ego Air 8 M2 &#8211; Ego Air 8 M2+, Ego Air 8 Up! M1, Ego Air 8 Up! M1 Uf, Ego Air 8 Up! M2 &#8211; Ego Air 8 Up! M2+, Ego Air 8 XUp! M2 &#8211; Ego Air 8 XUp! M2+, Ego Comfort Air &#8211; 2016, Ego Comfort Air &#8211; 2016 Up!, Ego Comfort Air 10 M1, Ego Comfort Air 10 M2 &#8211; Ego Comfort Air 10 M2+, Ego Comfort Air 10 Up! M1, Ego Comfort Air 10 Up! M1 Uf, Ego Comfort Air 10 Up! M2 &#8211; Ego Comfort Air 10 Up! M2+, Ego Hydro matic  12, Ego Hydro matic  12 M1, Ego Hydro matic  12 M2 &#8211; Ego Hydro matic  12 M2+, Flow Comfort Air 10 M1, Gi\u00f2 &#8211; 2016, Gi\u00f2 Air 8 S1 &#8211; Easy Connect, Halo, Halo 8 M1, Halo Air 8 Up! M1 Uf, Halo Maestro, Halo Up!, Klin &#8211; 2016, Klin Comfort Air 8 M1, Loop Air 8 M1, Maggie 2016-Maggie Comfort Air 10 S1, Maggie Comfort Air 10 S1 &#8211; Easy Connect, Mood, Mood Comfort Air 8 M1, Mood Comfort Air Maestro,<br \/>\nMusa Air &#8211; 2016, Musa Air &#8211; 2016 Up!, Musa Air 10 M1, Musa Air 10 Up! M1, Musa Air 10 Up! M1 Uf, Musa Comfort Air &#8211; 2016, Musa Comfort Air &#8211; 2016 Up!, Musa Comfort Air 12 M1, Musa Comfort Air 12 M2+, Musa Comfort Air 12 Up! M1, Musa Comfort Air 12 Up! M1 Uf, Musa Comfort Air 14 &#8211; 2016, Musa Comfort Air 14 &#8211; 2016 Up!, Musa Comfort Air 14 M1, Musa Comfort Air 14 M2+, Musa Comfort Air 14 Up! M1, Musa Comfort Air 14 Up! M1 Uf, Musa Comfort Air matic  14 M1, Musa Comfort Air matic  14 M2+, Star Air &#8211; 2016, Star Air &#8211; 2016 Up!, Star Air 8 M1, Star Air 8 Up! M1, Star Air 8 Up! M1 Uf, Star Comfort Air &#8211; 2016, Star Comfort Air &#8211; 2016 Up!, Star Comfort Air 10 M1, Star Comfort Air 10 M2+, Star Comfort Air 10 Up! M1, Star Comfort Air 10 Up! M1 Uf, Star Hydro matic  12, Star Hydro matic  12 M2+, Suite Air &#8211; 2016, Suite Air &#8211; 2016 Up!, Suite Air 10 M1, Suite Air 10 M2 &#8211; Suite Air 10 M2+, Suite Air 10 Up! M1, Suite Air 10 Up! M1 Uf, Suite Air 10 Up! M2 &#8211; Suite Air 10 Up! M2+, Suite Comfort Air &#8211; 2016, Suite Comfort Air &#8211; 2016 Up!, Suite Comfort Air 12 M1, Suite Comfort Air 12 M2 &#8211; Suite Comfort Air 12 M2+, Suite Comfort Air 12 Up! M1, Suite Comfort Air 12 Up! M1 Uf, Suite Comfort Air 12 Up! M2 &#8211; Suite Comfort Air 12 Up! M2+, Suite Comfort Air 14 &#8211; 2016, Suite Comfort Air 14 &#8211; 2016 Up!, Suite Comfort Air 14 M1, Suite Comfort Air 14 M2 &#8211; Suite Comfort Air 14 M2,<br \/>\nSuite Comfort Air 14 Up! M1, Suite Comfort Air 14 Up! M1 Uf, Suite Comfort Air 14 Up! M2 &#8211; Suite Comfort Air 14 Up! M2+, Suite Comfort Air matic  14 M1, Suite Comfort Air matic  14 M2 &#8211; Suite Comfort Air matic  14 M2+, Tecla Air 6 M1, Tecla Air 6 M1+, Thema Air 8 M1,<br \/>\nTilda &#8211; 2016, Tilda Comfort Air 10 M1, Wall Air 8-8 Up! M1,  Air 8-8 Up! M1, Wall Angle Air 8 M1 <\/p>","protected":false},"excerpt":{"rendered":"<hr ->\n<p>Compatible avec le code MCZ original <strong>Code 41801600800<-strong><\/p>","protected":false},"featured_media":17236,"template":"","meta":[],"product_brand":[],"product_cat":[1295,1296,1530,1531,1532,1242,1297,1298,1246,1247,1306,1533,1307,1308,1534,1249,1250,1309,1535,1310,1311,1536,1251,1252,1312,1537,1313,1314,1538,1539,1540,1253,1321,1446,1523,1524,1254,1255,1327,1541,1328,1329,1564,1565,1256,1257,1330,1542,1331,1332,1566,1403,1449,1450,1567,1451,1543,1260,1337,1338,1339,1340,1343,1344,1349,1455,1544,1212,1262,1350,1351,1264,1265,1352,1353,1354,1267,1268,1355,1545,1356,1357,1269,1270,1358,1546,1359,1360,1547,1548,1276,1277,1369,1370,1371,1278,1279,1372,1549,1373,1374,1407,1483,1281,1282,1377,1550,1378,1379,1551,1284,1285,1380,1552,1381,1382,1553,1286,1287,1383,1554,1384,1385,1555,1556,1557,1558,1528,1393,1394,1559,1560],"product_tag":[75],"class_list":{"0":"post-11833","1":"product","2":"type-product","3":"status-publish","4":"has-post-thumbnail","6":"product_cat-aike-comfort-air-2016","7":"product_cat-aike-comfort-air-8-m1","8":"product_cat-alyssa-air-6-m1","9":"product_cat-amy-easy","10":"product_cat-amy-easy-connect","11":"product_cat-berg","12":"product_cat-berg-air-8-m1","13":"product_cat-berg-maestro","14":"product_cat-club-air-2016","15":"product_cat-club-air-2016-up","16":"product_cat-club-air-10-m1","17":"product_cat-club-air-10-m2-club-air-10-m2","18":"product_cat-club-air-10-up-m1","19":"product_cat-club-air-10-up-m1-uf","20":"product_cat-club-air-10-up-m2-club-air-10-up-m2","21":"product_cat-club-comfort-air-2016","22":"product_cat-club-comfort-air-2016-up","23":"product_cat-club-comfort-air-12-m1","24":"product_cat-club-comfort-air-12-m2-club-comfort-air-12-m2","25":"product_cat-club-comfort-air-12-up-m1","26":"product_cat-club-comfort-air-12-up-m1-uf","27":"product_cat-club-comfort-air-12-up-m2-club-comfort-air-12-up-m2","28":"product_cat-club-comfort-air-14-2016","29":"product_cat-club-comfort-air-14-2016-up","30":"product_cat-club-comfort-air-14-m1","31":"product_cat-club-comfort-air-14-m2-club-comfort-air-14-m2","32":"product_cat-club-comfort-air-14-up-m1","33":"product_cat-club-comfort-air-14-up-m1-uf","34":"product_cat-club-comfort-air-14-up-m2-club-comfort-air-14-up-m2","35":"product_cat-club-comfort-air-matic-14-m1","36":"product_cat-club-comfort-air-matic-14-m2-club-comfort-air-matic-14-m2","37":"product_cat-curve","38":"product_cat-curve-comfort-air-8-m1","39":"product_cat-curve-comfort-air-maestro","40":"product_cat-cute-air-8-m1","41":"product_cat-deco-air-8-m1","42":"product_cat-ego-air-2016","43":"product_cat-ego-air-2016-up","44":"product_cat-ego-air-8-m1","45":"product_cat-ego-air-8-m2-ego-air-8-m2","46":"product_cat-ego-air-8-up-m1","47":"product_cat-ego-air-8-up-m1-uf","48":"product_cat-ego-air-8-up-m2-ego-air-8-up-m2","49":"product_cat-ego-air-8-xup-m2-ego-air-8-xup-m2","50":"product_cat-ego-comfort-air-2016","51":"product_cat-ego-comfort-air-2016-up","52":"product_cat-ego-comfort-air-10-m1","53":"product_cat-ego-comfort-air-10-m2-ego-comfort-air-10-m2","54":"product_cat-ego-comfort-air-10-up-m1","55":"product_cat-ego-comfort-air-10-up-m1-uf","56":"product_cat-ego-comfort-air-10-up-m2-ego-comfort-air-10-up-m2","57":"product_cat-ego-hydro-matic-12","58":"product_cat-ego-hydro-matic-12-m1","59":"product_cat-ego-hydro-matic-12-m2-ego-hydro-matic-12-m2","60":"product_cat-flow-comfort-air-10-m1","61":"product_cat-gio-2016","62":"product_cat-gio-air-8-s1-easy-connect","63":"product_cat-halo","64":"product_cat-halo-8-m1","65":"product_cat-halo-air-8-up-m1-uf","66":"product_cat-halo-maestro","67":"product_cat-halo-up","68":"product_cat-klin-2016","69":"product_cat-klin-comfort-air-8-m1","70":"product_cat-loop-air-8-m1","71":"product_cat-maggie-2016-maggie-comfort-air-10-s1","72":"product_cat-maggie-comfort-air-10-s1-easy-connect","73":"product_cat-mcz-ricambi-per-stufe-termostufe-e-caldaie-a-pellet-mcz","74":"product_cat-mood-stufe-a-pellet-mcz","75":"product_cat-mood-comfort-air-8-m1","76":"product_cat-mood-comfort-air-maestro","77":"product_cat-musa-air-2016","78":"product_cat-musa-air-2016-up","79":"product_cat-musa-air-10-m1","80":"product_cat-musa-air-10-up-m1","81":"product_cat-musa-air-10-up-m1-uf","82":"product_cat-musa-comfort-air-2016","83":"product_cat-musa-comfort-air-2016-up","84":"product_cat-musa-comfort-air-12-m1","85":"product_cat-musa-comfort-air-12-m2","86":"product_cat-musa-comfort-air-12-up-m1","87":"product_cat-musa-comfort-air-12-up-m1-uf","88":"product_cat-musa-comfort-air-14-2016","89":"product_cat-musa-comfort-air-14-2016-up","90":"product_cat-musa-comfort-air-14-m1","91":"product_cat-musa-comfort-air-14-m2","92":"product_cat-musa-comfort-air-14-up-m1","93":"product_cat-musa-comfort-air-14-up-m1-uf","94":"product_cat-musa-comfort-air-matic-14-m1","95":"product_cat-musa-comfort-air-matic-14-m2","96":"product_cat-star-air-2016","97":"product_cat-star-air-2016-up","98":"product_cat-star-air-8-m1","99":"product_cat-star-air-8-up-m1","100":"product_cat-star-air-8-up-m1-uf","101":"product_cat-star-comfort-air-2016","102":"product_cat-star-comfort-air-2016-up","103":"product_cat-star-comfort-air-10-m1","104":"product_cat-star-comfort-air-10-m2","105":"product_cat-star-comfort-air-10-up-m1","106":"product_cat-star-comfort-air-10-up-m1-uf","107":"product_cat-star-hydro-matic-12","108":"product_cat-star-hydro-matic-12-m2","109":"product_cat-suite-air-2016","110":"product_cat-suite-air-2016-up","111":"product_cat-suite-air-10-m1","112":"product_cat-suite-air-10-m2-suite-air-10-m2","113":"product_cat-suite-air-10-up-m1","114":"product_cat-suite-air-10-up-m1-uf","115":"product_cat-suite-air-10-up-m2-suite-air-10-up-m2","116":"product_cat-suite-comfort-air-2016","117":"product_cat-suite-comfort-air-2016-up","118":"product_cat-suite-comfort-air-12-m1","119":"product_cat-suite-comfort-air-12-m2-suite-comfort-air-12-m2","120":"product_cat-suite-comfort-air-12-up-m1","121":"product_cat-suite-comfort-air-12-up-m1-uf","122":"product_cat-suite-comfort-air-12-up-m2-suite-comfort-air-12-up-m2","123":"product_cat-suite-comfort-air-14-2016","124":"product_cat-suite-comfort-air-14-2016-up","125":"product_cat-suite-comfort-air-14-m1","126":"product_cat-suite-comfort-air-14-m2-suite-comfort-air-14-m2","127":"product_cat-suite-comfort-air-14-up-m1","128":"product_cat-suite-comfort-air-14-up-m1-uf","129":"product_cat-suite-comfort-air-14-up-m2-suite-comfort-air-14-up-m2","130":"product_cat-suite-comfort-air-matic-14-m1","131":"product_cat-suite-comfort-air-matic-14-m2-suite-comfort-air-matic-14-m2","132":"product_cat-tecla-air-6-m1","133":"product_cat-thema-air-8-m1","134":"product_cat-tilda-2016","135":"product_cat-tilda-comfort-air-10-m1","136":"product_cat-wall-air-8-8-up-m1","137":"product_cat-wall-angle-air-8-m1","138":"product_tag-freepoint","139":"product_shipping_class-classe-di-spedizione-01","141":"first","142":"instock","143":"taxable","144":"shipping-taxable","145":"purchasable","146":"product-type-simple"},"yoast_head":"<!-- This site is optimized with the Yoast SEO plugin v26.3 - https:\/\/yoast.com\/wordpress\/plugins\/seo\/ -->\n<title>Guarnizione estrattore fumo per stufe e termostufe a pellet MCZ compatibile con il Codice 41801600800 - Mack4Season<\/title>\n<meta name=\"robots\" content=\"index, follow, max-snippet:-1, max-image-preview:large, max-video-preview:-1\" \/>\n<link rel=\"canonical\" href=\"https:\/\/mack4seasons.com\/fr\/negozio\/mcz-ricambi-per-stufe-termostufe-e-caldaie-a-pellet-mcz\/stufe-a-pellet-mcz\/berg\/guarnizione-cod-41801600800\/\" \/>\n<meta property=\"og:locale\" content=\"fr_FR\" \/>\n<meta property=\"og:type\" content=\"article\" \/>\n<meta property=\"og:title\" content=\"Guarnizione estrattore fumo per stufe e termostufe a pellet MCZ compatibile con il Codice 41801600800 - Mack4Season\" \/>\n<meta property=\"og:description\" content=\"Compatibile con il codice originale MCZ Codice 41801600800\" \/>\n<meta property=\"og:url\" content=\"https:\/\/mack4seasons.com\/fr\/negozio\/mcz-ricambi-per-stufe-termostufe-e-caldaie-a-pellet-mcz\/stufe-a-pellet-mcz\/berg\/guarnizione-cod-41801600800\/\" \/>\n<meta property=\"og:site_name\" content=\"Mack4Season\" \/>\n<meta property=\"article:publisher\" content=\"https:\/\/www.facebook.com\/profile.php?id=100075990468585\" \/>\n<meta property=\"article:modified_time\" content=\"2023-02-02T08:16:00+00:00\" \/>\n<meta property=\"og:image\" content=\"https:\/\/mack4seasons.com\/wp-content\/uploads\/2023\/01\/Guarnizione-estrattore-fumo-per-stufe-e-termostufe-a-pellet-MCZ-compatibile-con-il-Codice-41801600800.jpg\" \/>\n\t<meta property=\"og:image:width\" content=\"960\" \/>\n\t<meta property=\"og:image:height\" content=\"960\" \/>\n\t<meta property=\"og:image:type\" content=\"image\/jpeg\" \/>\n<meta name=\"twitter:card\" content=\"summary_large_image\" \/>\n<meta name=\"twitter:label1\" content=\"Dur\u00e9e de lecture estim\u00e9e\" \/>\n\t<meta name=\"twitter:data1\" content=\"1 minute\" \/>\n<script type=\"application\/ld+json\" class=\"yoast-schema-graph\">{\"@context\":\"https:\/\/schema.org\",\"@graph\":[{\"@type\":\"WebPage\",\"@id\":\"https:\/\/mack4seasons.com\/negozio\/mcz-ricambi-per-stufe-termostufe-e-caldaie-a-pellet-mcz\/stufe-a-pellet-mcz\/berg\/guarnizione-cod-41801600800\/\",\"url\":\"https:\/\/mack4seasons.com\/negozio\/mcz-ricambi-per-stufe-termostufe-e-caldaie-a-pellet-mcz\/stufe-a-pellet-mcz\/berg\/guarnizione-cod-41801600800\/\",\"name\":\"Guarnizione estrattore fumo per stufe e termostufe a pellet MCZ compatibile con il Codice 41801600800 - Mack4Season\",\"isPartOf\":{\"@id\":\"https:\/\/mack4seasons.com\/#website\"},\"primaryImageOfPage\":{\"@id\":\"https:\/\/mack4seasons.com\/negozio\/mcz-ricambi-per-stufe-termostufe-e-caldaie-a-pellet-mcz\/stufe-a-pellet-mcz\/berg\/guarnizione-cod-41801600800\/#primaryimage\"},\"image\":{\"@id\":\"https:\/\/mack4seasons.com\/negozio\/mcz-ricambi-per-stufe-termostufe-e-caldaie-a-pellet-mcz\/stufe-a-pellet-mcz\/berg\/guarnizione-cod-41801600800\/#primaryimage\"},\"thumbnailUrl\":\"https:\/\/mack4seasons.com\/wp-content\/uploads\/2023\/01\/Guarnizione-estrattore-fumo-per-stufe-e-termostufe-a-pellet-MCZ-compatibile-con-il-Codice-41801600800.jpg\",\"datePublished\":\"2020-10-01T00:00:00+00:00\",\"dateModified\":\"2023-02-02T08:16:00+00:00\",\"breadcrumb\":{\"@id\":\"https:\/\/mack4seasons.com\/negozio\/mcz-ricambi-per-stufe-termostufe-e-caldaie-a-pellet-mcz\/stufe-a-pellet-mcz\/berg\/guarnizione-cod-41801600800\/#breadcrumb\"},\"inLanguage\":\"fr-FR\",\"potentialAction\":[{\"@type\":\"ReadAction\",\"target\":[\"https:\/\/mack4seasons.com\/negozio\/mcz-ricambi-per-stufe-termostufe-e-caldaie-a-pellet-mcz\/stufe-a-pellet-mcz\/berg\/guarnizione-cod-41801600800\/\"]}]},{\"@type\":\"ImageObject\",\"inLanguage\":\"fr-FR\",\"@id\":\"https:\/\/mack4seasons.com\/negozio\/mcz-ricambi-per-stufe-termostufe-e-caldaie-a-pellet-mcz\/stufe-a-pellet-mcz\/berg\/guarnizione-cod-41801600800\/#primaryimage\",\"url\":\"https:\/\/mack4seasons.com\/wp-content\/uploads\/2023\/01\/Guarnizione-estrattore-fumo-per-stufe-e-termostufe-a-pellet-MCZ-compatibile-con-il-Codice-41801600800.jpg\",\"contentUrl\":\"https:\/\/mack4seasons.com\/wp-content\/uploads\/2023\/01\/Guarnizione-estrattore-fumo-per-stufe-e-termostufe-a-pellet-MCZ-compatibile-con-il-Codice-41801600800.jpg\",\"width\":960,\"height\":960},{\"@type\":\"BreadcrumbList\",\"@id\":\"https:\/\/mack4seasons.com\/negozio\/mcz-ricambi-per-stufe-termostufe-e-caldaie-a-pellet-mcz\/stufe-a-pellet-mcz\/berg\/guarnizione-cod-41801600800\/#breadcrumb\",\"itemListElement\":[{\"@type\":\"ListItem\",\"position\":1,\"name\":\"Home\",\"item\":\"https:\/\/mack4seasons.com\/ricambi-accessori-stufe-e-caldaie-pellet\/\"},{\"@type\":\"ListItem\",\"position\":2,\"name\":\"Shop\",\"item\":\"https:\/\/mack4seasons.com\/negozio\/\"},{\"@type\":\"ListItem\",\"position\":3,\"name\":\"Guarnizione estrattore fumo per stufe e termostufe a pellet MCZ compatibile con il Codice 41801600800\"}]},{\"@type\":\"WebSite\",\"@id\":\"https:\/\/mack4seasons.com\/#website\",\"url\":\"https:\/\/mack4seasons.com\/\",\"name\":\"Mack4Season\",\"description\":\"Per il comfort termico della tua casa\",\"publisher\":{\"@id\":\"https:\/\/mack4seasons.com\/#organization\"},\"potentialAction\":[{\"@type\":\"SearchAction\",\"target\":{\"@type\":\"EntryPoint\",\"urlTemplate\":\"https:\/\/mack4seasons.com\/?s={search_term_string}\"},\"query-input\":{\"@type\":\"PropertyValueSpecification\",\"valueRequired\":true,\"valueName\":\"search_term_string\"}}],\"inLanguage\":\"fr-FR\"},{\"@type\":\"Organization\",\"@id\":\"https:\/\/mack4seasons.com\/#organization\",\"name\":\"Mack4Season\",\"url\":\"https:\/\/mack4seasons.com\/\",\"logo\":{\"@type\":\"ImageObject\",\"inLanguage\":\"fr-FR\",\"@id\":\"https:\/\/mack4seasons.com\/#\/schema\/logo\/image\/\",\"url\":\"https:\/\/mack4seasons.com\/wp-content\/uploads\/2021\/06\/w-MACK-logo-pantone-02A19E.png\",\"contentUrl\":\"https:\/\/mack4seasons.com\/wp-content\/uploads\/2021\/06\/w-MACK-logo-pantone-02A19E.png\",\"width\":809,\"height\":425,\"caption\":\"Mack4Season\"},\"image\":{\"@id\":\"https:\/\/mack4seasons.com\/#\/schema\/logo\/image\/\"},\"sameAs\":[\"https:\/\/www.facebook.com\/profile.php?id=100075990468585\"]}]}<\/script>\n<!-- \/ Yoast SEO plugin. -->","yoast_head_json":{"title":"Guarnizione estrattore fumo per stufe e termostufe a pellet MCZ compatibile con il Codice 41801600800 - Mack4Season","robots":{"index":"index","follow":"follow","max-snippet":"max-snippet:-1","max-image-preview":"max-image-preview:large","max-video-preview":"max-video-preview:-1"},"canonical":"https:\/\/mack4seasons.com\/fr\/negozio\/mcz-ricambi-per-stufe-termostufe-e-caldaie-a-pellet-mcz\/stufe-a-pellet-mcz\/berg\/guarnizione-cod-41801600800\/","og_locale":"fr_FR","og_type":"article","og_title":"Guarnizione estrattore fumo per stufe e termostufe a pellet MCZ compatibile con il Codice 41801600800 - Mack4Season","og_description":"Compatibile con il codice originale MCZ Codice 41801600800","og_url":"https:\/\/mack4seasons.com\/fr\/negozio\/mcz-ricambi-per-stufe-termostufe-e-caldaie-a-pellet-mcz\/stufe-a-pellet-mcz\/berg\/guarnizione-cod-41801600800\/","og_site_name":"Mack4Season","article_publisher":"https:\/\/www.facebook.com\/profile.php?id=100075990468585","article_modified_time":"2023-02-02T08:16:00+00:00","og_image":[{"width":960,"height":960,"url":"https:\/\/mack4seasons.com\/wp-content\/uploads\/2023\/01\/Guarnizione-estrattore-fumo-per-stufe-e-termostufe-a-pellet-MCZ-compatibile-con-il-Codice-41801600800.jpg","type":"image\/jpeg"}],"twitter_card":"summary_large_image","twitter_misc":{"Dur\u00e9e de lecture estim\u00e9e":"1 minute"},"schema":{"@context":"https:\/\/schema.org","@graph":[{"@type":"WebPage","@id":"https:\/\/mack4seasons.com\/negozio\/mcz-ricambi-per-stufe-termostufe-e-caldaie-a-pellet-mcz\/stufe-a-pellet-mcz\/berg\/guarnizione-cod-41801600800\/","url":"https:\/\/mack4seasons.com\/negozio\/mcz-ricambi-per-stufe-termostufe-e-caldaie-a-pellet-mcz\/stufe-a-pellet-mcz\/berg\/guarnizione-cod-41801600800\/","name":"Guarnizione estrattore fumo per stufe e termostufe a pellet MCZ compatibile con il Codice 41801600800 - Mack4Season","isPartOf":{"@id":"https:\/\/mack4seasons.com\/#website"},"primaryImageOfPage":{"@id":"https:\/\/mack4seasons.com\/negozio\/mcz-ricambi-per-stufe-termostufe-e-caldaie-a-pellet-mcz\/stufe-a-pellet-mcz\/berg\/guarnizione-cod-41801600800\/#primaryimage"},"image":{"@id":"https:\/\/mack4seasons.com\/negozio\/mcz-ricambi-per-stufe-termostufe-e-caldaie-a-pellet-mcz\/stufe-a-pellet-mcz\/berg\/guarnizione-cod-41801600800\/#primaryimage"},"thumbnailUrl":"https:\/\/mack4seasons.com\/wp-content\/uploads\/2023\/01\/Guarnizione-estrattore-fumo-per-stufe-e-termostufe-a-pellet-MCZ-compatibile-con-il-Codice-41801600800.jpg","datePublished":"2020-10-01T00:00:00+00:00","dateModified":"2023-02-02T08:16:00+00:00","breadcrumb":{"@id":"https:\/\/mack4seasons.com\/negozio\/mcz-ricambi-per-stufe-termostufe-e-caldaie-a-pellet-mcz\/stufe-a-pellet-mcz\/berg\/guarnizione-cod-41801600800\/#breadcrumb"},"inLanguage":"fr-FR","potentialAction":[{"@type":"ReadAction","target":["https:\/\/mack4seasons.com\/negozio\/mcz-ricambi-per-stufe-termostufe-e-caldaie-a-pellet-mcz\/stufe-a-pellet-mcz\/berg\/guarnizione-cod-41801600800\/"]}]},{"@type":"ImageObject","inLanguage":"fr-FR","@id":"https:\/\/mack4seasons.com\/negozio\/mcz-ricambi-per-stufe-termostufe-e-caldaie-a-pellet-mcz\/stufe-a-pellet-mcz\/berg\/guarnizione-cod-41801600800\/#primaryimage","url":"https:\/\/mack4seasons.com\/wp-content\/uploads\/2023\/01\/Guarnizione-estrattore-fumo-per-stufe-e-termostufe-a-pellet-MCZ-compatibile-con-il-Codice-41801600800.jpg","contentUrl":"https:\/\/mack4seasons.com\/wp-content\/uploads\/2023\/01\/Guarnizione-estrattore-fumo-per-stufe-e-termostufe-a-pellet-MCZ-compatibile-con-il-Codice-41801600800.jpg","width":960,"height":960},{"@type":"BreadcrumbList","@id":"https:\/\/mack4seasons.com\/negozio\/mcz-ricambi-per-stufe-termostufe-e-caldaie-a-pellet-mcz\/stufe-a-pellet-mcz\/berg\/guarnizione-cod-41801600800\/#breadcrumb","itemListElement":[{"@type":"ListItem","position":1,"name":"Home","item":"https:\/\/mack4seasons.com\/ricambi-accessori-stufe-e-caldaie-pellet\/"},{"@type":"ListItem","position":2,"name":"Shop","item":"https:\/\/mack4seasons.com\/negozio\/"},{"@type":"ListItem","position":3,"name":"Guarnizione estrattore fumo per stufe e termostufe a pellet MCZ compatibile con il Codice 41801600800"}]},{"@type":"WebSite","@id":"https:\/\/mack4seasons.com\/#website","url":"https:\/\/mack4seasons.com\/","name":"Mack4Season","description":"Pour le confort thermique de votre maison","publisher":{"@id":"https:\/\/mack4seasons.com\/#organization"},"potentialAction":[{"@type":"SearchAction","target":{"@type":"EntryPoint","urlTemplate":"https:\/\/mack4seasons.com\/?s={search_term_string}"},"query-input":{"@type":"PropertyValueSpecification","valueRequired":true,"valueName":"search_term_string"}}],"inLanguage":"fr-FR"},{"@type":"Organization","@id":"https:\/\/mack4seasons.com\/#organization","name":"Mack4Season","url":"https:\/\/mack4seasons.com\/","logo":{"@type":"ImageObject","inLanguage":"fr-FR","@id":"https:\/\/mack4seasons.com\/#\/schema\/logo\/image\/","url":"https:\/\/mack4seasons.com\/wp-content\/uploads\/2021\/06\/w-MACK-logo-pantone-02A19E.png","contentUrl":"https:\/\/mack4seasons.com\/wp-content\/uploads\/2021\/06\/w-MACK-logo-pantone-02A19E.png","width":809,"height":425,"caption":"Mack4Season"},"image":{"@id":"https:\/\/mack4seasons.com\/#\/schema\/logo\/image\/"},"sameAs":["https:\/\/www.facebook.com\/profile.php?id=100075990468585"]}]}},"_links":{"self":[{"href":"https:\/\/mack4seasons.com\/fr\/wp-json\/wp\/v2\/product\/11833","targetHints":{"allow":["GET"]}}],"collection":[{"href":"https:\/\/mack4seasons.com\/fr\/wp-json\/wp\/v2\/product"}],"about":[{"href":"https:\/\/mack4seasons.com\/fr\/wp-json\/wp\/v2\/types\/product"}],"wp:featuredmedia":[{"embeddable":true,"href":"https:\/\/mack4seasons.com\/fr\/wp-json\/wp\/v2\/media\/17236"}],"wp:attachment":[{"href":"https:\/\/mack4seasons.com\/fr\/wp-json\/wp\/v2\/media?parent=11833"}],"wp:term":[{"taxonomy":"product_brand","embeddable":true,"href":"https:\/\/mack4seasons.com\/fr\/wp-json\/wp\/v2\/product_brand?post=11833"},{"taxonomy":"product_cat","embeddable":true,"href":"https:\/\/mack4seasons.com\/fr\/wp-json\/wp\/v2\/product_cat?post=11833"},{"taxonomy":"product_tag","embeddable":true,"href":"https:\/\/mack4seasons.com\/fr\/wp-json\/wp\/v2\/product_tag?post=11833"}],"curies":[{"name":"wp","href":"https:\/\/api.w.org\/{rel}","templated":true}]}}