{"id":11809,"date":"2020-10-01T00:00:00","date_gmt":"2020-10-01T00:00:00","guid":{"rendered":"https:\/\/mack4seasons.com\/?post_type=product&#038;p=11809"},"modified":"2023-02-02T08:15:13","modified_gmt":"2023-02-02T08:15:13","slug":"pressostato-cod-4160482","status":"publish","type":"product","link":"https:\/\/mack4seasons.com\/fr\/negozio\/mcz-ricambi-per-stufe-termostufe-e-caldaie-a-pellet-mcz\/stufe-a-pellet-mcz\/antares\/pressostato-cod-4160482\/","title":{"rendered":"Pressostato per stufe e termostufe a pellet MCZ compatibile con il Codice 4160482"},"content":{"rendered":"<hr ->\n<h2>Pressostato per stufa a pellet MCZ<-h2><br \/>\nCompatibile con il Codice 4160482<br \/>\n<strong> Pour les mod\u00e8les de po\u00eales \u00e0 pellets MCZ suivants : <-strong>Aki Hydro matic  16 M1, Aki Hydro matic  24 M1, Antares, Antares &#8217;02, Antares &#8217;03, Astra, Astra &#8217;05 (Box Pellet), Athos Hydro 14 kw, Athos MultiAir, Aurora, Aurora &#8217;05 (Box Pellet), Clio Hydro 16, Clio Hydro 16 S1 &#8211; Easy Connect, Clio Hydro 23, Clio Hydro 23 S1 &#8211; Easy Connect, Clio Hydro 23-S, Club Hydro matic  16 kw, Club Hydro matic  16 M1, Club Hydro matic  18 M2 &#8211; Club Hydro matic  18 M2+, Club Hydro matic  24 Acs M1, Club Hydro matic  24 Acs M2 &#8211; Club Hydro matic  24 Acs M2+, Club Hydro matic  24 kw, Club Hydro matic  24 M1, Club Hydro matic  24 M2 &#8211; Club Hydro matic  24 M2+, Club Hydro matic -S 24 kw, Ego Hydro matic  12, Ego Hydro matic  12 M1, Ego Hydro matic  12 M2 &#8211; Ego Hydro matic  12 M2+, Gea, Gi\u00f2, Jazz Hydro matic  30 Acs H1, Jazz Hydro matic  30 H1,<br \/>\nJazz Hydro matic  30 M1, Maggie, Mercury 6 kw, Mercury 8 kw, Modulo Pellet, Modulo Pellet (Box Pellet), Musa Hydro matic  16 kw, Musa Hydro matic  16 M1, Musa Hydro matic  24 kw, Musa Hydro matic  24 M1, Musa Hydro matic -S 24 kw, Nova Air, Nova Air (Box Pellet), Nova MultiAir, Nova MultiAir (Box Pellet), Omega, Omega &#8217;05, Pad Line-Pad Lain Hydro matic  18 M2 &#8211; Pad Line-Pad Lain Hydro matic  18 M2+, Pad Line-Pad Lain Hydro matic  24 M2 &#8211; Pad Line-Pad Lain Hydro matic  24 M2+, Panorama, Performa 15 HQ Easy Clean H1, Performa 20 HQ Easy Clean H1, Performa 25 HQ Easy Clean H1, Performa 30 HQ Easy Clean H1, Performa 35 HQ Easy Clean H1, Planet, Planet &#8217;05, Polar Air, Polar Air (Box Pellet), Polar MultiAir, Polar MultiAir (Box Pellet), PowerBox Compact, PowerBox LINK, Powersystem, Saturn, Saturn &#8217;05,<br \/>\nSelecta 15 HQ S1, Selecta 20 HQ S1, Selecta 25 HQ Acs S1, Selecta 25 HQ S1, Selecta 30 HQ S1, Selecta 35 HQ S1, Solar, Star Hydro matic  12, Star Hydro matic  12 M1, Star Hydro matic  12 M2+, Suite Hydro matic  16 kw, Suite Hydro matic  16 M1, Suite Hydro matic  18 M2 &#8211; SuiteHydro matic  18 M2+, Suite Hydro matic  24 Acs M1, Suite Hydro matic  24 Acs M2 &#8211; Suite Hydro matic  24 Acs M2+, Suite Hydro matic  24 kw, Suite Hydro matic  24 M1, Suite Hydro matic  24 M2 &#8211; Suite Hydro matic  24 M2+, Suite Hydro matic -S 24 kw, Thea Hydro 16 S1, Thea Hydro 23 S1, Vega, Vega &#8217;05 (Box Pellet), Vivo 90 Hydro 16 M1, Vivo 90 Hydro 24 M1, Yari Air, Yari MultiAir <\/p>","protected":false},"excerpt":{"rendered":"<hr ->\n<p>Compatible avec le code MCZ original <strong>Code 4160482<-strong><\/p>","protected":false},"featured_media":17210,"template":"","meta":[],"product_brand":[],"product_cat":[1562,1563,1520,1429,1430,1521,1431,1662,1736,1522,1433,1434,1435,1436,1437,1438,1402,1400,1439,1440,1441,1442,1401,1443,1444,1403,1449,1450,1668,1413,1452,1453,1454,1414,1212,1456,1457,1695,1458,1406,1404,1459,1405,1460,1675,1461,1737,1738,1698,1464,1465,1466,1620,1467,1468,1469,1470,1364,1699,1471,1678,1472,1739,1740,1641,1642,1643,1700,1475,1476,1477,1478,1479,1480,1481,1681,1407,1482,1483,1410,1408,1486,1487,1488,1489,1409,1490,1491,1526,1527,1529,1496,1568,1569,1498,1741],"product_tag":[75],"class_list":{"0":"post-11809","1":"product","2":"type-product","3":"status-publish","4":"has-post-thumbnail","6":"product_cat-aki-hydro-matic-16-m1","7":"product_cat-aki-hydro-matic-24-m1","8":"product_cat-antares","9":"product_cat-antares-02","10":"product_cat-antares-03","11":"product_cat-astra","12":"product_cat-astra-05-box-pellet","13":"product_cat-athos-hydro-14-kw","14":"product_cat-athos-multiair","15":"product_cat-aurora","16":"product_cat-aurora-05-box-pellet","17":"product_cat-clio-hydro-16","18":"product_cat-clio-hydro-16-s1-easy-connect","19":"product_cat-clio-hydro-23","20":"product_cat-clio-hydro-23-s1-easy-connect","21":"product_cat-clio-hydro-23-s","22":"product_cat-club-hydro-matic-s-24-kw","23":"product_cat-club-hydro-matic-16-kw","24":"product_cat-club-hydro-matic-16-m1","25":"product_cat-club-hydro-matic-18-m2-club-hydro-matic-18-m2","26":"product_cat-club-hydro-matic-24-acs-m1","27":"product_cat-club-hydro-matic-24-acs-m2-club-hydro-matic-24-acs-m2","28":"product_cat-club-hydro-matic-24-kw","29":"product_cat-club-hydro-matic-24-m1","30":"product_cat-club-hydro-matic-24-m2-club-hydro-matic-24-m2","31":"product_cat-ego-hydro-matic-12","32":"product_cat-ego-hydro-matic-12-m1","33":"product_cat-ego-hydro-matic-12-m2-ego-hydro-matic-12-m2","34":"product_cat-gea","35":"product_cat-gio","36":"product_cat-jazz-hydro-matic-30-acs-h1","37":"product_cat-jazz-hydro-matic-30-h1","38":"product_cat-jazz-hydro-matic-30-m1","39":"product_cat-maggie","40":"product_cat-mcz-ricambi-per-stufe-termostufe-e-caldaie-a-pellet-mcz","41":"product_cat-mercury-6-kw","42":"product_cat-mercury-8-kw","43":"product_cat-modulo-pellet","44":"product_cat-modulo-pellet-box-pellet","45":"product_cat-musa-hydro-matic-s-24-kw","46":"product_cat-musa-hydro-matic-16-kw","47":"product_cat-musa-hydro-matic-16-m1","48":"product_cat-musa-hydro-matic-24-kw","49":"product_cat-musa-hydro-matic-24-m1","50":"product_cat-nova-air","51":"product_cat-nova-air-box-pellet","52":"product_cat-nova-multiair","53":"product_cat-nova-multiair-box-pellet","54":"product_cat-omega","55":"product_cat-omega-05","56":"product_cat-pad-line-pad-lain-hydro-matic-18-m2-pad-line-pad-lain-hydro-matic-18-m2","57":"product_cat-pad-line-pad-lain-hydro-matic-24-m2-pad-line-pad-lain-hydro-matic-24-m2","58":"product_cat-panorama","59":"product_cat-performa-15-hq-easy-clean-h1","60":"product_cat-performa-20-hq-easy-clean-h1","61":"product_cat-performa-25-hq-easy-clean-h1","62":"product_cat-performa-30-hq-easy-clean-h1","63":"product_cat-performa-35-hq-easy-clean-h1","64":"product_cat-planet","65":"product_cat-planet-05","66":"product_cat-polar-air","67":"product_cat-polar-air-box-pellet","68":"product_cat-polar-multiair","69":"product_cat-polar-multiair-box-pellet","70":"product_cat-powerbox-compact","71":"product_cat-powerbox-link","72":"product_cat-powersystem","73":"product_cat-saturn","74":"product_cat-saturn-05","75":"product_cat-selecta-15-hq-s1","76":"product_cat-selecta-20-hq-s1","77":"product_cat-selecta-25-hq-acs-s1","78":"product_cat-selecta-25-hq-s1","79":"product_cat-selecta-30-hq-s1","80":"product_cat-selecta-35-hq-s1","81":"product_cat-solar","82":"product_cat-star-hydro-matic-12","83":"product_cat-star-hydro-matic-12-m1","84":"product_cat-star-hydro-matic-12-m2","85":"product_cat-suite-hydro-matic-s-24-kw","86":"product_cat-suite-hydro-matic-16-kw","87":"product_cat-suite-hydro-matic-16-m1","88":"product_cat-suite-hydro-matic-18-m2-suite-hydro-matic-18-m2","89":"product_cat-suite-hydro-matic-24-acs-m1","90":"product_cat-suite-hydro-matic-24-acs-m2-suite-hydro-matic-24-acs-m2","91":"product_cat-suite-hydro-matic-24-kw","92":"product_cat-suite-hydro-matic-24-m1","93":"product_cat-suite-hydro-matic-24-m2-suite-hydro-matic-24-m2","94":"product_cat-thea-hydro-16-s1","95":"product_cat-thea-hydro-23-s1","96":"product_cat-vega","97":"product_cat-vega-05-box-pellet","98":"product_cat-vivo-90-hydro-16-m1","99":"product_cat-vivo-90-hydro-24-m1","100":"product_cat-yari-air","101":"product_cat-yari-multiair","102":"product_tag-freepoint","103":"product_shipping_class-classe-di-spedizione-01","105":"first","106":"instock","107":"taxable","108":"shipping-taxable","109":"purchasable","110":"product-type-simple"},"yoast_head":"<!-- This site is optimized with the Yoast SEO plugin v26.3 - https:\/\/yoast.com\/wordpress\/plugins\/seo\/ -->\n<title>Pressostato per stufe e termostufe a pellet MCZ compatibile con il Codice 4160482 - Mack4Season<\/title>\n<meta name=\"robots\" content=\"index, follow, max-snippet:-1, max-image-preview:large, max-video-preview:-1\" \/>\n<link rel=\"canonical\" href=\"https:\/\/mack4seasons.com\/fr\/negozio\/mcz-ricambi-per-stufe-termostufe-e-caldaie-a-pellet-mcz\/termostufe-a-pellet-mcz\/aki-hydro-matic-16-m1\/pressostato-cod-4160482\/\" \/>\n<meta property=\"og:locale\" content=\"fr_FR\" \/>\n<meta property=\"og:type\" content=\"article\" \/>\n<meta property=\"og:title\" content=\"Pressostato per stufe e termostufe a pellet MCZ compatibile con il Codice 4160482 - Mack4Season\" \/>\n<meta property=\"og:description\" content=\"Compatibile con il codice originale MCZ Codice 4160482\" \/>\n<meta property=\"og:url\" content=\"https:\/\/mack4seasons.com\/fr\/negozio\/mcz-ricambi-per-stufe-termostufe-e-caldaie-a-pellet-mcz\/termostufe-a-pellet-mcz\/aki-hydro-matic-16-m1\/pressostato-cod-4160482\/\" \/>\n<meta property=\"og:site_name\" content=\"Mack4Season\" \/>\n<meta property=\"article:publisher\" content=\"https:\/\/www.facebook.com\/profile.php?id=100075990468585\" \/>\n<meta property=\"article:modified_time\" content=\"2023-02-02T08:15:13+00:00\" \/>\n<meta property=\"og:image\" content=\"https:\/\/mack4seasons.com\/wp-content\/uploads\/2023\/01\/Pressostato-per-stufe-e-termostufe-a-pellet-MCZ-compatibile-con-il-Codice-4160482.jpg\" \/>\n\t<meta property=\"og:image:width\" content=\"960\" \/>\n\t<meta property=\"og:image:height\" content=\"960\" \/>\n\t<meta property=\"og:image:type\" content=\"image\/jpeg\" \/>\n<meta name=\"twitter:card\" content=\"summary_large_image\" \/>\n<meta name=\"twitter:label1\" content=\"Dur\u00e9e de lecture estim\u00e9e\" \/>\n\t<meta name=\"twitter:data1\" content=\"2 minutes\" \/>\n<script type=\"application\/ld+json\" class=\"yoast-schema-graph\">{\"@context\":\"https:\/\/schema.org\",\"@graph\":[{\"@type\":\"WebPage\",\"@id\":\"https:\/\/mack4seasons.com\/negozio\/mcz-ricambi-per-stufe-termostufe-e-caldaie-a-pellet-mcz\/termostufe-a-pellet-mcz\/aki-hydro-matic-16-m1\/pressostato-cod-4160482\/\",\"url\":\"https:\/\/mack4seasons.com\/negozio\/mcz-ricambi-per-stufe-termostufe-e-caldaie-a-pellet-mcz\/termostufe-a-pellet-mcz\/aki-hydro-matic-16-m1\/pressostato-cod-4160482\/\",\"name\":\"Pressostato per stufe e termostufe a pellet MCZ compatibile con il Codice 4160482 - Mack4Season\",\"isPartOf\":{\"@id\":\"https:\/\/mack4seasons.com\/#website\"},\"primaryImageOfPage\":{\"@id\":\"https:\/\/mack4seasons.com\/negozio\/mcz-ricambi-per-stufe-termostufe-e-caldaie-a-pellet-mcz\/termostufe-a-pellet-mcz\/aki-hydro-matic-16-m1\/pressostato-cod-4160482\/#primaryimage\"},\"image\":{\"@id\":\"https:\/\/mack4seasons.com\/negozio\/mcz-ricambi-per-stufe-termostufe-e-caldaie-a-pellet-mcz\/termostufe-a-pellet-mcz\/aki-hydro-matic-16-m1\/pressostato-cod-4160482\/#primaryimage\"},\"thumbnailUrl\":\"https:\/\/mack4seasons.com\/wp-content\/uploads\/2023\/01\/Pressostato-per-stufe-e-termostufe-a-pellet-MCZ-compatibile-con-il-Codice-4160482.jpg\",\"datePublished\":\"2020-10-01T00:00:00+00:00\",\"dateModified\":\"2023-02-02T08:15:13+00:00\",\"breadcrumb\":{\"@id\":\"https:\/\/mack4seasons.com\/negozio\/mcz-ricambi-per-stufe-termostufe-e-caldaie-a-pellet-mcz\/termostufe-a-pellet-mcz\/aki-hydro-matic-16-m1\/pressostato-cod-4160482\/#breadcrumb\"},\"inLanguage\":\"fr-FR\",\"potentialAction\":[{\"@type\":\"ReadAction\",\"target\":[\"https:\/\/mack4seasons.com\/negozio\/mcz-ricambi-per-stufe-termostufe-e-caldaie-a-pellet-mcz\/termostufe-a-pellet-mcz\/aki-hydro-matic-16-m1\/pressostato-cod-4160482\/\"]}]},{\"@type\":\"ImageObject\",\"inLanguage\":\"fr-FR\",\"@id\":\"https:\/\/mack4seasons.com\/negozio\/mcz-ricambi-per-stufe-termostufe-e-caldaie-a-pellet-mcz\/termostufe-a-pellet-mcz\/aki-hydro-matic-16-m1\/pressostato-cod-4160482\/#primaryimage\",\"url\":\"https:\/\/mack4seasons.com\/wp-content\/uploads\/2023\/01\/Pressostato-per-stufe-e-termostufe-a-pellet-MCZ-compatibile-con-il-Codice-4160482.jpg\",\"contentUrl\":\"https:\/\/mack4seasons.com\/wp-content\/uploads\/2023\/01\/Pressostato-per-stufe-e-termostufe-a-pellet-MCZ-compatibile-con-il-Codice-4160482.jpg\",\"width\":960,\"height\":960},{\"@type\":\"BreadcrumbList\",\"@id\":\"https:\/\/mack4seasons.com\/negozio\/mcz-ricambi-per-stufe-termostufe-e-caldaie-a-pellet-mcz\/termostufe-a-pellet-mcz\/aki-hydro-matic-16-m1\/pressostato-cod-4160482\/#breadcrumb\",\"itemListElement\":[{\"@type\":\"ListItem\",\"position\":1,\"name\":\"Home\",\"item\":\"https:\/\/mack4seasons.com\/ricambi-accessori-stufe-e-caldaie-pellet\/\"},{\"@type\":\"ListItem\",\"position\":2,\"name\":\"Shop\",\"item\":\"https:\/\/mack4seasons.com\/negozio\/\"},{\"@type\":\"ListItem\",\"position\":3,\"name\":\"Pressostato per stufe e termostufe a pellet MCZ compatibile con il Codice 4160482\"}]},{\"@type\":\"WebSite\",\"@id\":\"https:\/\/mack4seasons.com\/#website\",\"url\":\"https:\/\/mack4seasons.com\/\",\"name\":\"Mack4Season\",\"description\":\"Per il comfort termico della tua casa\",\"publisher\":{\"@id\":\"https:\/\/mack4seasons.com\/#organization\"},\"potentialAction\":[{\"@type\":\"SearchAction\",\"target\":{\"@type\":\"EntryPoint\",\"urlTemplate\":\"https:\/\/mack4seasons.com\/?s={search_term_string}\"},\"query-input\":{\"@type\":\"PropertyValueSpecification\",\"valueRequired\":true,\"valueName\":\"search_term_string\"}}],\"inLanguage\":\"fr-FR\"},{\"@type\":\"Organization\",\"@id\":\"https:\/\/mack4seasons.com\/#organization\",\"name\":\"Mack4Season\",\"url\":\"https:\/\/mack4seasons.com\/\",\"logo\":{\"@type\":\"ImageObject\",\"inLanguage\":\"fr-FR\",\"@id\":\"https:\/\/mack4seasons.com\/#\/schema\/logo\/image\/\",\"url\":\"https:\/\/mack4seasons.com\/wp-content\/uploads\/2021\/06\/w-MACK-logo-pantone-02A19E.png\",\"contentUrl\":\"https:\/\/mack4seasons.com\/wp-content\/uploads\/2021\/06\/w-MACK-logo-pantone-02A19E.png\",\"width\":809,\"height\":425,\"caption\":\"Mack4Season\"},\"image\":{\"@id\":\"https:\/\/mack4seasons.com\/#\/schema\/logo\/image\/\"},\"sameAs\":[\"https:\/\/www.facebook.com\/profile.php?id=100075990468585\"]}]}<\/script>\n<!-- \/ Yoast SEO plugin. -->","yoast_head_json":{"title":"Pressostato per stufe e termostufe a pellet MCZ compatibile con il Codice 4160482 - Mack4Season","robots":{"index":"index","follow":"follow","max-snippet":"max-snippet:-1","max-image-preview":"max-image-preview:large","max-video-preview":"max-video-preview:-1"},"canonical":"https:\/\/mack4seasons.com\/fr\/negozio\/mcz-ricambi-per-stufe-termostufe-e-caldaie-a-pellet-mcz\/termostufe-a-pellet-mcz\/aki-hydro-matic-16-m1\/pressostato-cod-4160482\/","og_locale":"fr_FR","og_type":"article","og_title":"Pressostato per stufe e termostufe a pellet MCZ compatibile con il Codice 4160482 - Mack4Season","og_description":"Compatibile con il codice originale MCZ Codice 4160482","og_url":"https:\/\/mack4seasons.com\/fr\/negozio\/mcz-ricambi-per-stufe-termostufe-e-caldaie-a-pellet-mcz\/termostufe-a-pellet-mcz\/aki-hydro-matic-16-m1\/pressostato-cod-4160482\/","og_site_name":"Mack4Season","article_publisher":"https:\/\/www.facebook.com\/profile.php?id=100075990468585","article_modified_time":"2023-02-02T08:15:13+00:00","og_image":[{"width":960,"height":960,"url":"https:\/\/mack4seasons.com\/wp-content\/uploads\/2023\/01\/Pressostato-per-stufe-e-termostufe-a-pellet-MCZ-compatibile-con-il-Codice-4160482.jpg","type":"image\/jpeg"}],"twitter_card":"summary_large_image","twitter_misc":{"Dur\u00e9e de lecture estim\u00e9e":"2 minutes"},"schema":{"@context":"https:\/\/schema.org","@graph":[{"@type":"WebPage","@id":"https:\/\/mack4seasons.com\/negozio\/mcz-ricambi-per-stufe-termostufe-e-caldaie-a-pellet-mcz\/termostufe-a-pellet-mcz\/aki-hydro-matic-16-m1\/pressostato-cod-4160482\/","url":"https:\/\/mack4seasons.com\/negozio\/mcz-ricambi-per-stufe-termostufe-e-caldaie-a-pellet-mcz\/termostufe-a-pellet-mcz\/aki-hydro-matic-16-m1\/pressostato-cod-4160482\/","name":"Pressostato per stufe e termostufe a pellet MCZ compatibile con il Codice 4160482 - Mack4Season","isPartOf":{"@id":"https:\/\/mack4seasons.com\/#website"},"primaryImageOfPage":{"@id":"https:\/\/mack4seasons.com\/negozio\/mcz-ricambi-per-stufe-termostufe-e-caldaie-a-pellet-mcz\/termostufe-a-pellet-mcz\/aki-hydro-matic-16-m1\/pressostato-cod-4160482\/#primaryimage"},"image":{"@id":"https:\/\/mack4seasons.com\/negozio\/mcz-ricambi-per-stufe-termostufe-e-caldaie-a-pellet-mcz\/termostufe-a-pellet-mcz\/aki-hydro-matic-16-m1\/pressostato-cod-4160482\/#primaryimage"},"thumbnailUrl":"https:\/\/mack4seasons.com\/wp-content\/uploads\/2023\/01\/Pressostato-per-stufe-e-termostufe-a-pellet-MCZ-compatibile-con-il-Codice-4160482.jpg","datePublished":"2020-10-01T00:00:00+00:00","dateModified":"2023-02-02T08:15:13+00:00","breadcrumb":{"@id":"https:\/\/mack4seasons.com\/negozio\/mcz-ricambi-per-stufe-termostufe-e-caldaie-a-pellet-mcz\/termostufe-a-pellet-mcz\/aki-hydro-matic-16-m1\/pressostato-cod-4160482\/#breadcrumb"},"inLanguage":"fr-FR","potentialAction":[{"@type":"ReadAction","target":["https:\/\/mack4seasons.com\/negozio\/mcz-ricambi-per-stufe-termostufe-e-caldaie-a-pellet-mcz\/termostufe-a-pellet-mcz\/aki-hydro-matic-16-m1\/pressostato-cod-4160482\/"]}]},{"@type":"ImageObject","inLanguage":"fr-FR","@id":"https:\/\/mack4seasons.com\/negozio\/mcz-ricambi-per-stufe-termostufe-e-caldaie-a-pellet-mcz\/termostufe-a-pellet-mcz\/aki-hydro-matic-16-m1\/pressostato-cod-4160482\/#primaryimage","url":"https:\/\/mack4seasons.com\/wp-content\/uploads\/2023\/01\/Pressostato-per-stufe-e-termostufe-a-pellet-MCZ-compatibile-con-il-Codice-4160482.jpg","contentUrl":"https:\/\/mack4seasons.com\/wp-content\/uploads\/2023\/01\/Pressostato-per-stufe-e-termostufe-a-pellet-MCZ-compatibile-con-il-Codice-4160482.jpg","width":960,"height":960},{"@type":"BreadcrumbList","@id":"https:\/\/mack4seasons.com\/negozio\/mcz-ricambi-per-stufe-termostufe-e-caldaie-a-pellet-mcz\/termostufe-a-pellet-mcz\/aki-hydro-matic-16-m1\/pressostato-cod-4160482\/#breadcrumb","itemListElement":[{"@type":"ListItem","position":1,"name":"Home","item":"https:\/\/mack4seasons.com\/ricambi-accessori-stufe-e-caldaie-pellet\/"},{"@type":"ListItem","position":2,"name":"Shop","item":"https:\/\/mack4seasons.com\/negozio\/"},{"@type":"ListItem","position":3,"name":"Pressostato per stufe e termostufe a pellet MCZ compatibile con il Codice 4160482"}]},{"@type":"WebSite","@id":"https:\/\/mack4seasons.com\/#website","url":"https:\/\/mack4seasons.com\/","name":"Mack4Season","description":"Pour le confort thermique de votre maison","publisher":{"@id":"https:\/\/mack4seasons.com\/#organization"},"potentialAction":[{"@type":"SearchAction","target":{"@type":"EntryPoint","urlTemplate":"https:\/\/mack4seasons.com\/?s={search_term_string}"},"query-input":{"@type":"PropertyValueSpecification","valueRequired":true,"valueName":"search_term_string"}}],"inLanguage":"fr-FR"},{"@type":"Organization","@id":"https:\/\/mack4seasons.com\/#organization","name":"Mack4Season","url":"https:\/\/mack4seasons.com\/","logo":{"@type":"ImageObject","inLanguage":"fr-FR","@id":"https:\/\/mack4seasons.com\/#\/schema\/logo\/image\/","url":"https:\/\/mack4seasons.com\/wp-content\/uploads\/2021\/06\/w-MACK-logo-pantone-02A19E.png","contentUrl":"https:\/\/mack4seasons.com\/wp-content\/uploads\/2021\/06\/w-MACK-logo-pantone-02A19E.png","width":809,"height":425,"caption":"Mack4Season"},"image":{"@id":"https:\/\/mack4seasons.com\/#\/schema\/logo\/image\/"},"sameAs":["https:\/\/www.facebook.com\/profile.php?id=100075990468585"]}]}},"_links":{"self":[{"href":"https:\/\/mack4seasons.com\/fr\/wp-json\/wp\/v2\/product\/11809","targetHints":{"allow":["GET"]}}],"collection":[{"href":"https:\/\/mack4seasons.com\/fr\/wp-json\/wp\/v2\/product"}],"about":[{"href":"https:\/\/mack4seasons.com\/fr\/wp-json\/wp\/v2\/types\/product"}],"wp:featuredmedia":[{"embeddable":true,"href":"https:\/\/mack4seasons.com\/fr\/wp-json\/wp\/v2\/media\/17210"}],"wp:attachment":[{"href":"https:\/\/mack4seasons.com\/fr\/wp-json\/wp\/v2\/media?parent=11809"}],"wp:term":[{"taxonomy":"product_brand","embeddable":true,"href":"https:\/\/mack4seasons.com\/fr\/wp-json\/wp\/v2\/product_brand?post=11809"},{"taxonomy":"product_cat","embeddable":true,"href":"https:\/\/mack4seasons.com\/fr\/wp-json\/wp\/v2\/product_cat?post=11809"},{"taxonomy":"product_tag","embeddable":true,"href":"https:\/\/mack4seasons.com\/fr\/wp-json\/wp\/v2\/product_tag?post=11809"}],"curies":[{"name":"wp","href":"https:\/\/api.w.org\/{rel}","templated":true}]}}