{"id":11507,"date":"2021-02-03T09:49:00","date_gmt":"2021-02-03T09:49:00","guid":{"rendered":"https:\/\/mack4seasons.com\/?post_type=product&#038;p=11507"},"modified":"2022-10-03T08:26:46","modified_gmt":"2022-10-03T08:26:46","slug":"ventilatore-aria-cod-4d145172010cd-2","status":"publish","type":"product","link":"https:\/\/mack4seasons.com\/fr\/negozio\/cadel\/stufe-a-pellet-cadel-cadel-ricambi-specifici-per-marchio\/rondo-3-stufe-a-pellet-cadel-cadel-ricambi-specifici-per-marchio\/ventilatore-aria-cod-4d145172010cd-2\/","title":{"rendered":"Ventilatore aria per stufa a pellet Cadel Codice 4D145172010CD"},"content":{"rendered":"<hr>\n<h2>   Ventilateur d\u2019air pour po\u00eale \u00e0 pellets Cadel <\/h2>\n<p> Codice  4D145172010CD<br \/>\nCompatibile con il Codice  originale Cadel 4D145172010<br \/>\n<strong> Pour les mod\u00e8les de po\u00eales \u00e0 granules Cadel suivants\u00a0: <\/strong> Rondo 3<\/p>","protected":false},"excerpt":{"rendered":"<hr>\n<p>Compatible avec le code original Cadel <strong>Codice 4D145172010<\/strong><\/p>","protected":false},"featured_media":12826,"template":"","meta":[],"product_brand":[],"product_cat":[712,723,713],"product_tag":[70],"class_list":{"0":"post-11507","1":"product","2":"type-product","3":"status-publish","4":"has-post-thumbnail","6":"product_cat-cadel","7":"product_cat-rondo-3-stufe-a-pellet-cadel-cadel-ricambi-specifici-per-marchio","8":"product_cat-stufe-a-pellet-cadel-cadel-ricambi-specifici-per-marchio","9":"product_tag-cadel","10":"product_shipping_class-classe-di-spedizione-02","12":"first","13":"instock","14":"taxable","15":"shipping-taxable","16":"purchasable","17":"product-type-simple"},"yoast_head":"<!-- This site is optimized with the Yoast SEO plugin v26.3 - https:\/\/yoast.com\/wordpress\/plugins\/seo\/ -->\n<title>Ventilatore aria per stufa a pellet Cadel - Mack4Season<\/title>\n<meta name=\"description\" content=\"Ventilatore aria stufa a pellet Cadel, Ventilatore tangenziale stufa a pellet Cadel, Ventilatore ambiente stufe e caldaie a pellet Cadel\" \/>\n<meta name=\"robots\" content=\"index, follow, max-snippet:-1, max-image-preview:large, max-video-preview:-1\" \/>\n<link rel=\"canonical\" href=\"https:\/\/mack4seasons.com\/fr\/negozio\/cadel\/stufe-a-pellet-cadel-cadel-ricambi-specifici-per-marchio\/rondo-3-stufe-a-pellet-cadel-cadel-ricambi-specifici-per-marchio\/ventilatore-aria-cod-4d145172010cd-2\/\" \/>\n<meta property=\"og:locale\" content=\"fr_FR\" \/>\n<meta property=\"og:type\" content=\"article\" \/>\n<meta property=\"og:title\" content=\"Ventilatore aria per stufa a pellet Cadel - Mack4Season\" \/>\n<meta property=\"og:description\" content=\"Ventilatore aria stufa a pellet Cadel, Ventilatore tangenziale stufa a pellet Cadel, Ventilatore ambiente stufe e caldaie a pellet Cadel\" \/>\n<meta property=\"og:url\" content=\"https:\/\/mack4seasons.com\/fr\/negozio\/cadel\/stufe-a-pellet-cadel-cadel-ricambi-specifici-per-marchio\/rondo-3-stufe-a-pellet-cadel-cadel-ricambi-specifici-per-marchio\/ventilatore-aria-cod-4d145172010cd-2\/\" \/>\n<meta property=\"og:site_name\" content=\"Mack4Season\" \/>\n<meta property=\"article:publisher\" content=\"https:\/\/www.facebook.com\/profile.php?id=100075990468585\" \/>\n<meta property=\"article:modified_time\" content=\"2022-10-03T08:26:46+00:00\" \/>\n<meta property=\"og:image\" content=\"https:\/\/mack4seasons.com\/wp-content\/uploads\/2021\/09\/G3Z4662-BA-130B-049-1.jpg\" \/>\n\t<meta property=\"og:image:width\" content=\"960\" \/>\n\t<meta property=\"og:image:height\" content=\"960\" \/>\n\t<meta property=\"og:image:type\" content=\"image\/jpeg\" \/>\n<meta name=\"twitter:card\" content=\"summary_large_image\" \/>\n<script type=\"application\/ld+json\" class=\"yoast-schema-graph\">{\"@context\":\"https:\/\/schema.org\",\"@graph\":[{\"@type\":\"WebPage\",\"@id\":\"https:\/\/mack4seasons.com\/negozio\/cadel\/stufe-a-pellet-cadel-cadel-ricambi-specifici-per-marchio\/rondo-3-stufe-a-pellet-cadel-cadel-ricambi-specifici-per-marchio\/ventilatore-aria-cod-4d145172010cd-2\/\",\"url\":\"https:\/\/mack4seasons.com\/negozio\/cadel\/stufe-a-pellet-cadel-cadel-ricambi-specifici-per-marchio\/rondo-3-stufe-a-pellet-cadel-cadel-ricambi-specifici-per-marchio\/ventilatore-aria-cod-4d145172010cd-2\/\",\"name\":\"Ventilatore aria per stufa a pellet Cadel - Mack4Season\",\"isPartOf\":{\"@id\":\"https:\/\/mack4seasons.com\/#website\"},\"primaryImageOfPage\":{\"@id\":\"https:\/\/mack4seasons.com\/negozio\/cadel\/stufe-a-pellet-cadel-cadel-ricambi-specifici-per-marchio\/rondo-3-stufe-a-pellet-cadel-cadel-ricambi-specifici-per-marchio\/ventilatore-aria-cod-4d145172010cd-2\/#primaryimage\"},\"image\":{\"@id\":\"https:\/\/mack4seasons.com\/negozio\/cadel\/stufe-a-pellet-cadel-cadel-ricambi-specifici-per-marchio\/rondo-3-stufe-a-pellet-cadel-cadel-ricambi-specifici-per-marchio\/ventilatore-aria-cod-4d145172010cd-2\/#primaryimage\"},\"thumbnailUrl\":\"https:\/\/mack4seasons.com\/wp-content\/uploads\/2021\/09\/G3Z4662-BA-130B-049-1.jpg\",\"datePublished\":\"2021-02-03T09:49:00+00:00\",\"dateModified\":\"2022-10-03T08:26:46+00:00\",\"description\":\"Ventilatore aria stufa a pellet Cadel, Ventilatore tangenziale stufa a pellet Cadel, Ventilatore ambiente stufe e caldaie a pellet Cadel\",\"breadcrumb\":{\"@id\":\"https:\/\/mack4seasons.com\/negozio\/cadel\/stufe-a-pellet-cadel-cadel-ricambi-specifici-per-marchio\/rondo-3-stufe-a-pellet-cadel-cadel-ricambi-specifici-per-marchio\/ventilatore-aria-cod-4d145172010cd-2\/#breadcrumb\"},\"inLanguage\":\"fr-FR\",\"potentialAction\":[{\"@type\":\"ReadAction\",\"target\":[\"https:\/\/mack4seasons.com\/negozio\/cadel\/stufe-a-pellet-cadel-cadel-ricambi-specifici-per-marchio\/rondo-3-stufe-a-pellet-cadel-cadel-ricambi-specifici-per-marchio\/ventilatore-aria-cod-4d145172010cd-2\/\"]}]},{\"@type\":\"ImageObject\",\"inLanguage\":\"fr-FR\",\"@id\":\"https:\/\/mack4seasons.com\/negozio\/cadel\/stufe-a-pellet-cadel-cadel-ricambi-specifici-per-marchio\/rondo-3-stufe-a-pellet-cadel-cadel-ricambi-specifici-per-marchio\/ventilatore-aria-cod-4d145172010cd-2\/#primaryimage\",\"url\":\"https:\/\/mack4seasons.com\/wp-content\/uploads\/2021\/09\/G3Z4662-BA-130B-049-1.jpg\",\"contentUrl\":\"https:\/\/mack4seasons.com\/wp-content\/uploads\/2021\/09\/G3Z4662-BA-130B-049-1.jpg\",\"width\":960,\"height\":960},{\"@type\":\"BreadcrumbList\",\"@id\":\"https:\/\/mack4seasons.com\/negozio\/cadel\/stufe-a-pellet-cadel-cadel-ricambi-specifici-per-marchio\/rondo-3-stufe-a-pellet-cadel-cadel-ricambi-specifici-per-marchio\/ventilatore-aria-cod-4d145172010cd-2\/#breadcrumb\",\"itemListElement\":[{\"@type\":\"ListItem\",\"position\":1,\"name\":\"Home\",\"item\":\"https:\/\/mack4seasons.com\/ricambi-accessori-stufe-e-caldaie-pellet\/\"},{\"@type\":\"ListItem\",\"position\":2,\"name\":\"Shop\",\"item\":\"https:\/\/mack4seasons.com\/negozio\/\"},{\"@type\":\"ListItem\",\"position\":3,\"name\":\"Ventilatore aria per stufa a pellet Cadel Codice 4D145172010CD\"}]},{\"@type\":\"WebSite\",\"@id\":\"https:\/\/mack4seasons.com\/#website\",\"url\":\"https:\/\/mack4seasons.com\/\",\"name\":\"Mack4Season\",\"description\":\"Per il comfort termico della tua casa\",\"publisher\":{\"@id\":\"https:\/\/mack4seasons.com\/#organization\"},\"potentialAction\":[{\"@type\":\"SearchAction\",\"target\":{\"@type\":\"EntryPoint\",\"urlTemplate\":\"https:\/\/mack4seasons.com\/?s={search_term_string}\"},\"query-input\":{\"@type\":\"PropertyValueSpecification\",\"valueRequired\":true,\"valueName\":\"search_term_string\"}}],\"inLanguage\":\"fr-FR\"},{\"@type\":\"Organization\",\"@id\":\"https:\/\/mack4seasons.com\/#organization\",\"name\":\"Mack4Season\",\"url\":\"https:\/\/mack4seasons.com\/\",\"logo\":{\"@type\":\"ImageObject\",\"inLanguage\":\"fr-FR\",\"@id\":\"https:\/\/mack4seasons.com\/#\/schema\/logo\/image\/\",\"url\":\"https:\/\/mack4seasons.com\/wp-content\/uploads\/2021\/06\/w-MACK-logo-pantone-02A19E.png\",\"contentUrl\":\"https:\/\/mack4seasons.com\/wp-content\/uploads\/2021\/06\/w-MACK-logo-pantone-02A19E.png\",\"width\":809,\"height\":425,\"caption\":\"Mack4Season\"},\"image\":{\"@id\":\"https:\/\/mack4seasons.com\/#\/schema\/logo\/image\/\"},\"sameAs\":[\"https:\/\/www.facebook.com\/profile.php?id=100075990468585\"]}]}<\/script>\n<!-- \/ Yoast SEO plugin. -->","yoast_head_json":{"title":"Ventilatore aria per stufa a pellet Cadel - Mack4Season","description":"Ventilatore aria stufa a pellet Cadel, Ventilatore tangenziale stufa a pellet Cadel, Ventilatore ambiente stufe e caldaie a pellet Cadel","robots":{"index":"index","follow":"follow","max-snippet":"max-snippet:-1","max-image-preview":"max-image-preview:large","max-video-preview":"max-video-preview:-1"},"canonical":"https:\/\/mack4seasons.com\/fr\/negozio\/cadel\/stufe-a-pellet-cadel-cadel-ricambi-specifici-per-marchio\/rondo-3-stufe-a-pellet-cadel-cadel-ricambi-specifici-per-marchio\/ventilatore-aria-cod-4d145172010cd-2\/","og_locale":"fr_FR","og_type":"article","og_title":"Ventilatore aria per stufa a pellet Cadel - Mack4Season","og_description":"Ventilatore aria stufa a pellet Cadel, Ventilatore tangenziale stufa a pellet Cadel, Ventilatore ambiente stufe e caldaie a pellet Cadel","og_url":"https:\/\/mack4seasons.com\/fr\/negozio\/cadel\/stufe-a-pellet-cadel-cadel-ricambi-specifici-per-marchio\/rondo-3-stufe-a-pellet-cadel-cadel-ricambi-specifici-per-marchio\/ventilatore-aria-cod-4d145172010cd-2\/","og_site_name":"Mack4Season","article_publisher":"https:\/\/www.facebook.com\/profile.php?id=100075990468585","article_modified_time":"2022-10-03T08:26:46+00:00","og_image":[{"width":960,"height":960,"url":"https:\/\/mack4seasons.com\/wp-content\/uploads\/2021\/09\/G3Z4662-BA-130B-049-1.jpg","type":"image\/jpeg"}],"twitter_card":"summary_large_image","schema":{"@context":"https:\/\/schema.org","@graph":[{"@type":"WebPage","@id":"https:\/\/mack4seasons.com\/negozio\/cadel\/stufe-a-pellet-cadel-cadel-ricambi-specifici-per-marchio\/rondo-3-stufe-a-pellet-cadel-cadel-ricambi-specifici-per-marchio\/ventilatore-aria-cod-4d145172010cd-2\/","url":"https:\/\/mack4seasons.com\/negozio\/cadel\/stufe-a-pellet-cadel-cadel-ricambi-specifici-per-marchio\/rondo-3-stufe-a-pellet-cadel-cadel-ricambi-specifici-per-marchio\/ventilatore-aria-cod-4d145172010cd-2\/","name":"Ventilatore aria per stufa a pellet Cadel - Mack4Season","isPartOf":{"@id":"https:\/\/mack4seasons.com\/#website"},"primaryImageOfPage":{"@id":"https:\/\/mack4seasons.com\/negozio\/cadel\/stufe-a-pellet-cadel-cadel-ricambi-specifici-per-marchio\/rondo-3-stufe-a-pellet-cadel-cadel-ricambi-specifici-per-marchio\/ventilatore-aria-cod-4d145172010cd-2\/#primaryimage"},"image":{"@id":"https:\/\/mack4seasons.com\/negozio\/cadel\/stufe-a-pellet-cadel-cadel-ricambi-specifici-per-marchio\/rondo-3-stufe-a-pellet-cadel-cadel-ricambi-specifici-per-marchio\/ventilatore-aria-cod-4d145172010cd-2\/#primaryimage"},"thumbnailUrl":"https:\/\/mack4seasons.com\/wp-content\/uploads\/2021\/09\/G3Z4662-BA-130B-049-1.jpg","datePublished":"2021-02-03T09:49:00+00:00","dateModified":"2022-10-03T08:26:46+00:00","description":"Ventilatore aria stufa a pellet Cadel, Ventilatore tangenziale stufa a pellet Cadel, Ventilatore ambiente stufe e caldaie a pellet Cadel","breadcrumb":{"@id":"https:\/\/mack4seasons.com\/negozio\/cadel\/stufe-a-pellet-cadel-cadel-ricambi-specifici-per-marchio\/rondo-3-stufe-a-pellet-cadel-cadel-ricambi-specifici-per-marchio\/ventilatore-aria-cod-4d145172010cd-2\/#breadcrumb"},"inLanguage":"fr-FR","potentialAction":[{"@type":"ReadAction","target":["https:\/\/mack4seasons.com\/negozio\/cadel\/stufe-a-pellet-cadel-cadel-ricambi-specifici-per-marchio\/rondo-3-stufe-a-pellet-cadel-cadel-ricambi-specifici-per-marchio\/ventilatore-aria-cod-4d145172010cd-2\/"]}]},{"@type":"ImageObject","inLanguage":"fr-FR","@id":"https:\/\/mack4seasons.com\/negozio\/cadel\/stufe-a-pellet-cadel-cadel-ricambi-specifici-per-marchio\/rondo-3-stufe-a-pellet-cadel-cadel-ricambi-specifici-per-marchio\/ventilatore-aria-cod-4d145172010cd-2\/#primaryimage","url":"https:\/\/mack4seasons.com\/wp-content\/uploads\/2021\/09\/G3Z4662-BA-130B-049-1.jpg","contentUrl":"https:\/\/mack4seasons.com\/wp-content\/uploads\/2021\/09\/G3Z4662-BA-130B-049-1.jpg","width":960,"height":960},{"@type":"BreadcrumbList","@id":"https:\/\/mack4seasons.com\/negozio\/cadel\/stufe-a-pellet-cadel-cadel-ricambi-specifici-per-marchio\/rondo-3-stufe-a-pellet-cadel-cadel-ricambi-specifici-per-marchio\/ventilatore-aria-cod-4d145172010cd-2\/#breadcrumb","itemListElement":[{"@type":"ListItem","position":1,"name":"Home","item":"https:\/\/mack4seasons.com\/ricambi-accessori-stufe-e-caldaie-pellet\/"},{"@type":"ListItem","position":2,"name":"Shop","item":"https:\/\/mack4seasons.com\/negozio\/"},{"@type":"ListItem","position":3,"name":"Ventilatore aria per stufa a pellet Cadel Codice 4D145172010CD"}]},{"@type":"WebSite","@id":"https:\/\/mack4seasons.com\/#website","url":"https:\/\/mack4seasons.com\/","name":"Mack4Season","description":"Pour le confort thermique de votre maison","publisher":{"@id":"https:\/\/mack4seasons.com\/#organization"},"potentialAction":[{"@type":"SearchAction","target":{"@type":"EntryPoint","urlTemplate":"https:\/\/mack4seasons.com\/?s={search_term_string}"},"query-input":{"@type":"PropertyValueSpecification","valueRequired":true,"valueName":"search_term_string"}}],"inLanguage":"fr-FR"},{"@type":"Organization","@id":"https:\/\/mack4seasons.com\/#organization","name":"Mack4Season","url":"https:\/\/mack4seasons.com\/","logo":{"@type":"ImageObject","inLanguage":"fr-FR","@id":"https:\/\/mack4seasons.com\/#\/schema\/logo\/image\/","url":"https:\/\/mack4seasons.com\/wp-content\/uploads\/2021\/06\/w-MACK-logo-pantone-02A19E.png","contentUrl":"https:\/\/mack4seasons.com\/wp-content\/uploads\/2021\/06\/w-MACK-logo-pantone-02A19E.png","width":809,"height":425,"caption":"Mack4Season"},"image":{"@id":"https:\/\/mack4seasons.com\/#\/schema\/logo\/image\/"},"sameAs":["https:\/\/www.facebook.com\/profile.php?id=100075990468585"]}]}},"_links":{"self":[{"href":"https:\/\/mack4seasons.com\/fr\/wp-json\/wp\/v2\/product\/11507","targetHints":{"allow":["GET"]}}],"collection":[{"href":"https:\/\/mack4seasons.com\/fr\/wp-json\/wp\/v2\/product"}],"about":[{"href":"https:\/\/mack4seasons.com\/fr\/wp-json\/wp\/v2\/types\/product"}],"wp:featuredmedia":[{"embeddable":true,"href":"https:\/\/mack4seasons.com\/fr\/wp-json\/wp\/v2\/media\/12826"}],"wp:attachment":[{"href":"https:\/\/mack4seasons.com\/fr\/wp-json\/wp\/v2\/media?parent=11507"}],"wp:term":[{"taxonomy":"product_brand","embeddable":true,"href":"https:\/\/mack4seasons.com\/fr\/wp-json\/wp\/v2\/product_brand?post=11507"},{"taxonomy":"product_cat","embeddable":true,"href":"https:\/\/mack4seasons.com\/fr\/wp-json\/wp\/v2\/product_cat?post=11507"},{"taxonomy":"product_tag","embeddable":true,"href":"https:\/\/mack4seasons.com\/fr\/wp-json\/wp\/v2\/product_tag?post=11507"}],"curies":[{"name":"wp","href":"https:\/\/api.w.org\/{rel}","templated":true}]}}