{"id":11483,"date":"2021-02-03T09:49:00","date_gmt":"2021-02-03T09:49:00","guid":{"rendered":"https:\/\/mack4seasons.com\/?post_type=product&#038;p=11483"},"modified":"2022-10-03T08:26:44","modified_gmt":"2022-10-03T08:26:44","slug":"estrattore-fumi-cod-41451100300cd","status":"publish","type":"product","link":"https:\/\/mack4seasons.com\/fr\/negozio\/cadel\/termostufe-cadel-cadel-ricambi-specifici-per-marchio\/aquos-24-kw-termostufe-cadel-cadel-ricambi-specifici-per-marchio\/estrattore-fumi-cod-41451100300cd\/","title":{"rendered":"Extracteur de fum\u00e9es pour po\u00eale \u00e0 granules Cadel Code 41451100300CD"},"content":{"rendered":"<hr>\n<h2>   Extracteur de fum\u00e9es pour po\u00eale \u00e0 granules Cadel <\/h2>\n<p>Codice 41451100300CD<br \/>\nCompatibile con il Codice  originale Cadel 41451100300<br \/>\n<strong> Pour les mod\u00e8les de po\u00eales \u00e0 granules Cadel suivants\u00a0: <\/strong> Aquos 24 kw, Aquos 24 kw H2O<br \/>\nLivr\u00e9 sans volute<\/p>","protected":false},"excerpt":{"rendered":"<hr>\n<p>Compatible avec le code original Cadel <strong>Codice 41451100300<\/strong><\/p>","protected":false},"featured_media":12812,"template":"","meta":[],"product_brand":[],"product_cat":[767,768,712,762],"product_tag":[70],"class_list":{"0":"post-11483","1":"product","2":"type-product","3":"status-publish","4":"has-post-thumbnail","6":"product_cat-aquos-24-kw-termostufe-cadel-cadel-ricambi-specifici-per-marchio","7":"product_cat-aquos-24-kw-h2o-termostufe-cadel-cadel-ricambi-specifici-per-marchio","8":"product_cat-cadel","9":"product_cat-termostufe-cadel-cadel-ricambi-specifici-per-marchio","10":"product_tag-cadel","11":"product_shipping_class-classe-di-spedizione-02","13":"first","14":"instock","15":"taxable","16":"shipping-taxable","17":"purchasable","18":"product-type-simple"},"yoast_head":"<!-- This site is optimized with the Yoast SEO plugin v26.3 - https:\/\/yoast.com\/wordpress\/plugins\/seo\/ -->\n<title>Estrattore fumi per stufa a pellet Cadel - Mack4Season<\/title>\n<meta name=\"description\" content=\"Estrattore fumi per stufa a pellet Cadel-Per i seguenti modelli di stufa a pellet Cadel: Aquos 24 kw, Aquos 24 kw H2O\" \/>\n<meta name=\"robots\" content=\"index, follow, max-snippet:-1, max-image-preview:large, max-video-preview:-1\" \/>\n<link rel=\"canonical\" href=\"https:\/\/mack4seasons.com\/fr\/negozio\/cadel\/termostufe-cadel-cadel-ricambi-specifici-per-marchio\/aquos-24-kw-termostufe-cadel-cadel-ricambi-specifici-per-marchio\/estrattore-fumi-cod-41451100300cd\/\" \/>\n<meta property=\"og:locale\" content=\"fr_FR\" \/>\n<meta property=\"og:type\" content=\"article\" \/>\n<meta property=\"og:title\" content=\"Estrattore fumi per stufa a pellet Cadel - Mack4Season\" \/>\n<meta property=\"og:description\" content=\"Estrattore fumi per stufa a pellet Cadel-Per i seguenti modelli di stufa a pellet Cadel: Aquos 24 kw, Aquos 24 kw H2O\" \/>\n<meta property=\"og:url\" content=\"https:\/\/mack4seasons.com\/fr\/negozio\/cadel\/termostufe-cadel-cadel-ricambi-specifici-per-marchio\/aquos-24-kw-termostufe-cadel-cadel-ricambi-specifici-per-marchio\/estrattore-fumi-cod-41451100300cd\/\" \/>\n<meta property=\"og:site_name\" content=\"Mack4Season\" \/>\n<meta property=\"article:publisher\" content=\"https:\/\/www.facebook.com\/profile.php?id=100075990468585\" \/>\n<meta property=\"article:modified_time\" content=\"2022-10-03T08:26:44+00:00\" \/>\n<meta property=\"og:image\" content=\"https:\/\/mack4seasons.com\/wp-content\/uploads\/2021\/09\/w-SITO-SIT-931-300-172-M.jpg\" \/>\n\t<meta property=\"og:image:width\" content=\"960\" \/>\n\t<meta property=\"og:image:height\" content=\"960\" \/>\n\t<meta property=\"og:image:type\" content=\"image\/jpeg\" \/>\n<meta name=\"twitter:card\" content=\"summary_large_image\" \/>\n<script type=\"application\/ld+json\" class=\"yoast-schema-graph\">{\"@context\":\"https:\/\/schema.org\",\"@graph\":[{\"@type\":\"WebPage\",\"@id\":\"https:\/\/mack4seasons.com\/negozio\/cadel\/termostufe-cadel-cadel-ricambi-specifici-per-marchio\/aquos-24-kw-termostufe-cadel-cadel-ricambi-specifici-per-marchio\/estrattore-fumi-cod-41451100300cd\/\",\"url\":\"https:\/\/mack4seasons.com\/negozio\/cadel\/termostufe-cadel-cadel-ricambi-specifici-per-marchio\/aquos-24-kw-termostufe-cadel-cadel-ricambi-specifici-per-marchio\/estrattore-fumi-cod-41451100300cd\/\",\"name\":\"Estrattore fumi per stufa a pellet Cadel - Mack4Season\",\"isPartOf\":{\"@id\":\"https:\/\/mack4seasons.com\/#website\"},\"primaryImageOfPage\":{\"@id\":\"https:\/\/mack4seasons.com\/negozio\/cadel\/termostufe-cadel-cadel-ricambi-specifici-per-marchio\/aquos-24-kw-termostufe-cadel-cadel-ricambi-specifici-per-marchio\/estrattore-fumi-cod-41451100300cd\/#primaryimage\"},\"image\":{\"@id\":\"https:\/\/mack4seasons.com\/negozio\/cadel\/termostufe-cadel-cadel-ricambi-specifici-per-marchio\/aquos-24-kw-termostufe-cadel-cadel-ricambi-specifici-per-marchio\/estrattore-fumi-cod-41451100300cd\/#primaryimage\"},\"thumbnailUrl\":\"https:\/\/mack4seasons.com\/wp-content\/uploads\/2021\/09\/w-SITO-SIT-931-300-172-M.jpg\",\"datePublished\":\"2021-02-03T09:49:00+00:00\",\"dateModified\":\"2022-10-03T08:26:44+00:00\",\"description\":\"Estrattore fumi per stufa a pellet Cadel-Per i seguenti modelli di stufa a pellet Cadel: Aquos 24 kw, Aquos 24 kw H2O\",\"breadcrumb\":{\"@id\":\"https:\/\/mack4seasons.com\/negozio\/cadel\/termostufe-cadel-cadel-ricambi-specifici-per-marchio\/aquos-24-kw-termostufe-cadel-cadel-ricambi-specifici-per-marchio\/estrattore-fumi-cod-41451100300cd\/#breadcrumb\"},\"inLanguage\":\"fr-FR\",\"potentialAction\":[{\"@type\":\"ReadAction\",\"target\":[\"https:\/\/mack4seasons.com\/negozio\/cadel\/termostufe-cadel-cadel-ricambi-specifici-per-marchio\/aquos-24-kw-termostufe-cadel-cadel-ricambi-specifici-per-marchio\/estrattore-fumi-cod-41451100300cd\/\"]}]},{\"@type\":\"ImageObject\",\"inLanguage\":\"fr-FR\",\"@id\":\"https:\/\/mack4seasons.com\/negozio\/cadel\/termostufe-cadel-cadel-ricambi-specifici-per-marchio\/aquos-24-kw-termostufe-cadel-cadel-ricambi-specifici-per-marchio\/estrattore-fumi-cod-41451100300cd\/#primaryimage\",\"url\":\"https:\/\/mack4seasons.com\/wp-content\/uploads\/2021\/09\/w-SITO-SIT-931-300-172-M.jpg\",\"contentUrl\":\"https:\/\/mack4seasons.com\/wp-content\/uploads\/2021\/09\/w-SITO-SIT-931-300-172-M.jpg\",\"width\":960,\"height\":960},{\"@type\":\"BreadcrumbList\",\"@id\":\"https:\/\/mack4seasons.com\/negozio\/cadel\/termostufe-cadel-cadel-ricambi-specifici-per-marchio\/aquos-24-kw-termostufe-cadel-cadel-ricambi-specifici-per-marchio\/estrattore-fumi-cod-41451100300cd\/#breadcrumb\",\"itemListElement\":[{\"@type\":\"ListItem\",\"position\":1,\"name\":\"Home\",\"item\":\"https:\/\/mack4seasons.com\/ricambi-accessori-stufe-e-caldaie-pellet\/\"},{\"@type\":\"ListItem\",\"position\":2,\"name\":\"Shop\",\"item\":\"https:\/\/mack4seasons.com\/negozio\/\"},{\"@type\":\"ListItem\",\"position\":3,\"name\":\"Estrattore fumi per stufa a pellet Cadel Codice 41451100300CD\"}]},{\"@type\":\"WebSite\",\"@id\":\"https:\/\/mack4seasons.com\/#website\",\"url\":\"https:\/\/mack4seasons.com\/\",\"name\":\"Mack4Season\",\"description\":\"Per il comfort termico della tua casa\",\"publisher\":{\"@id\":\"https:\/\/mack4seasons.com\/#organization\"},\"potentialAction\":[{\"@type\":\"SearchAction\",\"target\":{\"@type\":\"EntryPoint\",\"urlTemplate\":\"https:\/\/mack4seasons.com\/?s={search_term_string}\"},\"query-input\":{\"@type\":\"PropertyValueSpecification\",\"valueRequired\":true,\"valueName\":\"search_term_string\"}}],\"inLanguage\":\"fr-FR\"},{\"@type\":\"Organization\",\"@id\":\"https:\/\/mack4seasons.com\/#organization\",\"name\":\"Mack4Season\",\"url\":\"https:\/\/mack4seasons.com\/\",\"logo\":{\"@type\":\"ImageObject\",\"inLanguage\":\"fr-FR\",\"@id\":\"https:\/\/mack4seasons.com\/#\/schema\/logo\/image\/\",\"url\":\"https:\/\/mack4seasons.com\/wp-content\/uploads\/2021\/06\/w-MACK-logo-pantone-02A19E.png\",\"contentUrl\":\"https:\/\/mack4seasons.com\/wp-content\/uploads\/2021\/06\/w-MACK-logo-pantone-02A19E.png\",\"width\":809,\"height\":425,\"caption\":\"Mack4Season\"},\"image\":{\"@id\":\"https:\/\/mack4seasons.com\/#\/schema\/logo\/image\/\"},\"sameAs\":[\"https:\/\/www.facebook.com\/profile.php?id=100075990468585\"]}]}<\/script>\n<!-- \/ Yoast SEO plugin. -->","yoast_head_json":{"title":"Estrattore fumi per stufa a pellet Cadel - Mack4Season","description":"Estrattore fumi per stufa a pellet Cadel-Per i seguenti modelli di stufa a pellet Cadel: Aquos 24 kw, Aquos 24 kw H2O","robots":{"index":"index","follow":"follow","max-snippet":"max-snippet:-1","max-image-preview":"max-image-preview:large","max-video-preview":"max-video-preview:-1"},"canonical":"https:\/\/mack4seasons.com\/fr\/negozio\/cadel\/termostufe-cadel-cadel-ricambi-specifici-per-marchio\/aquos-24-kw-termostufe-cadel-cadel-ricambi-specifici-per-marchio\/estrattore-fumi-cod-41451100300cd\/","og_locale":"fr_FR","og_type":"article","og_title":"Estrattore fumi per stufa a pellet Cadel - Mack4Season","og_description":"Estrattore fumi per stufa a pellet Cadel-Per i seguenti modelli di stufa a pellet Cadel: Aquos 24 kw, Aquos 24 kw H2O","og_url":"https:\/\/mack4seasons.com\/fr\/negozio\/cadel\/termostufe-cadel-cadel-ricambi-specifici-per-marchio\/aquos-24-kw-termostufe-cadel-cadel-ricambi-specifici-per-marchio\/estrattore-fumi-cod-41451100300cd\/","og_site_name":"Mack4Season","article_publisher":"https:\/\/www.facebook.com\/profile.php?id=100075990468585","article_modified_time":"2022-10-03T08:26:44+00:00","og_image":[{"width":960,"height":960,"url":"https:\/\/mack4seasons.com\/wp-content\/uploads\/2021\/09\/w-SITO-SIT-931-300-172-M.jpg","type":"image\/jpeg"}],"twitter_card":"summary_large_image","schema":{"@context":"https:\/\/schema.org","@graph":[{"@type":"WebPage","@id":"https:\/\/mack4seasons.com\/negozio\/cadel\/termostufe-cadel-cadel-ricambi-specifici-per-marchio\/aquos-24-kw-termostufe-cadel-cadel-ricambi-specifici-per-marchio\/estrattore-fumi-cod-41451100300cd\/","url":"https:\/\/mack4seasons.com\/negozio\/cadel\/termostufe-cadel-cadel-ricambi-specifici-per-marchio\/aquos-24-kw-termostufe-cadel-cadel-ricambi-specifici-per-marchio\/estrattore-fumi-cod-41451100300cd\/","name":"Estrattore fumi per stufa a pellet Cadel - Mack4Season","isPartOf":{"@id":"https:\/\/mack4seasons.com\/#website"},"primaryImageOfPage":{"@id":"https:\/\/mack4seasons.com\/negozio\/cadel\/termostufe-cadel-cadel-ricambi-specifici-per-marchio\/aquos-24-kw-termostufe-cadel-cadel-ricambi-specifici-per-marchio\/estrattore-fumi-cod-41451100300cd\/#primaryimage"},"image":{"@id":"https:\/\/mack4seasons.com\/negozio\/cadel\/termostufe-cadel-cadel-ricambi-specifici-per-marchio\/aquos-24-kw-termostufe-cadel-cadel-ricambi-specifici-per-marchio\/estrattore-fumi-cod-41451100300cd\/#primaryimage"},"thumbnailUrl":"https:\/\/mack4seasons.com\/wp-content\/uploads\/2021\/09\/w-SITO-SIT-931-300-172-M.jpg","datePublished":"2021-02-03T09:49:00+00:00","dateModified":"2022-10-03T08:26:44+00:00","description":"Estrattore fumi per stufa a pellet Cadel-Per i seguenti modelli di stufa a pellet Cadel: Aquos 24 kw, Aquos 24 kw H2O","breadcrumb":{"@id":"https:\/\/mack4seasons.com\/negozio\/cadel\/termostufe-cadel-cadel-ricambi-specifici-per-marchio\/aquos-24-kw-termostufe-cadel-cadel-ricambi-specifici-per-marchio\/estrattore-fumi-cod-41451100300cd\/#breadcrumb"},"inLanguage":"fr-FR","potentialAction":[{"@type":"ReadAction","target":["https:\/\/mack4seasons.com\/negozio\/cadel\/termostufe-cadel-cadel-ricambi-specifici-per-marchio\/aquos-24-kw-termostufe-cadel-cadel-ricambi-specifici-per-marchio\/estrattore-fumi-cod-41451100300cd\/"]}]},{"@type":"ImageObject","inLanguage":"fr-FR","@id":"https:\/\/mack4seasons.com\/negozio\/cadel\/termostufe-cadel-cadel-ricambi-specifici-per-marchio\/aquos-24-kw-termostufe-cadel-cadel-ricambi-specifici-per-marchio\/estrattore-fumi-cod-41451100300cd\/#primaryimage","url":"https:\/\/mack4seasons.com\/wp-content\/uploads\/2021\/09\/w-SITO-SIT-931-300-172-M.jpg","contentUrl":"https:\/\/mack4seasons.com\/wp-content\/uploads\/2021\/09\/w-SITO-SIT-931-300-172-M.jpg","width":960,"height":960},{"@type":"BreadcrumbList","@id":"https:\/\/mack4seasons.com\/negozio\/cadel\/termostufe-cadel-cadel-ricambi-specifici-per-marchio\/aquos-24-kw-termostufe-cadel-cadel-ricambi-specifici-per-marchio\/estrattore-fumi-cod-41451100300cd\/#breadcrumb","itemListElement":[{"@type":"ListItem","position":1,"name":"Home","item":"https:\/\/mack4seasons.com\/ricambi-accessori-stufe-e-caldaie-pellet\/"},{"@type":"ListItem","position":2,"name":"Shop","item":"https:\/\/mack4seasons.com\/negozio\/"},{"@type":"ListItem","position":3,"name":"Estrattore fumi per stufa a pellet Cadel Codice 41451100300CD"}]},{"@type":"WebSite","@id":"https:\/\/mack4seasons.com\/#website","url":"https:\/\/mack4seasons.com\/","name":"Mack4Season","description":"Pour le confort thermique de votre maison","publisher":{"@id":"https:\/\/mack4seasons.com\/#organization"},"potentialAction":[{"@type":"SearchAction","target":{"@type":"EntryPoint","urlTemplate":"https:\/\/mack4seasons.com\/?s={search_term_string}"},"query-input":{"@type":"PropertyValueSpecification","valueRequired":true,"valueName":"search_term_string"}}],"inLanguage":"fr-FR"},{"@type":"Organization","@id":"https:\/\/mack4seasons.com\/#organization","name":"Mack4Season","url":"https:\/\/mack4seasons.com\/","logo":{"@type":"ImageObject","inLanguage":"fr-FR","@id":"https:\/\/mack4seasons.com\/#\/schema\/logo\/image\/","url":"https:\/\/mack4seasons.com\/wp-content\/uploads\/2021\/06\/w-MACK-logo-pantone-02A19E.png","contentUrl":"https:\/\/mack4seasons.com\/wp-content\/uploads\/2021\/06\/w-MACK-logo-pantone-02A19E.png","width":809,"height":425,"caption":"Mack4Season"},"image":{"@id":"https:\/\/mack4seasons.com\/#\/schema\/logo\/image\/"},"sameAs":["https:\/\/www.facebook.com\/profile.php?id=100075990468585"]}]}},"_links":{"self":[{"href":"https:\/\/mack4seasons.com\/fr\/wp-json\/wp\/v2\/product\/11483","targetHints":{"allow":["GET"]}}],"collection":[{"href":"https:\/\/mack4seasons.com\/fr\/wp-json\/wp\/v2\/product"}],"about":[{"href":"https:\/\/mack4seasons.com\/fr\/wp-json\/wp\/v2\/types\/product"}],"wp:featuredmedia":[{"embeddable":true,"href":"https:\/\/mack4seasons.com\/fr\/wp-json\/wp\/v2\/media\/12812"}],"wp:attachment":[{"href":"https:\/\/mack4seasons.com\/fr\/wp-json\/wp\/v2\/media?parent=11483"}],"wp:term":[{"taxonomy":"product_brand","embeddable":true,"href":"https:\/\/mack4seasons.com\/fr\/wp-json\/wp\/v2\/product_brand?post=11483"},{"taxonomy":"product_cat","embeddable":true,"href":"https:\/\/mack4seasons.com\/fr\/wp-json\/wp\/v2\/product_cat?post=11483"},{"taxonomy":"product_tag","embeddable":true,"href":"https:\/\/mack4seasons.com\/fr\/wp-json\/wp\/v2\/product_tag?post=11483"}],"curies":[{"name":"wp","href":"https:\/\/api.w.org\/{rel}","templated":true}]}}