{"id":11459,"date":"2021-02-03T09:48:00","date_gmt":"2021-02-03T09:48:00","guid":{"rendered":"https:\/\/mack4seasons.com\/?post_type=product&#038;p=11459"},"modified":"2022-10-03T08:26:38","modified_gmt":"2022-10-03T08:26:38","slug":"sonda-ambiente-cod-4d145150110cd","status":"publish","type":"product","link":"https:\/\/mack4seasons.com\/fr\/negozio\/cadel\/stufe-a-pellet-cadel-cadel-ricambi-specifici-per-marchio\/doge-3-plus-stufe-a-pellet-cadel-cadel-ricambi-specifici-per-marchio\/sonda-ambiente-cod-4d145150110cd\/","title":{"rendered":"Sonde d\u2019ambiance pour po\u00eale \u00e0 granules Cadel Code 4D145150110CD"},"content":{"rendered":"<hr>\n<h2>   Sonde d\u2019ambiance pour po\u00eale \u00e0 granules Cadel <\/h2>\n<p>Code 4D145150110CD<br \/>\nCompatible avec la pi\u00e8ce d'origine Cadel num\u00e9ro 4D145150110<br \/>\n<strong> Pour les mod\u00e8les de po\u00eales \u00e0 granules Cadel suivants\u00a0: <\/strong>Doge plus, Doge 3 Plus, Elise 3 Plus, Eolo, Family, Lean Plus, Martina, Prince 3, Prince 3 Plus, Sfera, Sfera 3, Sfera Glass, Sfera Plus, Sfera 3 Plus, Sfera Plus Glass, Sire Plus, Sire 3 Plus, Solaris, Vanessa, Venus, Venus 3 Plus, Wall<\/p>","protected":false},"excerpt":{"rendered":"<hr>\n<p>Compatible avec le code original Cadel <strong>Code 4D145150110<\/strong><\/p>","protected":false},"featured_media":12740,"template":"","meta":[],"product_brand":[],"product_cat":[712,733,734,736,737,778,742,743,745,746,747,748,749,750,751,752,753,754,755,713,758,759,760,761],"product_tag":[70],"class_list":{"0":"post-11459","1":"product","2":"type-product","3":"status-publish","4":"has-post-thumbnail","6":"product_cat-cadel","7":"product_cat-doge-3-plus-stufe-a-pellet-cadel-cadel-ricambi-specifici-per-marchio","8":"product_cat-doge-plus-stufe-a-pellet-cadel-cadel-ricambi-specifici-per-marchio","9":"product_cat-elise-3-plus-stufe-a-pellet-cadel-cadel-ricambi-specifici-per-marchio","10":"product_cat-eolo-stufe-a-pellet-cadel-cadel-ricambi-specifici-per-marchio","11":"product_cat-family-stufe-a-pellet-cadel-cadel-ricambi-specifici-per-marchio","12":"product_cat-lean-plus-stufe-a-pellet-cadel-cadel-ricambi-specifici-per-marchio","13":"product_cat-martina-stufe-a-pellet-cadel-cadel-ricambi-specifici-per-marchio","14":"product_cat-prince-3-stufe-a-pellet-cadel-cadel-ricambi-specifici-per-marchio","15":"product_cat-prince-3-plus-stufe-a-pellet-cadel-cadel-ricambi-specifici-per-marchio","16":"product_cat-sfera-stufe-a-pellet-cadel-cadel-ricambi-specifici-per-marchio","17":"product_cat-sfera-3-stufe-a-pellet-cadel-cadel-ricambi-specifici-per-marchio","18":"product_cat-sfera-3-plus-stufe-a-pellet-cadel-cadel-ricambi-specifici-per-marchio","19":"product_cat-sfera-glass-stufe-a-pellet-cadel-cadel-ricambi-specifici-per-marchio","20":"product_cat-sfera-plus-stufe-a-pellet-cadel-cadel-ricambi-specifici-per-marchio","21":"product_cat-sfera-plus-glass-stufe-a-pellet-cadel-cadel-ricambi-specifici-per-marchio","22":"product_cat-sire-3-plus-stufe-a-pellet-cadel-cadel-ricambi-specifici-per-marchio","23":"product_cat-sire-plus-stufe-a-pellet-cadel-cadel-ricambi-specifici-per-marchio","24":"product_cat-solaris-stufe-a-pellet-cadel-cadel-ricambi-specifici-per-marchio","25":"product_cat-stufe-a-pellet-cadel-cadel-ricambi-specifici-per-marchio","26":"product_cat-vanessa-stufe-a-pellet-cadel-cadel-ricambi-specifici-per-marchio","27":"product_cat-venus-stufe-a-pellet-cadel-cadel-ricambi-specifici-per-marchio","28":"product_cat-venus-3-plus-stufe-a-pellet-cadel-cadel-ricambi-specifici-per-marchio","29":"product_cat-wall-stufe-a-pellet-cadel-cadel-ricambi-specifici-per-marchio","30":"product_tag-cadel","31":"product_shipping_class-classe-di-spedizione-01","33":"first","34":"instock","35":"taxable","36":"shipping-taxable","37":"purchasable","38":"product-type-simple"},"yoast_head":"<!-- This site is optimized with the Yoast SEO plugin v26.3 - https:\/\/yoast.com\/wordpress\/plugins\/seo\/ -->\n<title>Sonda ambiente per stufa a pellet Cadel - Mack4Season<\/title>\n<meta name=\"description\" content=\"Sonda ambiente per stufa a pellet Cadel, Sonda termica per stufa a pellet Cadel, Sonda temperatura per stufa a pellet Cadel\" \/>\n<meta name=\"robots\" content=\"index, follow, max-snippet:-1, max-image-preview:large, max-video-preview:-1\" \/>\n<link rel=\"canonical\" href=\"https:\/\/mack4seasons.com\/fr\/negozio\/cadel\/stufe-a-pellet-cadel-cadel-ricambi-specifici-per-marchio\/doge-3-plus-stufe-a-pellet-cadel-cadel-ricambi-specifici-per-marchio\/sonda-ambiente-cod-4d145150110cd\/\" \/>\n<meta property=\"og:locale\" content=\"fr_FR\" \/>\n<meta property=\"og:type\" content=\"article\" \/>\n<meta property=\"og:title\" content=\"Sonda ambiente per stufa a pellet Cadel - Mack4Season\" \/>\n<meta property=\"og:description\" content=\"Sonda ambiente per stufa a pellet Cadel, Sonda termica per stufa a pellet Cadel, Sonda temperatura per stufa a pellet Cadel\" \/>\n<meta property=\"og:url\" content=\"https:\/\/mack4seasons.com\/fr\/negozio\/cadel\/stufe-a-pellet-cadel-cadel-ricambi-specifici-per-marchio\/doge-3-plus-stufe-a-pellet-cadel-cadel-ricambi-specifici-per-marchio\/sonda-ambiente-cod-4d145150110cd\/\" \/>\n<meta property=\"og:site_name\" content=\"Mack4Season\" \/>\n<meta property=\"article:publisher\" content=\"https:\/\/www.facebook.com\/profile.php?id=100075990468585\" \/>\n<meta property=\"article:modified_time\" content=\"2022-10-03T08:26:38+00:00\" \/>\n<meta property=\"og:image\" content=\"https:\/\/mack4seasons.com\/wp-content\/uploads\/2021\/09\/w-SITO-SONDE-AMB-01-M.jpg\" \/>\n\t<meta property=\"og:image:width\" content=\"960\" \/>\n\t<meta property=\"og:image:height\" content=\"960\" \/>\n\t<meta property=\"og:image:type\" content=\"image\/jpeg\" \/>\n<meta name=\"twitter:card\" content=\"summary_large_image\" \/>\n<script type=\"application\/ld+json\" class=\"yoast-schema-graph\">{\"@context\":\"https:\/\/schema.org\",\"@graph\":[{\"@type\":\"WebPage\",\"@id\":\"https:\/\/mack4seasons.com\/negozio\/cadel\/stufe-a-pellet-cadel-cadel-ricambi-specifici-per-marchio\/doge-3-plus-stufe-a-pellet-cadel-cadel-ricambi-specifici-per-marchio\/sonda-ambiente-cod-4d145150110cd\/\",\"url\":\"https:\/\/mack4seasons.com\/negozio\/cadel\/stufe-a-pellet-cadel-cadel-ricambi-specifici-per-marchio\/doge-3-plus-stufe-a-pellet-cadel-cadel-ricambi-specifici-per-marchio\/sonda-ambiente-cod-4d145150110cd\/\",\"name\":\"Sonda ambiente per stufa a pellet Cadel - Mack4Season\",\"isPartOf\":{\"@id\":\"https:\/\/mack4seasons.com\/#website\"},\"primaryImageOfPage\":{\"@id\":\"https:\/\/mack4seasons.com\/negozio\/cadel\/stufe-a-pellet-cadel-cadel-ricambi-specifici-per-marchio\/doge-3-plus-stufe-a-pellet-cadel-cadel-ricambi-specifici-per-marchio\/sonda-ambiente-cod-4d145150110cd\/#primaryimage\"},\"image\":{\"@id\":\"https:\/\/mack4seasons.com\/negozio\/cadel\/stufe-a-pellet-cadel-cadel-ricambi-specifici-per-marchio\/doge-3-plus-stufe-a-pellet-cadel-cadel-ricambi-specifici-per-marchio\/sonda-ambiente-cod-4d145150110cd\/#primaryimage\"},\"thumbnailUrl\":\"https:\/\/mack4seasons.com\/wp-content\/uploads\/2021\/09\/w-SITO-SONDE-AMB-01-M.jpg\",\"datePublished\":\"2021-02-03T09:48:00+00:00\",\"dateModified\":\"2022-10-03T08:26:38+00:00\",\"description\":\"Sonda ambiente per stufa a pellet Cadel, Sonda termica per stufa a pellet Cadel, Sonda temperatura per stufa a pellet Cadel\",\"breadcrumb\":{\"@id\":\"https:\/\/mack4seasons.com\/negozio\/cadel\/stufe-a-pellet-cadel-cadel-ricambi-specifici-per-marchio\/doge-3-plus-stufe-a-pellet-cadel-cadel-ricambi-specifici-per-marchio\/sonda-ambiente-cod-4d145150110cd\/#breadcrumb\"},\"inLanguage\":\"fr-FR\",\"potentialAction\":[{\"@type\":\"ReadAction\",\"target\":[\"https:\/\/mack4seasons.com\/negozio\/cadel\/stufe-a-pellet-cadel-cadel-ricambi-specifici-per-marchio\/doge-3-plus-stufe-a-pellet-cadel-cadel-ricambi-specifici-per-marchio\/sonda-ambiente-cod-4d145150110cd\/\"]}]},{\"@type\":\"ImageObject\",\"inLanguage\":\"fr-FR\",\"@id\":\"https:\/\/mack4seasons.com\/negozio\/cadel\/stufe-a-pellet-cadel-cadel-ricambi-specifici-per-marchio\/doge-3-plus-stufe-a-pellet-cadel-cadel-ricambi-specifici-per-marchio\/sonda-ambiente-cod-4d145150110cd\/#primaryimage\",\"url\":\"https:\/\/mack4seasons.com\/wp-content\/uploads\/2021\/09\/w-SITO-SONDE-AMB-01-M.jpg\",\"contentUrl\":\"https:\/\/mack4seasons.com\/wp-content\/uploads\/2021\/09\/w-SITO-SONDE-AMB-01-M.jpg\",\"width\":960,\"height\":960},{\"@type\":\"BreadcrumbList\",\"@id\":\"https:\/\/mack4seasons.com\/negozio\/cadel\/stufe-a-pellet-cadel-cadel-ricambi-specifici-per-marchio\/doge-3-plus-stufe-a-pellet-cadel-cadel-ricambi-specifici-per-marchio\/sonda-ambiente-cod-4d145150110cd\/#breadcrumb\",\"itemListElement\":[{\"@type\":\"ListItem\",\"position\":1,\"name\":\"Home\",\"item\":\"https:\/\/mack4seasons.com\/ricambi-accessori-stufe-e-caldaie-pellet\/\"},{\"@type\":\"ListItem\",\"position\":2,\"name\":\"Shop\",\"item\":\"https:\/\/mack4seasons.com\/negozio\/\"},{\"@type\":\"ListItem\",\"position\":3,\"name\":\"Sonda ambiente per stufa a pellet Cadel Codice 4D145150110CD\"}]},{\"@type\":\"WebSite\",\"@id\":\"https:\/\/mack4seasons.com\/#website\",\"url\":\"https:\/\/mack4seasons.com\/\",\"name\":\"Mack4Season\",\"description\":\"Per il comfort termico della tua casa\",\"publisher\":{\"@id\":\"https:\/\/mack4seasons.com\/#organization\"},\"potentialAction\":[{\"@type\":\"SearchAction\",\"target\":{\"@type\":\"EntryPoint\",\"urlTemplate\":\"https:\/\/mack4seasons.com\/?s={search_term_string}\"},\"query-input\":{\"@type\":\"PropertyValueSpecification\",\"valueRequired\":true,\"valueName\":\"search_term_string\"}}],\"inLanguage\":\"fr-FR\"},{\"@type\":\"Organization\",\"@id\":\"https:\/\/mack4seasons.com\/#organization\",\"name\":\"Mack4Season\",\"url\":\"https:\/\/mack4seasons.com\/\",\"logo\":{\"@type\":\"ImageObject\",\"inLanguage\":\"fr-FR\",\"@id\":\"https:\/\/mack4seasons.com\/#\/schema\/logo\/image\/\",\"url\":\"https:\/\/mack4seasons.com\/wp-content\/uploads\/2021\/06\/w-MACK-logo-pantone-02A19E.png\",\"contentUrl\":\"https:\/\/mack4seasons.com\/wp-content\/uploads\/2021\/06\/w-MACK-logo-pantone-02A19E.png\",\"width\":809,\"height\":425,\"caption\":\"Mack4Season\"},\"image\":{\"@id\":\"https:\/\/mack4seasons.com\/#\/schema\/logo\/image\/\"},\"sameAs\":[\"https:\/\/www.facebook.com\/profile.php?id=100075990468585\"]}]}<\/script>\n<!-- \/ Yoast SEO plugin. -->","yoast_head_json":{"title":"Sonde d'ambiance pour le po\u00eale \u00e0 granul\u00e9s Cadel - Mack4Season","description":"Sonde d'ambiance pour po\u00eale \u00e0 granul\u00e9s Cadel, Sonde de temp\u00e9rature pour po\u00eale \u00e0 granul\u00e9s Cadel, Sonde de temp\u00e9rature pour po\u00eale \u00e0 granul\u00e9s Cadel","robots":{"index":"index","follow":"follow","max-snippet":"max-snippet:-1","max-image-preview":"max-image-preview:large","max-video-preview":"max-video-preview:-1"},"canonical":"https:\/\/mack4seasons.com\/fr\/negozio\/cadel\/stufe-a-pellet-cadel-cadel-ricambi-specifici-per-marchio\/doge-3-plus-stufe-a-pellet-cadel-cadel-ricambi-specifici-per-marchio\/sonda-ambiente-cod-4d145150110cd\/","og_locale":"fr_FR","og_type":"article","og_title":"Sonda ambiente per stufa a pellet Cadel - Mack4Season","og_description":"Sonda ambiente per stufa a pellet Cadel, Sonda termica per stufa a pellet Cadel, Sonda temperatura per stufa a pellet Cadel","og_url":"https:\/\/mack4seasons.com\/fr\/negozio\/cadel\/stufe-a-pellet-cadel-cadel-ricambi-specifici-per-marchio\/doge-3-plus-stufe-a-pellet-cadel-cadel-ricambi-specifici-per-marchio\/sonda-ambiente-cod-4d145150110cd\/","og_site_name":"Mack4Season","article_publisher":"https:\/\/www.facebook.com\/profile.php?id=100075990468585","article_modified_time":"2022-10-03T08:26:38+00:00","og_image":[{"width":960,"height":960,"url":"https:\/\/mack4seasons.com\/wp-content\/uploads\/2021\/09\/w-SITO-SONDE-AMB-01-M.jpg","type":"image\/jpeg"}],"twitter_card":"summary_large_image","schema":{"@context":"https:\/\/schema.org","@graph":[{"@type":"WebPage","@id":"https:\/\/mack4seasons.com\/negozio\/cadel\/stufe-a-pellet-cadel-cadel-ricambi-specifici-per-marchio\/doge-3-plus-stufe-a-pellet-cadel-cadel-ricambi-specifici-per-marchio\/sonda-ambiente-cod-4d145150110cd\/","url":"https:\/\/mack4seasons.com\/negozio\/cadel\/stufe-a-pellet-cadel-cadel-ricambi-specifici-per-marchio\/doge-3-plus-stufe-a-pellet-cadel-cadel-ricambi-specifici-per-marchio\/sonda-ambiente-cod-4d145150110cd\/","name":"Sonde d'ambiance pour le po\u00eale \u00e0 granul\u00e9s Cadel - Mack4Season","isPartOf":{"@id":"https:\/\/mack4seasons.com\/#website"},"primaryImageOfPage":{"@id":"https:\/\/mack4seasons.com\/negozio\/cadel\/stufe-a-pellet-cadel-cadel-ricambi-specifici-per-marchio\/doge-3-plus-stufe-a-pellet-cadel-cadel-ricambi-specifici-per-marchio\/sonda-ambiente-cod-4d145150110cd\/#primaryimage"},"image":{"@id":"https:\/\/mack4seasons.com\/negozio\/cadel\/stufe-a-pellet-cadel-cadel-ricambi-specifici-per-marchio\/doge-3-plus-stufe-a-pellet-cadel-cadel-ricambi-specifici-per-marchio\/sonda-ambiente-cod-4d145150110cd\/#primaryimage"},"thumbnailUrl":"https:\/\/mack4seasons.com\/wp-content\/uploads\/2021\/09\/w-SITO-SONDE-AMB-01-M.jpg","datePublished":"2021-02-03T09:48:00+00:00","dateModified":"2022-10-03T08:26:38+00:00","description":"Sonde d'ambiance pour po\u00eale \u00e0 granul\u00e9s Cadel, Sonde de temp\u00e9rature pour po\u00eale \u00e0 granul\u00e9s Cadel, Sonde de temp\u00e9rature pour po\u00eale \u00e0 granul\u00e9s Cadel","breadcrumb":{"@id":"https:\/\/mack4seasons.com\/negozio\/cadel\/stufe-a-pellet-cadel-cadel-ricambi-specifici-per-marchio\/doge-3-plus-stufe-a-pellet-cadel-cadel-ricambi-specifici-per-marchio\/sonda-ambiente-cod-4d145150110cd\/#breadcrumb"},"inLanguage":"fr-FR","potentialAction":[{"@type":"ReadAction","target":["https:\/\/mack4seasons.com\/negozio\/cadel\/stufe-a-pellet-cadel-cadel-ricambi-specifici-per-marchio\/doge-3-plus-stufe-a-pellet-cadel-cadel-ricambi-specifici-per-marchio\/sonda-ambiente-cod-4d145150110cd\/"]}]},{"@type":"ImageObject","inLanguage":"fr-FR","@id":"https:\/\/mack4seasons.com\/negozio\/cadel\/stufe-a-pellet-cadel-cadel-ricambi-specifici-per-marchio\/doge-3-plus-stufe-a-pellet-cadel-cadel-ricambi-specifici-per-marchio\/sonda-ambiente-cod-4d145150110cd\/#primaryimage","url":"https:\/\/mack4seasons.com\/wp-content\/uploads\/2021\/09\/w-SITO-SONDE-AMB-01-M.jpg","contentUrl":"https:\/\/mack4seasons.com\/wp-content\/uploads\/2021\/09\/w-SITO-SONDE-AMB-01-M.jpg","width":960,"height":960},{"@type":"BreadcrumbList","@id":"https:\/\/mack4seasons.com\/negozio\/cadel\/stufe-a-pellet-cadel-cadel-ricambi-specifici-per-marchio\/doge-3-plus-stufe-a-pellet-cadel-cadel-ricambi-specifici-per-marchio\/sonda-ambiente-cod-4d145150110cd\/#breadcrumb","itemListElement":[{"@type":"ListItem","position":1,"name":"Home","item":"https:\/\/mack4seasons.com\/ricambi-accessori-stufe-e-caldaie-pellet\/"},{"@type":"ListItem","position":2,"name":"Shop","item":"https:\/\/mack4seasons.com\/negozio\/"},{"@type":"ListItem","position":3,"name":"Sonda ambiente per stufa a pellet Cadel Codice 4D145150110CD"}]},{"@type":"WebSite","@id":"https:\/\/mack4seasons.com\/#website","url":"https:\/\/mack4seasons.com\/","name":"Mack4Season","description":"Pour le confort thermique de votre maison","publisher":{"@id":"https:\/\/mack4seasons.com\/#organization"},"potentialAction":[{"@type":"SearchAction","target":{"@type":"EntryPoint","urlTemplate":"https:\/\/mack4seasons.com\/?s={search_term_string}"},"query-input":{"@type":"PropertyValueSpecification","valueRequired":true,"valueName":"search_term_string"}}],"inLanguage":"fr-FR"},{"@type":"Organization","@id":"https:\/\/mack4seasons.com\/#organization","name":"Mack4Season","url":"https:\/\/mack4seasons.com\/","logo":{"@type":"ImageObject","inLanguage":"fr-FR","@id":"https:\/\/mack4seasons.com\/#\/schema\/logo\/image\/","url":"https:\/\/mack4seasons.com\/wp-content\/uploads\/2021\/06\/w-MACK-logo-pantone-02A19E.png","contentUrl":"https:\/\/mack4seasons.com\/wp-content\/uploads\/2021\/06\/w-MACK-logo-pantone-02A19E.png","width":809,"height":425,"caption":"Mack4Season"},"image":{"@id":"https:\/\/mack4seasons.com\/#\/schema\/logo\/image\/"},"sameAs":["https:\/\/www.facebook.com\/profile.php?id=100075990468585"]}]}},"_links":{"self":[{"href":"https:\/\/mack4seasons.com\/fr\/wp-json\/wp\/v2\/product\/11459","targetHints":{"allow":["GET"]}}],"collection":[{"href":"https:\/\/mack4seasons.com\/fr\/wp-json\/wp\/v2\/product"}],"about":[{"href":"https:\/\/mack4seasons.com\/fr\/wp-json\/wp\/v2\/types\/product"}],"wp:featuredmedia":[{"embeddable":true,"href":"https:\/\/mack4seasons.com\/fr\/wp-json\/wp\/v2\/media\/12740"}],"wp:attachment":[{"href":"https:\/\/mack4seasons.com\/fr\/wp-json\/wp\/v2\/media?parent=11459"}],"wp:term":[{"taxonomy":"product_brand","embeddable":true,"href":"https:\/\/mack4seasons.com\/fr\/wp-json\/wp\/v2\/product_brand?post=11459"},{"taxonomy":"product_cat","embeddable":true,"href":"https:\/\/mack4seasons.com\/fr\/wp-json\/wp\/v2\/product_cat?post=11459"},{"taxonomy":"product_tag","embeddable":true,"href":"https:\/\/mack4seasons.com\/fr\/wp-json\/wp\/v2\/product_tag?post=11459"}],"curies":[{"name":"wp","href":"https:\/\/api.w.org\/{rel}","templated":true}]}}