{"id":11454,"date":"2021-02-03T09:48:00","date_gmt":"2021-02-03T09:48:00","guid":{"rendered":"https:\/\/mack4seasons.com\/?post_type=product&#038;p=11454"},"modified":"2022-10-03T08:26:36","modified_gmt":"2022-10-03T08:26:36","slug":"encoder-cod-41451209300cd","status":"publish","type":"product","link":"https:\/\/mack4seasons.com\/fr\/negozio\/cadel\/stufe-a-pellet-cadel-cadel-ricambi-specifici-per-marchio\/cristal-7-kw-stufe-a-pellet-cadel-cadel-ricambi-specifici-per-marchio\/encoder-cod-41451209300cd\/","title":{"rendered":"Encodeur pour po\u00eale \u00e0 pellets Cadel Code 41451209300CD"},"content":{"rendered":"<hr>\n<h2>   Encoder per stufa a pellet Cadel <\/h2>\n<p>Codice 41451209300CD<br \/>\nCompatibile con Codice  originale Cadel  41451209300<br \/>\n<strong> Pour les mod\u00e8les de po\u00eales \u00e0 granules Cadel suivants\u00a0: <\/strong> Cristal 7 kw, Cristal 8,5 kw, Diana, Evo, Kriss, Nice, Rondo, Tecna<\/p>","protected":false},"excerpt":{"rendered":"<hr>\n<p>Compatible avec le code original Cadel <strong>Codice 41451209300<\/strong><\/p>","protected":false},"featured_media":13021,"template":"","meta":[],"product_brand":[],"product_cat":[712,731,732,756,738,740,744,722,713,757],"product_tag":[70],"class_list":{"0":"post-11454","1":"product","2":"type-product","3":"status-publish","4":"has-post-thumbnail","6":"product_cat-cadel","7":"product_cat-cristal-7-kw-stufe-a-pellet-cadel-cadel-ricambi-specifici-per-marchio","8":"product_cat-cristal-85-kw-stufe-a-pellet-cadel-cadel-ricambi-specifici-per-marchio","9":"product_cat-diana-stufe-a-pellet-cadel-cadel-ricambi-specifici-per-marchio","10":"product_cat-evo-stufe-a-pellet-cadel-cadel-ricambi-specifici-per-marchio","11":"product_cat-kriss-stufe-a-pellet-cadel-cadel-ricambi-specifici-per-marchio","12":"product_cat-nice-stufe-a-pellet-cadel-cadel-ricambi-specifici-per-marchio","13":"product_cat-rondo-stufe-a-pellet-cadel-cadel-ricambi-specifici-per-marchio","14":"product_cat-stufe-a-pellet-cadel-cadel-ricambi-specifici-per-marchio","15":"product_cat-tecna-stufe-a-pellet-cadel-cadel-ricambi-specifici-per-marchio","16":"product_tag-cadel","17":"product_shipping_class-classe-di-spedizione-01","19":"first","20":"instock","21":"taxable","22":"shipping-taxable","23":"purchasable","24":"product-type-simple"},"yoast_head":"<!-- This site is optimized with the Yoast SEO plugin v26.3 - https:\/\/yoast.com\/wordpress\/plugins\/seo\/ -->\n<title>Encoder per stufa a pellet Cadel - Mack4Season<\/title>\n<meta name=\"description\" content=\"Encoder per stufe a pellet Cadel, Encoder per stufa a pellet Cadel, Encoder per stufe caldaie a pellet Cadel\" \/>\n<meta name=\"robots\" content=\"index, follow, max-snippet:-1, max-image-preview:large, max-video-preview:-1\" \/>\n<link rel=\"canonical\" href=\"https:\/\/mack4seasons.com\/fr\/negozio\/cadel\/stufe-a-pellet-cadel-cadel-ricambi-specifici-per-marchio\/rondo-stufe-a-pellet-cadel-cadel-ricambi-specifici-per-marchio\/encoder-cod-41451209300cd\/\" \/>\n<meta property=\"og:locale\" content=\"fr_FR\" \/>\n<meta property=\"og:type\" content=\"article\" \/>\n<meta property=\"og:title\" content=\"Encoder per stufa a pellet Cadel - Mack4Season\" \/>\n<meta property=\"og:description\" content=\"Encoder per stufe a pellet Cadel, Encoder per stufa a pellet Cadel, Encoder per stufe caldaie a pellet Cadel\" \/>\n<meta property=\"og:url\" content=\"https:\/\/mack4seasons.com\/fr\/negozio\/cadel\/stufe-a-pellet-cadel-cadel-ricambi-specifici-per-marchio\/rondo-stufe-a-pellet-cadel-cadel-ricambi-specifici-per-marchio\/encoder-cod-41451209300cd\/\" \/>\n<meta property=\"og:site_name\" content=\"Mack4Season\" \/>\n<meta property=\"article:publisher\" content=\"https:\/\/www.facebook.com\/profile.php?id=100075990468585\" \/>\n<meta property=\"article:modified_time\" content=\"2022-10-03T08:26:36+00:00\" \/>\n<meta property=\"og:image\" content=\"https:\/\/mack4seasons.com\/wp-content\/uploads\/2021\/09\/1018662-M.jpg\" \/>\n\t<meta property=\"og:image:width\" content=\"640\" \/>\n\t<meta property=\"og:image:height\" content=\"640\" \/>\n\t<meta property=\"og:image:type\" content=\"image\/jpeg\" \/>\n<meta name=\"twitter:card\" content=\"summary_large_image\" \/>\n<script type=\"application\/ld+json\" class=\"yoast-schema-graph\">{\"@context\":\"https:\/\/schema.org\",\"@graph\":[{\"@type\":\"WebPage\",\"@id\":\"https:\/\/mack4seasons.com\/negozio\/cadel\/stufe-a-pellet-cadel-cadel-ricambi-specifici-per-marchio\/rondo-stufe-a-pellet-cadel-cadel-ricambi-specifici-per-marchio\/encoder-cod-41451209300cd\/\",\"url\":\"https:\/\/mack4seasons.com\/negozio\/cadel\/stufe-a-pellet-cadel-cadel-ricambi-specifici-per-marchio\/rondo-stufe-a-pellet-cadel-cadel-ricambi-specifici-per-marchio\/encoder-cod-41451209300cd\/\",\"name\":\"Encoder per stufa a pellet Cadel - Mack4Season\",\"isPartOf\":{\"@id\":\"https:\/\/mack4seasons.com\/#website\"},\"primaryImageOfPage\":{\"@id\":\"https:\/\/mack4seasons.com\/negozio\/cadel\/stufe-a-pellet-cadel-cadel-ricambi-specifici-per-marchio\/rondo-stufe-a-pellet-cadel-cadel-ricambi-specifici-per-marchio\/encoder-cod-41451209300cd\/#primaryimage\"},\"image\":{\"@id\":\"https:\/\/mack4seasons.com\/negozio\/cadel\/stufe-a-pellet-cadel-cadel-ricambi-specifici-per-marchio\/rondo-stufe-a-pellet-cadel-cadel-ricambi-specifici-per-marchio\/encoder-cod-41451209300cd\/#primaryimage\"},\"thumbnailUrl\":\"https:\/\/mack4seasons.com\/wp-content\/uploads\/2021\/09\/1018662-M.jpg\",\"datePublished\":\"2021-02-03T09:48:00+00:00\",\"dateModified\":\"2022-10-03T08:26:36+00:00\",\"description\":\"Encoder per stufe a pellet Cadel, Encoder per stufa a pellet Cadel, Encoder per stufe caldaie a pellet Cadel\",\"breadcrumb\":{\"@id\":\"https:\/\/mack4seasons.com\/negozio\/cadel\/stufe-a-pellet-cadel-cadel-ricambi-specifici-per-marchio\/rondo-stufe-a-pellet-cadel-cadel-ricambi-specifici-per-marchio\/encoder-cod-41451209300cd\/#breadcrumb\"},\"inLanguage\":\"fr-FR\",\"potentialAction\":[{\"@type\":\"ReadAction\",\"target\":[\"https:\/\/mack4seasons.com\/negozio\/cadel\/stufe-a-pellet-cadel-cadel-ricambi-specifici-per-marchio\/rondo-stufe-a-pellet-cadel-cadel-ricambi-specifici-per-marchio\/encoder-cod-41451209300cd\/\"]}]},{\"@type\":\"ImageObject\",\"inLanguage\":\"fr-FR\",\"@id\":\"https:\/\/mack4seasons.com\/negozio\/cadel\/stufe-a-pellet-cadel-cadel-ricambi-specifici-per-marchio\/rondo-stufe-a-pellet-cadel-cadel-ricambi-specifici-per-marchio\/encoder-cod-41451209300cd\/#primaryimage\",\"url\":\"https:\/\/mack4seasons.com\/wp-content\/uploads\/2021\/09\/1018662-M.jpg\",\"contentUrl\":\"https:\/\/mack4seasons.com\/wp-content\/uploads\/2021\/09\/1018662-M.jpg\",\"width\":640,\"height\":640},{\"@type\":\"BreadcrumbList\",\"@id\":\"https:\/\/mack4seasons.com\/negozio\/cadel\/stufe-a-pellet-cadel-cadel-ricambi-specifici-per-marchio\/rondo-stufe-a-pellet-cadel-cadel-ricambi-specifici-per-marchio\/encoder-cod-41451209300cd\/#breadcrumb\",\"itemListElement\":[{\"@type\":\"ListItem\",\"position\":1,\"name\":\"Home\",\"item\":\"https:\/\/mack4seasons.com\/ricambi-accessori-stufe-e-caldaie-pellet\/\"},{\"@type\":\"ListItem\",\"position\":2,\"name\":\"Shop\",\"item\":\"https:\/\/mack4seasons.com\/negozio\/\"},{\"@type\":\"ListItem\",\"position\":3,\"name\":\"Encoder per stufa a pellet Cadel Codice 41451209300CD\"}]},{\"@type\":\"WebSite\",\"@id\":\"https:\/\/mack4seasons.com\/#website\",\"url\":\"https:\/\/mack4seasons.com\/\",\"name\":\"Mack4Season\",\"description\":\"Per il comfort termico della tua casa\",\"publisher\":{\"@id\":\"https:\/\/mack4seasons.com\/#organization\"},\"potentialAction\":[{\"@type\":\"SearchAction\",\"target\":{\"@type\":\"EntryPoint\",\"urlTemplate\":\"https:\/\/mack4seasons.com\/?s={search_term_string}\"},\"query-input\":{\"@type\":\"PropertyValueSpecification\",\"valueRequired\":true,\"valueName\":\"search_term_string\"}}],\"inLanguage\":\"fr-FR\"},{\"@type\":\"Organization\",\"@id\":\"https:\/\/mack4seasons.com\/#organization\",\"name\":\"Mack4Season\",\"url\":\"https:\/\/mack4seasons.com\/\",\"logo\":{\"@type\":\"ImageObject\",\"inLanguage\":\"fr-FR\",\"@id\":\"https:\/\/mack4seasons.com\/#\/schema\/logo\/image\/\",\"url\":\"https:\/\/mack4seasons.com\/wp-content\/uploads\/2021\/06\/w-MACK-logo-pantone-02A19E.png\",\"contentUrl\":\"https:\/\/mack4seasons.com\/wp-content\/uploads\/2021\/06\/w-MACK-logo-pantone-02A19E.png\",\"width\":809,\"height\":425,\"caption\":\"Mack4Season\"},\"image\":{\"@id\":\"https:\/\/mack4seasons.com\/#\/schema\/logo\/image\/\"},\"sameAs\":[\"https:\/\/www.facebook.com\/profile.php?id=100075990468585\"]}]}<\/script>\n<!-- \/ Yoast SEO plugin. -->","yoast_head_json":{"title":"Encoder per stufa a pellet Cadel - Mack4Season","description":"Encoder per stufe a pellet Cadel, Encoder per stufa a pellet Cadel, Encoder per stufe caldaie a pellet Cadel","robots":{"index":"index","follow":"follow","max-snippet":"max-snippet:-1","max-image-preview":"max-image-preview:large","max-video-preview":"max-video-preview:-1"},"canonical":"https:\/\/mack4seasons.com\/fr\/negozio\/cadel\/stufe-a-pellet-cadel-cadel-ricambi-specifici-per-marchio\/rondo-stufe-a-pellet-cadel-cadel-ricambi-specifici-per-marchio\/encoder-cod-41451209300cd\/","og_locale":"fr_FR","og_type":"article","og_title":"Encoder per stufa a pellet Cadel - Mack4Season","og_description":"Encoder per stufe a pellet Cadel, Encoder per stufa a pellet Cadel, Encoder per stufe caldaie a pellet Cadel","og_url":"https:\/\/mack4seasons.com\/fr\/negozio\/cadel\/stufe-a-pellet-cadel-cadel-ricambi-specifici-per-marchio\/rondo-stufe-a-pellet-cadel-cadel-ricambi-specifici-per-marchio\/encoder-cod-41451209300cd\/","og_site_name":"Mack4Season","article_publisher":"https:\/\/www.facebook.com\/profile.php?id=100075990468585","article_modified_time":"2022-10-03T08:26:36+00:00","og_image":[{"width":640,"height":640,"url":"https:\/\/mack4seasons.com\/wp-content\/uploads\/2021\/09\/1018662-M.jpg","type":"image\/jpeg"}],"twitter_card":"summary_large_image","schema":{"@context":"https:\/\/schema.org","@graph":[{"@type":"WebPage","@id":"https:\/\/mack4seasons.com\/negozio\/cadel\/stufe-a-pellet-cadel-cadel-ricambi-specifici-per-marchio\/rondo-stufe-a-pellet-cadel-cadel-ricambi-specifici-per-marchio\/encoder-cod-41451209300cd\/","url":"https:\/\/mack4seasons.com\/negozio\/cadel\/stufe-a-pellet-cadel-cadel-ricambi-specifici-per-marchio\/rondo-stufe-a-pellet-cadel-cadel-ricambi-specifici-per-marchio\/encoder-cod-41451209300cd\/","name":"Encoder per stufa a pellet Cadel - Mack4Season","isPartOf":{"@id":"https:\/\/mack4seasons.com\/#website"},"primaryImageOfPage":{"@id":"https:\/\/mack4seasons.com\/negozio\/cadel\/stufe-a-pellet-cadel-cadel-ricambi-specifici-per-marchio\/rondo-stufe-a-pellet-cadel-cadel-ricambi-specifici-per-marchio\/encoder-cod-41451209300cd\/#primaryimage"},"image":{"@id":"https:\/\/mack4seasons.com\/negozio\/cadel\/stufe-a-pellet-cadel-cadel-ricambi-specifici-per-marchio\/rondo-stufe-a-pellet-cadel-cadel-ricambi-specifici-per-marchio\/encoder-cod-41451209300cd\/#primaryimage"},"thumbnailUrl":"https:\/\/mack4seasons.com\/wp-content\/uploads\/2021\/09\/1018662-M.jpg","datePublished":"2021-02-03T09:48:00+00:00","dateModified":"2022-10-03T08:26:36+00:00","description":"Encoder per stufe a pellet Cadel, Encoder per stufa a pellet Cadel, Encoder per stufe caldaie a pellet Cadel","breadcrumb":{"@id":"https:\/\/mack4seasons.com\/negozio\/cadel\/stufe-a-pellet-cadel-cadel-ricambi-specifici-per-marchio\/rondo-stufe-a-pellet-cadel-cadel-ricambi-specifici-per-marchio\/encoder-cod-41451209300cd\/#breadcrumb"},"inLanguage":"fr-FR","potentialAction":[{"@type":"ReadAction","target":["https:\/\/mack4seasons.com\/negozio\/cadel\/stufe-a-pellet-cadel-cadel-ricambi-specifici-per-marchio\/rondo-stufe-a-pellet-cadel-cadel-ricambi-specifici-per-marchio\/encoder-cod-41451209300cd\/"]}]},{"@type":"ImageObject","inLanguage":"fr-FR","@id":"https:\/\/mack4seasons.com\/negozio\/cadel\/stufe-a-pellet-cadel-cadel-ricambi-specifici-per-marchio\/rondo-stufe-a-pellet-cadel-cadel-ricambi-specifici-per-marchio\/encoder-cod-41451209300cd\/#primaryimage","url":"https:\/\/mack4seasons.com\/wp-content\/uploads\/2021\/09\/1018662-M.jpg","contentUrl":"https:\/\/mack4seasons.com\/wp-content\/uploads\/2021\/09\/1018662-M.jpg","width":640,"height":640},{"@type":"BreadcrumbList","@id":"https:\/\/mack4seasons.com\/negozio\/cadel\/stufe-a-pellet-cadel-cadel-ricambi-specifici-per-marchio\/rondo-stufe-a-pellet-cadel-cadel-ricambi-specifici-per-marchio\/encoder-cod-41451209300cd\/#breadcrumb","itemListElement":[{"@type":"ListItem","position":1,"name":"Home","item":"https:\/\/mack4seasons.com\/ricambi-accessori-stufe-e-caldaie-pellet\/"},{"@type":"ListItem","position":2,"name":"Shop","item":"https:\/\/mack4seasons.com\/negozio\/"},{"@type":"ListItem","position":3,"name":"Encoder per stufa a pellet Cadel Codice 41451209300CD"}]},{"@type":"WebSite","@id":"https:\/\/mack4seasons.com\/#website","url":"https:\/\/mack4seasons.com\/","name":"Mack4Season","description":"Pour le confort thermique de votre maison","publisher":{"@id":"https:\/\/mack4seasons.com\/#organization"},"potentialAction":[{"@type":"SearchAction","target":{"@type":"EntryPoint","urlTemplate":"https:\/\/mack4seasons.com\/?s={search_term_string}"},"query-input":{"@type":"PropertyValueSpecification","valueRequired":true,"valueName":"search_term_string"}}],"inLanguage":"fr-FR"},{"@type":"Organization","@id":"https:\/\/mack4seasons.com\/#organization","name":"Mack4Season","url":"https:\/\/mack4seasons.com\/","logo":{"@type":"ImageObject","inLanguage":"fr-FR","@id":"https:\/\/mack4seasons.com\/#\/schema\/logo\/image\/","url":"https:\/\/mack4seasons.com\/wp-content\/uploads\/2021\/06\/w-MACK-logo-pantone-02A19E.png","contentUrl":"https:\/\/mack4seasons.com\/wp-content\/uploads\/2021\/06\/w-MACK-logo-pantone-02A19E.png","width":809,"height":425,"caption":"Mack4Season"},"image":{"@id":"https:\/\/mack4seasons.com\/#\/schema\/logo\/image\/"},"sameAs":["https:\/\/www.facebook.com\/profile.php?id=100075990468585"]}]}},"_links":{"self":[{"href":"https:\/\/mack4seasons.com\/fr\/wp-json\/wp\/v2\/product\/11454","targetHints":{"allow":["GET"]}}],"collection":[{"href":"https:\/\/mack4seasons.com\/fr\/wp-json\/wp\/v2\/product"}],"about":[{"href":"https:\/\/mack4seasons.com\/fr\/wp-json\/wp\/v2\/types\/product"}],"wp:featuredmedia":[{"embeddable":true,"href":"https:\/\/mack4seasons.com\/fr\/wp-json\/wp\/v2\/media\/13021"}],"wp:attachment":[{"href":"https:\/\/mack4seasons.com\/fr\/wp-json\/wp\/v2\/media?parent=11454"}],"wp:term":[{"taxonomy":"product_brand","embeddable":true,"href":"https:\/\/mack4seasons.com\/fr\/wp-json\/wp\/v2\/product_brand?post=11454"},{"taxonomy":"product_cat","embeddable":true,"href":"https:\/\/mack4seasons.com\/fr\/wp-json\/wp\/v2\/product_cat?post=11454"},{"taxonomy":"product_tag","embeddable":true,"href":"https:\/\/mack4seasons.com\/fr\/wp-json\/wp\/v2\/product_tag?post=11454"}],"curies":[{"name":"wp","href":"https:\/\/api.w.org\/{rel}","templated":true}]}}