{"id":11441,"date":"2021-02-03T09:48:00","date_gmt":"2021-02-03T09:48:00","guid":{"rendered":"https:\/\/mack4seasons.com\/?post_type=product&#038;p=11441"},"modified":"2022-10-03T08:26:32","modified_gmt":"2022-10-03T08:26:32","slug":"guarnizione-coclea-cod-41801600800cd","status":"publish","type":"product","link":"https:\/\/mack4seasons.com\/fr\/negozio\/cadel\/stufe-a-pellet-cadel-cadel-ricambi-specifici-per-marchio\/bistrot-3-stufe-a-pellet-cadel-cadel-ricambi-specifici-per-marchio\/guarnizione-coclea-cod-41801600800cd\/","title":{"rendered":"Joint extracteur de fum\u00e9e pour po\u00eale \u00e0 pellets Cadel Code 41801600800CD"},"content":{"rendered":"<hr>\n<h2>   Joint extracteur de fum\u00e9e pour po\u00eale \u00e0 granul\u00e9s Cadel  <\/h2>\n<p>Code 41801600800CD<br \/>\nCompatible avec le code original Cadel 41801600800<br \/>\n<strong> Pour les mod\u00e8les de po\u00eales \u00e0 granules Cadel suivants\u00a0: <\/strong> Bistrot 3, Bistrot 3 Lounge, Cloe, Cloe 3, Cristal 7 kw, Cristal 8,5 kw, Doge plus, Doge 3 Plus, Elise 3, Elise 3 Plus, Evo, Evo 3 7 kw, Evo 3 8,5 kw, Frame 3 7 kw, Kriss, Kriss 3 7 kw, Kriss 3 8,5 kw, Lean 3 Plus, Prince 3, Prince 3 Plus, Rondo, Rondo 3, Sfera, Sfera 3, Sfera Glass, Sfera Plus, Sfera 3 Plus, Sfera Plus Glass, Shell 3 Metallo, Shell Acier, Shell 3 Natural Acrylics, Sire Plus, Sire 3 Plus, Sweet, Sweet 3, Tecna, Tecna 3, Venus, Venus 3 Plus, Wall 3 Plus<\/p>","protected":false},"excerpt":{"rendered":"<hr>\n<p>Compatible avec le code original Cadel <strong>Code 41801600800<\/strong><\/p>","protected":false},"featured_media":11641,"template":"","meta":[],"product_brand":[],"product_cat":[714,715,712,716,717,731,732,733,734,735,736,738,718,719,739,740,720,721,741,745,746,722,723,747,748,749,750,751,752,724,725,726,753,754,713,727,728,757,729,759,760,730],"product_tag":[70],"class_list":{"0":"post-11441","1":"product","2":"type-product","3":"status-publish","4":"has-post-thumbnail","6":"product_cat-bistrot-3-stufe-a-pellet-cadel-cadel-ricambi-specifici-per-marchio","7":"product_cat-bistrot-3-lounge-stufe-a-pellet-cadel-cadel-ricambi-specifici-per-marchio","8":"product_cat-cadel","9":"product_cat-cloe-stufe-a-pellet-cadel-cadel-ricambi-specifici-per-marchio","10":"product_cat-cloe-3-stufe-a-pellet-cadel-cadel-ricambi-specifici-per-marchio","11":"product_cat-cristal-7-kw-stufe-a-pellet-cadel-cadel-ricambi-specifici-per-marchio","12":"product_cat-cristal-85-kw-stufe-a-pellet-cadel-cadel-ricambi-specifici-per-marchio","13":"product_cat-doge-3-plus-stufe-a-pellet-cadel-cadel-ricambi-specifici-per-marchio","14":"product_cat-doge-plus-stufe-a-pellet-cadel-cadel-ricambi-specifici-per-marchio","15":"product_cat-elise-3-stufe-a-pellet-cadel-cadel-ricambi-specifici-per-marchio","16":"product_cat-elise-3-plus-stufe-a-pellet-cadel-cadel-ricambi-specifici-per-marchio","17":"product_cat-evo-stufe-a-pellet-cadel-cadel-ricambi-specifici-per-marchio","18":"product_cat-evo-3-7-kw-stufe-a-pellet-cadel-cadel-ricambi-specifici-per-marchio","19":"product_cat-evo-3-85-kw-stufe-a-pellet-cadel-cadel-ricambi-specifici-per-marchio","20":"product_cat-frame-3-7-kw-stufe-a-pellet-cadel-cadel-ricambi-specifici-per-marchio","21":"product_cat-kriss-stufe-a-pellet-cadel-cadel-ricambi-specifici-per-marchio","22":"product_cat-kriss-3-7-kw-stufe-a-pellet-cadel-cadel-ricambi-specifici-per-marchio","23":"product_cat-kriss-3-85-kw-stufe-a-pellet-cadel-cadel-ricambi-specifici-per-marchio","24":"product_cat-lean-3-plus-stufe-a-pellet-cadel-cadel-ricambi-specifici-per-marchio","25":"product_cat-prince-3-stufe-a-pellet-cadel-cadel-ricambi-specifici-per-marchio","26":"product_cat-prince-3-plus-stufe-a-pellet-cadel-cadel-ricambi-specifici-per-marchio","27":"product_cat-rondo-stufe-a-pellet-cadel-cadel-ricambi-specifici-per-marchio","28":"product_cat-rondo-3-stufe-a-pellet-cadel-cadel-ricambi-specifici-per-marchio","29":"product_cat-sfera-stufe-a-pellet-cadel-cadel-ricambi-specifici-per-marchio","30":"product_cat-sfera-3-stufe-a-pellet-cadel-cadel-ricambi-specifici-per-marchio","31":"product_cat-sfera-3-plus-stufe-a-pellet-cadel-cadel-ricambi-specifici-per-marchio","32":"product_cat-sfera-glass-stufe-a-pellet-cadel-cadel-ricambi-specifici-per-marchio","33":"product_cat-sfera-plus-stufe-a-pellet-cadel-cadel-ricambi-specifici-per-marchio","34":"product_cat-sfera-plus-glass-stufe-a-pellet-cadel-cadel-ricambi-specifici-per-marchio","35":"product_cat-shell-3-metallo-stufe-a-pellet-cadel-cadel-ricambi-specifici-per-marchio","36":"product_cat-shell-3-natural-acrylics-stufe-a-pellet-cadel-cadel-ricambi-specifici-per-marchio","37":"product_cat-shell-acier-stufe-a-pellet-cadel-cadel-ricambi-specifici-per-marchio","38":"product_cat-sire-3-plus-stufe-a-pellet-cadel-cadel-ricambi-specifici-per-marchio","39":"product_cat-sire-plus-stufe-a-pellet-cadel-cadel-ricambi-specifici-per-marchio","40":"product_cat-stufe-a-pellet-cadel-cadel-ricambi-specifici-per-marchio","41":"product_cat-sweet-stufe-a-pellet-cadel-cadel-ricambi-specifici-per-marchio","42":"product_cat-sweet-3-stufe-a-pellet-cadel-cadel-ricambi-specifici-per-marchio","43":"product_cat-tecna-stufe-a-pellet-cadel-cadel-ricambi-specifici-per-marchio","44":"product_cat-tecna-3-stufe-a-pellet-cadel-cadel-ricambi-specifici-per-marchio","45":"product_cat-venus-stufe-a-pellet-cadel-cadel-ricambi-specifici-per-marchio","46":"product_cat-venus-3-plus-stufe-a-pellet-cadel-cadel-ricambi-specifici-per-marchio","47":"product_cat-wall-3-plus-stufe-a-pellet-cadel-cadel-ricambi-specifici-per-marchio","48":"product_tag-cadel","49":"product_shipping_class-classe-di-spedizione-01","51":"first","52":"instock","53":"taxable","54":"shipping-taxable","55":"purchasable","56":"product-type-simple"},"yoast_head":"<!-- This site is optimized with the Yoast SEO plugin v26.3 - https:\/\/yoast.com\/wordpress\/plugins\/seo\/ -->\n<title>Guarnizione estrattore fumi per stufa a pellet Cadel - Mack4Season<\/title>\n<meta name=\"description\" content=\"Guarnizione estrattore fumi per stufe caldaie a pellet Cadel, Guarnizione estrattore fumi per stufa a pellet Cadel,\" \/>\n<meta name=\"robots\" content=\"index, follow, max-snippet:-1, max-image-preview:large, max-video-preview:-1\" \/>\n<link rel=\"canonical\" href=\"https:\/\/mack4seasons.com\/fr\/negozio\/cadel\/stufe-a-pellet-cadel-cadel-ricambi-specifici-per-marchio\/bistrot-3-stufe-a-pellet-cadel-cadel-ricambi-specifici-per-marchio\/guarnizione-coclea-cod-41801600800cd\/\" \/>\n<meta property=\"og:locale\" content=\"fr_FR\" \/>\n<meta property=\"og:type\" content=\"article\" \/>\n<meta property=\"og:title\" content=\"Guarnizione estrattore fumi per stufa a pellet Cadel - Mack4Season\" \/>\n<meta property=\"og:description\" content=\"Guarnizione estrattore fumi per stufe caldaie a pellet Cadel, Guarnizione estrattore fumi per stufa a pellet Cadel,\" \/>\n<meta property=\"og:url\" content=\"https:\/\/mack4seasons.com\/fr\/negozio\/cadel\/stufe-a-pellet-cadel-cadel-ricambi-specifici-per-marchio\/bistrot-3-stufe-a-pellet-cadel-cadel-ricambi-specifici-per-marchio\/guarnizione-coclea-cod-41801600800cd\/\" \/>\n<meta property=\"og:site_name\" content=\"Mack4Season\" \/>\n<meta property=\"article:publisher\" content=\"https:\/\/www.facebook.com\/profile.php?id=100075990468585\" \/>\n<meta property=\"article:modified_time\" content=\"2022-10-03T08:26:32+00:00\" \/>\n<meta property=\"og:image\" content=\"https:\/\/mack4seasons.com\/wp-content\/uploads\/2021\/08\/Guarizione-etrattore-M-1.jpg\" \/>\n\t<meta property=\"og:image:width\" content=\"960\" \/>\n\t<meta property=\"og:image:height\" content=\"960\" \/>\n\t<meta property=\"og:image:type\" content=\"image\/jpeg\" \/>\n<meta name=\"twitter:card\" content=\"summary_large_image\" \/>\n<script type=\"application\/ld+json\" class=\"yoast-schema-graph\">{\"@context\":\"https:\/\/schema.org\",\"@graph\":[{\"@type\":\"WebPage\",\"@id\":\"https:\/\/mack4seasons.com\/negozio\/cadel\/stufe-a-pellet-cadel-cadel-ricambi-specifici-per-marchio\/bistrot-3-stufe-a-pellet-cadel-cadel-ricambi-specifici-per-marchio\/guarnizione-coclea-cod-41801600800cd\/\",\"url\":\"https:\/\/mack4seasons.com\/negozio\/cadel\/stufe-a-pellet-cadel-cadel-ricambi-specifici-per-marchio\/bistrot-3-stufe-a-pellet-cadel-cadel-ricambi-specifici-per-marchio\/guarnizione-coclea-cod-41801600800cd\/\",\"name\":\"Guarnizione estrattore fumi per stufa a pellet Cadel - Mack4Season\",\"isPartOf\":{\"@id\":\"https:\/\/mack4seasons.com\/#website\"},\"primaryImageOfPage\":{\"@id\":\"https:\/\/mack4seasons.com\/negozio\/cadel\/stufe-a-pellet-cadel-cadel-ricambi-specifici-per-marchio\/bistrot-3-stufe-a-pellet-cadel-cadel-ricambi-specifici-per-marchio\/guarnizione-coclea-cod-41801600800cd\/#primaryimage\"},\"image\":{\"@id\":\"https:\/\/mack4seasons.com\/negozio\/cadel\/stufe-a-pellet-cadel-cadel-ricambi-specifici-per-marchio\/bistrot-3-stufe-a-pellet-cadel-cadel-ricambi-specifici-per-marchio\/guarnizione-coclea-cod-41801600800cd\/#primaryimage\"},\"thumbnailUrl\":\"https:\/\/mack4seasons.com\/wp-content\/uploads\/2021\/08\/Guarizione-etrattore-M-1.jpg\",\"datePublished\":\"2021-02-03T09:48:00+00:00\",\"dateModified\":\"2022-10-03T08:26:32+00:00\",\"description\":\"Guarnizione estrattore fumi per stufe caldaie a pellet Cadel, Guarnizione estrattore fumi per stufa a pellet Cadel,\",\"breadcrumb\":{\"@id\":\"https:\/\/mack4seasons.com\/negozio\/cadel\/stufe-a-pellet-cadel-cadel-ricambi-specifici-per-marchio\/bistrot-3-stufe-a-pellet-cadel-cadel-ricambi-specifici-per-marchio\/guarnizione-coclea-cod-41801600800cd\/#breadcrumb\"},\"inLanguage\":\"fr-FR\",\"potentialAction\":[{\"@type\":\"ReadAction\",\"target\":[\"https:\/\/mack4seasons.com\/negozio\/cadel\/stufe-a-pellet-cadel-cadel-ricambi-specifici-per-marchio\/bistrot-3-stufe-a-pellet-cadel-cadel-ricambi-specifici-per-marchio\/guarnizione-coclea-cod-41801600800cd\/\"]}]},{\"@type\":\"ImageObject\",\"inLanguage\":\"fr-FR\",\"@id\":\"https:\/\/mack4seasons.com\/negozio\/cadel\/stufe-a-pellet-cadel-cadel-ricambi-specifici-per-marchio\/bistrot-3-stufe-a-pellet-cadel-cadel-ricambi-specifici-per-marchio\/guarnizione-coclea-cod-41801600800cd\/#primaryimage\",\"url\":\"https:\/\/mack4seasons.com\/wp-content\/uploads\/2021\/08\/Guarizione-etrattore-M-1.jpg\",\"contentUrl\":\"https:\/\/mack4seasons.com\/wp-content\/uploads\/2021\/08\/Guarizione-etrattore-M-1.jpg\",\"width\":960,\"height\":960},{\"@type\":\"BreadcrumbList\",\"@id\":\"https:\/\/mack4seasons.com\/negozio\/cadel\/stufe-a-pellet-cadel-cadel-ricambi-specifici-per-marchio\/bistrot-3-stufe-a-pellet-cadel-cadel-ricambi-specifici-per-marchio\/guarnizione-coclea-cod-41801600800cd\/#breadcrumb\",\"itemListElement\":[{\"@type\":\"ListItem\",\"position\":1,\"name\":\"Home\",\"item\":\"https:\/\/mack4seasons.com\/ricambi-accessori-stufe-e-caldaie-pellet\/\"},{\"@type\":\"ListItem\",\"position\":2,\"name\":\"Shop\",\"item\":\"https:\/\/mack4seasons.com\/negozio\/\"},{\"@type\":\"ListItem\",\"position\":3,\"name\":\"Guarnizione estrattore fumi per stufa a pellet Cadel coclea Codice 41801600800CD\"}]},{\"@type\":\"WebSite\",\"@id\":\"https:\/\/mack4seasons.com\/#website\",\"url\":\"https:\/\/mack4seasons.com\/\",\"name\":\"Mack4Season\",\"description\":\"Per il comfort termico della tua casa\",\"publisher\":{\"@id\":\"https:\/\/mack4seasons.com\/#organization\"},\"potentialAction\":[{\"@type\":\"SearchAction\",\"target\":{\"@type\":\"EntryPoint\",\"urlTemplate\":\"https:\/\/mack4seasons.com\/?s={search_term_string}\"},\"query-input\":{\"@type\":\"PropertyValueSpecification\",\"valueRequired\":true,\"valueName\":\"search_term_string\"}}],\"inLanguage\":\"fr-FR\"},{\"@type\":\"Organization\",\"@id\":\"https:\/\/mack4seasons.com\/#organization\",\"name\":\"Mack4Season\",\"url\":\"https:\/\/mack4seasons.com\/\",\"logo\":{\"@type\":\"ImageObject\",\"inLanguage\":\"fr-FR\",\"@id\":\"https:\/\/mack4seasons.com\/#\/schema\/logo\/image\/\",\"url\":\"https:\/\/mack4seasons.com\/wp-content\/uploads\/2021\/06\/w-MACK-logo-pantone-02A19E.png\",\"contentUrl\":\"https:\/\/mack4seasons.com\/wp-content\/uploads\/2021\/06\/w-MACK-logo-pantone-02A19E.png\",\"width\":809,\"height\":425,\"caption\":\"Mack4Season\"},\"image\":{\"@id\":\"https:\/\/mack4seasons.com\/#\/schema\/logo\/image\/\"},\"sameAs\":[\"https:\/\/www.facebook.com\/profile.php?id=100075990468585\"]}]}<\/script>\n<!-- \/ Yoast SEO plugin. -->","yoast_head_json":{"title":"Guarnizione estrattore fumi per stufa a pellet Cadel - Mack4Season","description":"Guarnizione estrattore fumi per stufe caldaie a pellet Cadel, Guarnizione estrattore fumi per stufa a pellet Cadel,","robots":{"index":"index","follow":"follow","max-snippet":"max-snippet:-1","max-image-preview":"max-image-preview:large","max-video-preview":"max-video-preview:-1"},"canonical":"https:\/\/mack4seasons.com\/fr\/negozio\/cadel\/stufe-a-pellet-cadel-cadel-ricambi-specifici-per-marchio\/bistrot-3-stufe-a-pellet-cadel-cadel-ricambi-specifici-per-marchio\/guarnizione-coclea-cod-41801600800cd\/","og_locale":"fr_FR","og_type":"article","og_title":"Guarnizione estrattore fumi per stufa a pellet Cadel - Mack4Season","og_description":"Guarnizione estrattore fumi per stufe caldaie a pellet Cadel, Guarnizione estrattore fumi per stufa a pellet Cadel,","og_url":"https:\/\/mack4seasons.com\/fr\/negozio\/cadel\/stufe-a-pellet-cadel-cadel-ricambi-specifici-per-marchio\/bistrot-3-stufe-a-pellet-cadel-cadel-ricambi-specifici-per-marchio\/guarnizione-coclea-cod-41801600800cd\/","og_site_name":"Mack4Season","article_publisher":"https:\/\/www.facebook.com\/profile.php?id=100075990468585","article_modified_time":"2022-10-03T08:26:32+00:00","og_image":[{"width":960,"height":960,"url":"https:\/\/mack4seasons.com\/wp-content\/uploads\/2021\/08\/Guarizione-etrattore-M-1.jpg","type":"image\/jpeg"}],"twitter_card":"summary_large_image","schema":{"@context":"https:\/\/schema.org","@graph":[{"@type":"WebPage","@id":"https:\/\/mack4seasons.com\/negozio\/cadel\/stufe-a-pellet-cadel-cadel-ricambi-specifici-per-marchio\/bistrot-3-stufe-a-pellet-cadel-cadel-ricambi-specifici-per-marchio\/guarnizione-coclea-cod-41801600800cd\/","url":"https:\/\/mack4seasons.com\/negozio\/cadel\/stufe-a-pellet-cadel-cadel-ricambi-specifici-per-marchio\/bistrot-3-stufe-a-pellet-cadel-cadel-ricambi-specifici-per-marchio\/guarnizione-coclea-cod-41801600800cd\/","name":"Guarnizione estrattore fumi per stufa a pellet Cadel - Mack4Season","isPartOf":{"@id":"https:\/\/mack4seasons.com\/#website"},"primaryImageOfPage":{"@id":"https:\/\/mack4seasons.com\/negozio\/cadel\/stufe-a-pellet-cadel-cadel-ricambi-specifici-per-marchio\/bistrot-3-stufe-a-pellet-cadel-cadel-ricambi-specifici-per-marchio\/guarnizione-coclea-cod-41801600800cd\/#primaryimage"},"image":{"@id":"https:\/\/mack4seasons.com\/negozio\/cadel\/stufe-a-pellet-cadel-cadel-ricambi-specifici-per-marchio\/bistrot-3-stufe-a-pellet-cadel-cadel-ricambi-specifici-per-marchio\/guarnizione-coclea-cod-41801600800cd\/#primaryimage"},"thumbnailUrl":"https:\/\/mack4seasons.com\/wp-content\/uploads\/2021\/08\/Guarizione-etrattore-M-1.jpg","datePublished":"2021-02-03T09:48:00+00:00","dateModified":"2022-10-03T08:26:32+00:00","description":"Guarnizione estrattore fumi per stufe caldaie a pellet Cadel, Guarnizione estrattore fumi per stufa a pellet Cadel,","breadcrumb":{"@id":"https:\/\/mack4seasons.com\/negozio\/cadel\/stufe-a-pellet-cadel-cadel-ricambi-specifici-per-marchio\/bistrot-3-stufe-a-pellet-cadel-cadel-ricambi-specifici-per-marchio\/guarnizione-coclea-cod-41801600800cd\/#breadcrumb"},"inLanguage":"fr-FR","potentialAction":[{"@type":"ReadAction","target":["https:\/\/mack4seasons.com\/negozio\/cadel\/stufe-a-pellet-cadel-cadel-ricambi-specifici-per-marchio\/bistrot-3-stufe-a-pellet-cadel-cadel-ricambi-specifici-per-marchio\/guarnizione-coclea-cod-41801600800cd\/"]}]},{"@type":"ImageObject","inLanguage":"fr-FR","@id":"https:\/\/mack4seasons.com\/negozio\/cadel\/stufe-a-pellet-cadel-cadel-ricambi-specifici-per-marchio\/bistrot-3-stufe-a-pellet-cadel-cadel-ricambi-specifici-per-marchio\/guarnizione-coclea-cod-41801600800cd\/#primaryimage","url":"https:\/\/mack4seasons.com\/wp-content\/uploads\/2021\/08\/Guarizione-etrattore-M-1.jpg","contentUrl":"https:\/\/mack4seasons.com\/wp-content\/uploads\/2021\/08\/Guarizione-etrattore-M-1.jpg","width":960,"height":960},{"@type":"BreadcrumbList","@id":"https:\/\/mack4seasons.com\/negozio\/cadel\/stufe-a-pellet-cadel-cadel-ricambi-specifici-per-marchio\/bistrot-3-stufe-a-pellet-cadel-cadel-ricambi-specifici-per-marchio\/guarnizione-coclea-cod-41801600800cd\/#breadcrumb","itemListElement":[{"@type":"ListItem","position":1,"name":"Home","item":"https:\/\/mack4seasons.com\/ricambi-accessori-stufe-e-caldaie-pellet\/"},{"@type":"ListItem","position":2,"name":"Shop","item":"https:\/\/mack4seasons.com\/negozio\/"},{"@type":"ListItem","position":3,"name":"Guarnizione estrattore fumi per stufa a pellet Cadel coclea Codice 41801600800CD"}]},{"@type":"WebSite","@id":"https:\/\/mack4seasons.com\/#website","url":"https:\/\/mack4seasons.com\/","name":"Mack4Season","description":"Pour le confort thermique de votre maison","publisher":{"@id":"https:\/\/mack4seasons.com\/#organization"},"potentialAction":[{"@type":"SearchAction","target":{"@type":"EntryPoint","urlTemplate":"https:\/\/mack4seasons.com\/?s={search_term_string}"},"query-input":{"@type":"PropertyValueSpecification","valueRequired":true,"valueName":"search_term_string"}}],"inLanguage":"fr-FR"},{"@type":"Organization","@id":"https:\/\/mack4seasons.com\/#organization","name":"Mack4Season","url":"https:\/\/mack4seasons.com\/","logo":{"@type":"ImageObject","inLanguage":"fr-FR","@id":"https:\/\/mack4seasons.com\/#\/schema\/logo\/image\/","url":"https:\/\/mack4seasons.com\/wp-content\/uploads\/2021\/06\/w-MACK-logo-pantone-02A19E.png","contentUrl":"https:\/\/mack4seasons.com\/wp-content\/uploads\/2021\/06\/w-MACK-logo-pantone-02A19E.png","width":809,"height":425,"caption":"Mack4Season"},"image":{"@id":"https:\/\/mack4seasons.com\/#\/schema\/logo\/image\/"},"sameAs":["https:\/\/www.facebook.com\/profile.php?id=100075990468585"]}]}},"_links":{"self":[{"href":"https:\/\/mack4seasons.com\/fr\/wp-json\/wp\/v2\/product\/11441","targetHints":{"allow":["GET"]}}],"collection":[{"href":"https:\/\/mack4seasons.com\/fr\/wp-json\/wp\/v2\/product"}],"about":[{"href":"https:\/\/mack4seasons.com\/fr\/wp-json\/wp\/v2\/types\/product"}],"wp:featuredmedia":[{"embeddable":true,"href":"https:\/\/mack4seasons.com\/fr\/wp-json\/wp\/v2\/media\/11641"}],"wp:attachment":[{"href":"https:\/\/mack4seasons.com\/fr\/wp-json\/wp\/v2\/media?parent=11441"}],"wp:term":[{"taxonomy":"product_brand","embeddable":true,"href":"https:\/\/mack4seasons.com\/fr\/wp-json\/wp\/v2\/product_brand?post=11441"},{"taxonomy":"product_cat","embeddable":true,"href":"https:\/\/mack4seasons.com\/fr\/wp-json\/wp\/v2\/product_cat?post=11441"},{"taxonomy":"product_tag","embeddable":true,"href":"https:\/\/mack4seasons.com\/fr\/wp-json\/wp\/v2\/product_tag?post=11441"}],"curies":[{"name":"wp","href":"https:\/\/api.w.org\/{rel}","templated":true}]}}