{"id":11430,"date":"2021-02-03T09:48:00","date_gmt":"2021-02-03T09:48:00","guid":{"rendered":"https:\/\/mack4seasons.com\/?post_type=product&#038;p=11430"},"modified":"2022-10-03T08:26:25","modified_gmt":"2022-10-03T08:26:25","slug":"candeletta-cod-4d14513002cd","status":"publish","type":"product","link":"https:\/\/mack4seasons.com\/fr\/negozio\/cadel\/stufe-a-pellet-cadel-cadel-ricambi-specifici-per-marchio\/bistrot-3-stufe-a-pellet-cadel-cadel-ricambi-specifici-per-marchio\/candeletta-cod-4d14513002cd\/","title":{"rendered":"Bougie pour po\u00eale \u00e0 granules Cadel Code 4D14513002CD"},"content":{"rendered":"<hr \/>\n<h2>Bougie pour po\u00eale \u00e0 granules Cadel<\/h2>\n<p>Code 4D14513002CD<br \/>\nCompatible avec le code original bougie allumage Cadel 4D14513002<\/p>\n<h3>Compatibilit\u00e9 de la bougie pour po\u00eales \u00e0 granules Cadel<\/h3>\n<p><strong>Pour les mod\u00e8les de po\u00eales \u00e0 granules Cadel suivants\u00a0:<\/strong> Bistrot 3, Bistrot 3 Lounge, Cloe, Cloe 3, Cristal 7 kw, Cristal 8,5 kw, Diana, Doge plus, Doge 3 Plus, Elise 3, Elise 3 Plus, Eolo, Evo, Evo 3 7 kw, Evo 3 8,5 kw, Frame 3 7 kw, Kriss, Kriss 3 7 kw, Kriss 3 8,5 kw, Lean Plus, Lean 3 Plus, Martina, Nice, Prince 3, Prince 3 Plus, Rondo, Rondo 3, Sfera, Sfera 3, Sfera Glass, Sfera Plus, Sfera 3 Plus, Sfera Plus Glass, Shell 3 Metallo, Shell Acier, Shell 3 Natural Acrylics, Sire Plus, Sire 3 Plus, Solaris, Sweet, Sweet 3, Tecna, Tecna 3, Vanessa, Venus, Venus 3 Plus, Wall, Wall 3 Plus<\/p>","protected":false},"excerpt":{"rendered":"<hr \/>\n<p>Compatible avec le code original Cadel <strong>Code 4D14513002<\/strong><\/p>","protected":false},"featured_media":12647,"template":"","meta":[],"product_brand":[],"product_cat":[714,715,712,716,717,731,732,756,733,734,735,736,737,738,718,719,739,740,720,721,741,742,743,744,745,746,722,723,747,748,749,750,751,752,724,725,726,753,754,755,713,727,728,757,729,758,759,760,761,730],"product_tag":[70],"class_list":{"0":"post-11430","1":"product","2":"type-product","3":"status-publish","4":"has-post-thumbnail","6":"product_cat-bistrot-3-stufe-a-pellet-cadel-cadel-ricambi-specifici-per-marchio","7":"product_cat-bistrot-3-lounge-stufe-a-pellet-cadel-cadel-ricambi-specifici-per-marchio","8":"product_cat-cadel","9":"product_cat-cloe-stufe-a-pellet-cadel-cadel-ricambi-specifici-per-marchio","10":"product_cat-cloe-3-stufe-a-pellet-cadel-cadel-ricambi-specifici-per-marchio","11":"product_cat-cristal-7-kw-stufe-a-pellet-cadel-cadel-ricambi-specifici-per-marchio","12":"product_cat-cristal-85-kw-stufe-a-pellet-cadel-cadel-ricambi-specifici-per-marchio","13":"product_cat-diana-stufe-a-pellet-cadel-cadel-ricambi-specifici-per-marchio","14":"product_cat-doge-3-plus-stufe-a-pellet-cadel-cadel-ricambi-specifici-per-marchio","15":"product_cat-doge-plus-stufe-a-pellet-cadel-cadel-ricambi-specifici-per-marchio","16":"product_cat-elise-3-stufe-a-pellet-cadel-cadel-ricambi-specifici-per-marchio","17":"product_cat-elise-3-plus-stufe-a-pellet-cadel-cadel-ricambi-specifici-per-marchio","18":"product_cat-eolo-stufe-a-pellet-cadel-cadel-ricambi-specifici-per-marchio","19":"product_cat-evo-stufe-a-pellet-cadel-cadel-ricambi-specifici-per-marchio","20":"product_cat-evo-3-7-kw-stufe-a-pellet-cadel-cadel-ricambi-specifici-per-marchio","21":"product_cat-evo-3-85-kw-stufe-a-pellet-cadel-cadel-ricambi-specifici-per-marchio","22":"product_cat-frame-3-7-kw-stufe-a-pellet-cadel-cadel-ricambi-specifici-per-marchio","23":"product_cat-kriss-stufe-a-pellet-cadel-cadel-ricambi-specifici-per-marchio","24":"product_cat-kriss-3-7-kw-stufe-a-pellet-cadel-cadel-ricambi-specifici-per-marchio","25":"product_cat-kriss-3-85-kw-stufe-a-pellet-cadel-cadel-ricambi-specifici-per-marchio","26":"product_cat-lean-3-plus-stufe-a-pellet-cadel-cadel-ricambi-specifici-per-marchio","27":"product_cat-lean-plus-stufe-a-pellet-cadel-cadel-ricambi-specifici-per-marchio","28":"product_cat-martina-stufe-a-pellet-cadel-cadel-ricambi-specifici-per-marchio","29":"product_cat-nice-stufe-a-pellet-cadel-cadel-ricambi-specifici-per-marchio","30":"product_cat-prince-3-stufe-a-pellet-cadel-cadel-ricambi-specifici-per-marchio","31":"product_cat-prince-3-plus-stufe-a-pellet-cadel-cadel-ricambi-specifici-per-marchio","32":"product_cat-rondo-stufe-a-pellet-cadel-cadel-ricambi-specifici-per-marchio","33":"product_cat-rondo-3-stufe-a-pellet-cadel-cadel-ricambi-specifici-per-marchio","34":"product_cat-sfera-stufe-a-pellet-cadel-cadel-ricambi-specifici-per-marchio","35":"product_cat-sfera-3-stufe-a-pellet-cadel-cadel-ricambi-specifici-per-marchio","36":"product_cat-sfera-3-plus-stufe-a-pellet-cadel-cadel-ricambi-specifici-per-marchio","37":"product_cat-sfera-glass-stufe-a-pellet-cadel-cadel-ricambi-specifici-per-marchio","38":"product_cat-sfera-plus-stufe-a-pellet-cadel-cadel-ricambi-specifici-per-marchio","39":"product_cat-sfera-plus-glass-stufe-a-pellet-cadel-cadel-ricambi-specifici-per-marchio","40":"product_cat-shell-3-metallo-stufe-a-pellet-cadel-cadel-ricambi-specifici-per-marchio","41":"product_cat-shell-3-natural-acrylics-stufe-a-pellet-cadel-cadel-ricambi-specifici-per-marchio","42":"product_cat-shell-acier-stufe-a-pellet-cadel-cadel-ricambi-specifici-per-marchio","43":"product_cat-sire-3-plus-stufe-a-pellet-cadel-cadel-ricambi-specifici-per-marchio","44":"product_cat-sire-plus-stufe-a-pellet-cadel-cadel-ricambi-specifici-per-marchio","45":"product_cat-solaris-stufe-a-pellet-cadel-cadel-ricambi-specifici-per-marchio","46":"product_cat-stufe-a-pellet-cadel-cadel-ricambi-specifici-per-marchio","47":"product_cat-sweet-stufe-a-pellet-cadel-cadel-ricambi-specifici-per-marchio","48":"product_cat-sweet-3-stufe-a-pellet-cadel-cadel-ricambi-specifici-per-marchio","49":"product_cat-tecna-stufe-a-pellet-cadel-cadel-ricambi-specifici-per-marchio","50":"product_cat-tecna-3-stufe-a-pellet-cadel-cadel-ricambi-specifici-per-marchio","51":"product_cat-vanessa-stufe-a-pellet-cadel-cadel-ricambi-specifici-per-marchio","52":"product_cat-venus-stufe-a-pellet-cadel-cadel-ricambi-specifici-per-marchio","53":"product_cat-venus-3-plus-stufe-a-pellet-cadel-cadel-ricambi-specifici-per-marchio","54":"product_cat-wall-stufe-a-pellet-cadel-cadel-ricambi-specifici-per-marchio","55":"product_cat-wall-3-plus-stufe-a-pellet-cadel-cadel-ricambi-specifici-per-marchio","56":"product_tag-cadel","57":"product_shipping_class-classe-di-spedizione-01","59":"first","60":"instock","61":"taxable","62":"shipping-taxable","63":"purchasable","64":"product-type-simple"},"yoast_head":"<!-- This site is optimized with the Yoast SEO plugin v26.3 - https:\/\/yoast.com\/wordpress\/plugins\/seo\/ -->\n<title>Candeletta per stufa a pellet Cadel - Mack4Season<\/title>\n<meta name=\"description\" content=\"Candeletta per stufa a pellet Cadel, Resistenza per stufa e Caldaie a pellet Cadel,Cartuccia accensione per stufa e Caldaie a pellet Cadel\" \/>\n<meta name=\"robots\" content=\"index, follow, max-snippet:-1, max-image-preview:large, max-video-preview:-1\" \/>\n<link rel=\"canonical\" href=\"https:\/\/mack4seasons.com\/fr\/negozio\/cadel\/stufe-a-pellet-cadel-cadel-ricambi-specifici-per-marchio\/bistrot-3-stufe-a-pellet-cadel-cadel-ricambi-specifici-per-marchio\/candeletta-cod-4d14513002cd\/\" \/>\n<meta property=\"og:locale\" content=\"fr_FR\" \/>\n<meta property=\"og:type\" content=\"article\" \/>\n<meta property=\"og:title\" content=\"Candeletta per stufa a pellet Cadel - Mack4Season\" \/>\n<meta property=\"og:description\" content=\"Candeletta per stufa a pellet Cadel, Resistenza per stufa e Caldaie a pellet Cadel,Cartuccia accensione per stufa e Caldaie a pellet Cadel\" \/>\n<meta property=\"og:url\" content=\"https:\/\/mack4seasons.com\/fr\/negozio\/cadel\/stufe-a-pellet-cadel-cadel-ricambi-specifici-per-marchio\/bistrot-3-stufe-a-pellet-cadel-cadel-ricambi-specifici-per-marchio\/candeletta-cod-4d14513002cd\/\" \/>\n<meta property=\"og:site_name\" content=\"Mack4Season\" \/>\n<meta property=\"article:publisher\" content=\"https:\/\/www.facebook.com\/profile.php?id=100075990468585\" \/>\n<meta property=\"article:modified_time\" content=\"2022-10-03T08:26:25+00:00\" \/>\n<meta property=\"og:image\" content=\"https:\/\/mack4seasons.com\/wp-content\/uploads\/2021\/09\/w-SITO-CANDELETTE-03.jpg\" \/>\n\t<meta property=\"og:image:width\" content=\"960\" \/>\n\t<meta property=\"og:image:height\" content=\"960\" \/>\n\t<meta property=\"og:image:type\" content=\"image\/jpeg\" \/>\n<meta name=\"twitter:card\" content=\"summary_large_image\" \/>\n<meta name=\"twitter:label1\" content=\"Dur\u00e9e de lecture estim\u00e9e\" \/>\n\t<meta name=\"twitter:data1\" content=\"1 minute\" \/>\n<script type=\"application\/ld+json\" class=\"yoast-schema-graph\">{\"@context\":\"https:\/\/schema.org\",\"@graph\":[{\"@type\":\"WebPage\",\"@id\":\"https:\/\/mack4seasons.com\/negozio\/cadel\/stufe-a-pellet-cadel-cadel-ricambi-specifici-per-marchio\/bistrot-3-stufe-a-pellet-cadel-cadel-ricambi-specifici-per-marchio\/candeletta-cod-4d14513002cd\/\",\"url\":\"https:\/\/mack4seasons.com\/negozio\/cadel\/stufe-a-pellet-cadel-cadel-ricambi-specifici-per-marchio\/bistrot-3-stufe-a-pellet-cadel-cadel-ricambi-specifici-per-marchio\/candeletta-cod-4d14513002cd\/\",\"name\":\"Candeletta per stufa a pellet Cadel - Mack4Season\",\"isPartOf\":{\"@id\":\"https:\/\/mack4seasons.com\/#website\"},\"primaryImageOfPage\":{\"@id\":\"https:\/\/mack4seasons.com\/negozio\/cadel\/stufe-a-pellet-cadel-cadel-ricambi-specifici-per-marchio\/bistrot-3-stufe-a-pellet-cadel-cadel-ricambi-specifici-per-marchio\/candeletta-cod-4d14513002cd\/#primaryimage\"},\"image\":{\"@id\":\"https:\/\/mack4seasons.com\/negozio\/cadel\/stufe-a-pellet-cadel-cadel-ricambi-specifici-per-marchio\/bistrot-3-stufe-a-pellet-cadel-cadel-ricambi-specifici-per-marchio\/candeletta-cod-4d14513002cd\/#primaryimage\"},\"thumbnailUrl\":\"https:\/\/mack4seasons.com\/wp-content\/uploads\/2021\/09\/w-SITO-CANDELETTE-03.jpg\",\"datePublished\":\"2021-02-03T09:48:00+00:00\",\"dateModified\":\"2022-10-03T08:26:25+00:00\",\"description\":\"Candeletta per stufa a pellet Cadel, Resistenza per stufa e Caldaie a pellet Cadel,Cartuccia accensione per stufa e Caldaie a pellet Cadel\",\"breadcrumb\":{\"@id\":\"https:\/\/mack4seasons.com\/negozio\/cadel\/stufe-a-pellet-cadel-cadel-ricambi-specifici-per-marchio\/bistrot-3-stufe-a-pellet-cadel-cadel-ricambi-specifici-per-marchio\/candeletta-cod-4d14513002cd\/#breadcrumb\"},\"inLanguage\":\"fr-FR\",\"potentialAction\":[{\"@type\":\"ReadAction\",\"target\":[\"https:\/\/mack4seasons.com\/negozio\/cadel\/stufe-a-pellet-cadel-cadel-ricambi-specifici-per-marchio\/bistrot-3-stufe-a-pellet-cadel-cadel-ricambi-specifici-per-marchio\/candeletta-cod-4d14513002cd\/\"]}]},{\"@type\":\"ImageObject\",\"inLanguage\":\"fr-FR\",\"@id\":\"https:\/\/mack4seasons.com\/negozio\/cadel\/stufe-a-pellet-cadel-cadel-ricambi-specifici-per-marchio\/bistrot-3-stufe-a-pellet-cadel-cadel-ricambi-specifici-per-marchio\/candeletta-cod-4d14513002cd\/#primaryimage\",\"url\":\"https:\/\/mack4seasons.com\/wp-content\/uploads\/2021\/09\/w-SITO-CANDELETTE-03.jpg\",\"contentUrl\":\"https:\/\/mack4seasons.com\/wp-content\/uploads\/2021\/09\/w-SITO-CANDELETTE-03.jpg\",\"width\":960,\"height\":960,\"caption\":\"Candeletta stufa pellet Cadel\"},{\"@type\":\"BreadcrumbList\",\"@id\":\"https:\/\/mack4seasons.com\/negozio\/cadel\/stufe-a-pellet-cadel-cadel-ricambi-specifici-per-marchio\/bistrot-3-stufe-a-pellet-cadel-cadel-ricambi-specifici-per-marchio\/candeletta-cod-4d14513002cd\/#breadcrumb\",\"itemListElement\":[{\"@type\":\"ListItem\",\"position\":1,\"name\":\"Home\",\"item\":\"https:\/\/mack4seasons.com\/ricambi-accessori-stufe-e-caldaie-pellet\/\"},{\"@type\":\"ListItem\",\"position\":2,\"name\":\"Shop\",\"item\":\"https:\/\/mack4seasons.com\/negozio\/\"},{\"@type\":\"ListItem\",\"position\":3,\"name\":\"Candeletta per stufa a pellet Cadel Codice 4D14513002CD\"}]},{\"@type\":\"WebSite\",\"@id\":\"https:\/\/mack4seasons.com\/#website\",\"url\":\"https:\/\/mack4seasons.com\/\",\"name\":\"Mack4Season\",\"description\":\"Per il comfort termico della tua casa\",\"publisher\":{\"@id\":\"https:\/\/mack4seasons.com\/#organization\"},\"potentialAction\":[{\"@type\":\"SearchAction\",\"target\":{\"@type\":\"EntryPoint\",\"urlTemplate\":\"https:\/\/mack4seasons.com\/?s={search_term_string}\"},\"query-input\":{\"@type\":\"PropertyValueSpecification\",\"valueRequired\":true,\"valueName\":\"search_term_string\"}}],\"inLanguage\":\"fr-FR\"},{\"@type\":\"Organization\",\"@id\":\"https:\/\/mack4seasons.com\/#organization\",\"name\":\"Mack4Season\",\"url\":\"https:\/\/mack4seasons.com\/\",\"logo\":{\"@type\":\"ImageObject\",\"inLanguage\":\"fr-FR\",\"@id\":\"https:\/\/mack4seasons.com\/#\/schema\/logo\/image\/\",\"url\":\"https:\/\/mack4seasons.com\/wp-content\/uploads\/2021\/06\/w-MACK-logo-pantone-02A19E.png\",\"contentUrl\":\"https:\/\/mack4seasons.com\/wp-content\/uploads\/2021\/06\/w-MACK-logo-pantone-02A19E.png\",\"width\":809,\"height\":425,\"caption\":\"Mack4Season\"},\"image\":{\"@id\":\"https:\/\/mack4seasons.com\/#\/schema\/logo\/image\/\"},\"sameAs\":[\"https:\/\/www.facebook.com\/profile.php?id=100075990468585\"]}]}<\/script>\n<!-- \/ Yoast SEO plugin. -->","yoast_head_json":{"title":"Candeletta per stufa a pellet Cadel - Mack4Season","description":"Candeletta per stufa a pellet Cadel, Resistenza per stufa e Caldaie a pellet Cadel,Cartuccia accensione per stufa e Caldaie a pellet Cadel","robots":{"index":"index","follow":"follow","max-snippet":"max-snippet:-1","max-image-preview":"max-image-preview:large","max-video-preview":"max-video-preview:-1"},"canonical":"https:\/\/mack4seasons.com\/fr\/negozio\/cadel\/stufe-a-pellet-cadel-cadel-ricambi-specifici-per-marchio\/bistrot-3-stufe-a-pellet-cadel-cadel-ricambi-specifici-per-marchio\/candeletta-cod-4d14513002cd\/","og_locale":"fr_FR","og_type":"article","og_title":"Candeletta per stufa a pellet Cadel - Mack4Season","og_description":"Candeletta per stufa a pellet Cadel, Resistenza per stufa e Caldaie a pellet Cadel,Cartuccia accensione per stufa e Caldaie a pellet Cadel","og_url":"https:\/\/mack4seasons.com\/fr\/negozio\/cadel\/stufe-a-pellet-cadel-cadel-ricambi-specifici-per-marchio\/bistrot-3-stufe-a-pellet-cadel-cadel-ricambi-specifici-per-marchio\/candeletta-cod-4d14513002cd\/","og_site_name":"Mack4Season","article_publisher":"https:\/\/www.facebook.com\/profile.php?id=100075990468585","article_modified_time":"2022-10-03T08:26:25+00:00","og_image":[{"width":960,"height":960,"url":"https:\/\/mack4seasons.com\/wp-content\/uploads\/2021\/09\/w-SITO-CANDELETTE-03.jpg","type":"image\/jpeg"}],"twitter_card":"summary_large_image","twitter_misc":{"Dur\u00e9e de lecture estim\u00e9e":"1 minute"},"schema":{"@context":"https:\/\/schema.org","@graph":[{"@type":"WebPage","@id":"https:\/\/mack4seasons.com\/negozio\/cadel\/stufe-a-pellet-cadel-cadel-ricambi-specifici-per-marchio\/bistrot-3-stufe-a-pellet-cadel-cadel-ricambi-specifici-per-marchio\/candeletta-cod-4d14513002cd\/","url":"https:\/\/mack4seasons.com\/negozio\/cadel\/stufe-a-pellet-cadel-cadel-ricambi-specifici-per-marchio\/bistrot-3-stufe-a-pellet-cadel-cadel-ricambi-specifici-per-marchio\/candeletta-cod-4d14513002cd\/","name":"Candeletta per stufa a pellet Cadel - Mack4Season","isPartOf":{"@id":"https:\/\/mack4seasons.com\/#website"},"primaryImageOfPage":{"@id":"https:\/\/mack4seasons.com\/negozio\/cadel\/stufe-a-pellet-cadel-cadel-ricambi-specifici-per-marchio\/bistrot-3-stufe-a-pellet-cadel-cadel-ricambi-specifici-per-marchio\/candeletta-cod-4d14513002cd\/#primaryimage"},"image":{"@id":"https:\/\/mack4seasons.com\/negozio\/cadel\/stufe-a-pellet-cadel-cadel-ricambi-specifici-per-marchio\/bistrot-3-stufe-a-pellet-cadel-cadel-ricambi-specifici-per-marchio\/candeletta-cod-4d14513002cd\/#primaryimage"},"thumbnailUrl":"https:\/\/mack4seasons.com\/wp-content\/uploads\/2021\/09\/w-SITO-CANDELETTE-03.jpg","datePublished":"2021-02-03T09:48:00+00:00","dateModified":"2022-10-03T08:26:25+00:00","description":"Candeletta per stufa a pellet Cadel, Resistenza per stufa e Caldaie a pellet Cadel,Cartuccia accensione per stufa e Caldaie a pellet Cadel","breadcrumb":{"@id":"https:\/\/mack4seasons.com\/negozio\/cadel\/stufe-a-pellet-cadel-cadel-ricambi-specifici-per-marchio\/bistrot-3-stufe-a-pellet-cadel-cadel-ricambi-specifici-per-marchio\/candeletta-cod-4d14513002cd\/#breadcrumb"},"inLanguage":"fr-FR","potentialAction":[{"@type":"ReadAction","target":["https:\/\/mack4seasons.com\/negozio\/cadel\/stufe-a-pellet-cadel-cadel-ricambi-specifici-per-marchio\/bistrot-3-stufe-a-pellet-cadel-cadel-ricambi-specifici-per-marchio\/candeletta-cod-4d14513002cd\/"]}]},{"@type":"ImageObject","inLanguage":"fr-FR","@id":"https:\/\/mack4seasons.com\/negozio\/cadel\/stufe-a-pellet-cadel-cadel-ricambi-specifici-per-marchio\/bistrot-3-stufe-a-pellet-cadel-cadel-ricambi-specifici-per-marchio\/candeletta-cod-4d14513002cd\/#primaryimage","url":"https:\/\/mack4seasons.com\/wp-content\/uploads\/2021\/09\/w-SITO-CANDELETTE-03.jpg","contentUrl":"https:\/\/mack4seasons.com\/wp-content\/uploads\/2021\/09\/w-SITO-CANDELETTE-03.jpg","width":960,"height":960,"caption":"Candeletta stufa pellet Cadel"},{"@type":"BreadcrumbList","@id":"https:\/\/mack4seasons.com\/negozio\/cadel\/stufe-a-pellet-cadel-cadel-ricambi-specifici-per-marchio\/bistrot-3-stufe-a-pellet-cadel-cadel-ricambi-specifici-per-marchio\/candeletta-cod-4d14513002cd\/#breadcrumb","itemListElement":[{"@type":"ListItem","position":1,"name":"Home","item":"https:\/\/mack4seasons.com\/ricambi-accessori-stufe-e-caldaie-pellet\/"},{"@type":"ListItem","position":2,"name":"Shop","item":"https:\/\/mack4seasons.com\/negozio\/"},{"@type":"ListItem","position":3,"name":"Candeletta per stufa a pellet Cadel Codice 4D14513002CD"}]},{"@type":"WebSite","@id":"https:\/\/mack4seasons.com\/#website","url":"https:\/\/mack4seasons.com\/","name":"Mack4Season","description":"Pour le confort thermique de votre maison","publisher":{"@id":"https:\/\/mack4seasons.com\/#organization"},"potentialAction":[{"@type":"SearchAction","target":{"@type":"EntryPoint","urlTemplate":"https:\/\/mack4seasons.com\/?s={search_term_string}"},"query-input":{"@type":"PropertyValueSpecification","valueRequired":true,"valueName":"search_term_string"}}],"inLanguage":"fr-FR"},{"@type":"Organization","@id":"https:\/\/mack4seasons.com\/#organization","name":"Mack4Season","url":"https:\/\/mack4seasons.com\/","logo":{"@type":"ImageObject","inLanguage":"fr-FR","@id":"https:\/\/mack4seasons.com\/#\/schema\/logo\/image\/","url":"https:\/\/mack4seasons.com\/wp-content\/uploads\/2021\/06\/w-MACK-logo-pantone-02A19E.png","contentUrl":"https:\/\/mack4seasons.com\/wp-content\/uploads\/2021\/06\/w-MACK-logo-pantone-02A19E.png","width":809,"height":425,"caption":"Mack4Season"},"image":{"@id":"https:\/\/mack4seasons.com\/#\/schema\/logo\/image\/"},"sameAs":["https:\/\/www.facebook.com\/profile.php?id=100075990468585"]}]}},"_links":{"self":[{"href":"https:\/\/mack4seasons.com\/fr\/wp-json\/wp\/v2\/product\/11430","targetHints":{"allow":["GET"]}}],"collection":[{"href":"https:\/\/mack4seasons.com\/fr\/wp-json\/wp\/v2\/product"}],"about":[{"href":"https:\/\/mack4seasons.com\/fr\/wp-json\/wp\/v2\/types\/product"}],"wp:featuredmedia":[{"embeddable":true,"href":"https:\/\/mack4seasons.com\/fr\/wp-json\/wp\/v2\/media\/12647"}],"wp:attachment":[{"href":"https:\/\/mack4seasons.com\/fr\/wp-json\/wp\/v2\/media?parent=11430"}],"wp:term":[{"taxonomy":"product_brand","embeddable":true,"href":"https:\/\/mack4seasons.com\/fr\/wp-json\/wp\/v2\/product_brand?post=11430"},{"taxonomy":"product_cat","embeddable":true,"href":"https:\/\/mack4seasons.com\/fr\/wp-json\/wp\/v2\/product_cat?post=11430"},{"taxonomy":"product_tag","embeddable":true,"href":"https:\/\/mack4seasons.com\/fr\/wp-json\/wp\/v2\/product_tag?post=11430"}],"curies":[{"name":"wp","href":"https:\/\/api.w.org\/{rel}","templated":true}]}}