{"id":12621,"date":"2021-09-15T11:00:33","date_gmt":"2021-09-15T11:00:33","guid":{"rendered":"https:\/\/mack4seasons.com\/?page_id=12621"},"modified":"2022-11-14T13:56:34","modified_gmt":"2022-11-14T13:56:34","slug":"condizioni-di-vendita","status":"publish","type":"page","link":"https:\/\/mack4seasons.com\/fr\/negozio\/condizioni-di-vendita\/","title":{"rendered":"Conditions de vente"},"content":{"rendered":"<div id='full_slider_1'  class='avia-fullwidth-slider main_color avia-shadow   avia-builder-el-0  el_before_av_textblock  avia-builder-el-first   container_wrap fullsize'  ><div  class='avia-slideshow av-ktleawte-86f4a1ac01b446845add7ed1ef2fa8fa avia-slideshow-no scaling av_slideshow_full avia-slide-slider av-slideshow-ui av-control-default av-slideshow-manual av-loop-once av-loop-manual-endless av-default-height-applied   avia-slideshow-1' data-slideshow-options=\"{&quot;animation&quot;:&quot;slide&quot;,&quot;autoplay&quot;:false,&quot;loop_autoplay&quot;:&quot;once&quot;,&quot;interval&quot;:5,&quot;loop_manual&quot;:&quot;manual-endless&quot;,&quot;autoplay_stopper&quot;:false,&quot;noNavigation&quot;:false,&quot;bg_slider&quot;:false,&quot;keep_padding&quot;:false,&quot;hoverpause&quot;:false,&quot;show_slide_delay&quot;:0}\"  itemprop=\"image\" itemscope=\"itemscope\" itemtype=\"https:\/\/schema.org\/ImageObject\" ><ul class='avia-slideshow-inner' style='padding-bottom: 30.714285714286%;'><li  class='avia-slideshow-slide av-ktleawte-86f4a1ac01b446845add7ed1ef2fa8fa__0  av-single-slide slide-1 slide-odd'><div data-rel='slideshow-1' class='avia-slide-wrap'   ><img decoding=\"async\" class=\"wp-image-12622 avia-img-lazy-loading-not-12622\"  src=\"https:\/\/mack4seasons.com\/wp-content\/uploads\/2021\/09\/image-2.jpeg\" width=\"1400\" height=\"430\" title='image-2' alt=''  itemprop=\"thumbnailUrl\" srcset=\"https:\/\/mack4seasons.com\/wp-content\/uploads\/2021\/09\/image-2.jpeg 1400w, https:\/\/mack4seasons.com\/wp-content\/uploads\/2021\/09\/image-2-1280x393.jpeg 1280w, https:\/\/mack4seasons.com\/wp-content\/uploads\/2021\/09\/image-2-300x92.jpeg 300w, https:\/\/mack4seasons.com\/wp-content\/uploads\/2021\/09\/image-2-1030x316.jpeg 1030w, https:\/\/mack4seasons.com\/wp-content\/uploads\/2021\/09\/image-2-768x236.jpeg 768w, https:\/\/mack4seasons.com\/wp-content\/uploads\/2021\/09\/image-2-18x6.jpeg 18w, https:\/\/mack4seasons.com\/wp-content\/uploads\/2021\/09\/image-2-705x217.jpeg 705w\" sizes=\"(max-width: 1400px) 100vw, 1400px\" \/><\/div><\/li><\/ul><\/div><\/div><div id='after_full_slider_1'  class='main_color av_default_container_wrap container_wrap fullsize'  ><div class='container av-section-cont-open' ><div class='template-page content  av-content-full alpha units'><div class='post-entry post-entry-type-page post-entry-12621'><div class='entry-content-wrapper clearfix'>\n<section  class='av_textblock_section av-ktle9uiu-ecfa0004aaecead7c461adf86bc3b03c'   itemscope=\"itemscope\" itemtype=\"https:\/\/schema.org\/CreativeWork\" ><div class='avia_textblock'  itemprop=\"text\" ><h1 class=\"\">CONDITIONS DE VENTE<\/h1>\n<hr \/>\n<div>\n<p>L'offre et la vente de produits sur notre site web sont r\u00e9gies par les conditions g\u00e9n\u00e9rales de vente en ligne suivantes.<\/p>\n<p>Le site <a href=\"https:\/\/mack4seasons.com\/fr\/\">www.mack4seasons.com<\/a> est exploit\u00e9 par 3 MAX GROUP SRLS via Mines 12 Ivrea 10015 P.IVA. 12722240012<\/p>\n<hr \/>\n<h4>1. CONCLUSION DU CONTRAT<\/h4>\n<p>1.1 La commande transmise via le formulaire en ligne par le client repr\u00e9sente une offre adress\u00e9e \u00e0 3 MAX GROUP SRLS visant \u00e0 conclure un contrat de vente, aux conditions qui y sont indiqu\u00e9es ainsi qu\u2019en conformit\u00e9 avec les pr\u00e9sentes Conditions G\u00e9n\u00e9rales de Vente, avec la transmission t\u00e9l\u00e9matique du formulaire de commande, le client s\u2019engage \u00e0 observer dans les relations avec 3 MAX GROUP SRLS. Par cons\u00e9quent, avec la transmission t\u00e9l\u00e9matique du formulaire de commande, le client confirme conna\u00eetre et accepter les conditions g\u00e9n\u00e9rales de vente ainsi que d\u2019avoir re\u00e7u les informations suppl\u00e9mentaires toujours consultables sur le site <a href=\"https:\/\/mack4seasons.com\/fr\/\">www.mack4seasons.com<\/a> Et appelez par lien. Il est obligatoire pour le Client de fournir lors de la compilation des donn\u00e9es personnelles, le num\u00e9ro de TVA de l\u2019entreprise ou le code fiscal. Ne pourront \u00eatre consid\u00e9r\u00e9s, aux fins du pr\u00e9sent article, les ordres incomplets et\/ou contenant des erreurs.<\/p>\n<p>1.2 Apr\u00e8s avoir transmis la commande en format \u00e9lectronique, le client recevra un e-mail de confirmation contenant les d\u00e9tails de la commande (Confirmation de commande). L\u2019ex\u00e9cution des commandes est subordonn\u00e9e au paiement int\u00e9gral du prix par le client dans un d\u00e9lai de 10 jours ouvrables \u00e0 compter de la r\u00e9ception de la commande ainsi qu\u2019\u00e0 la disponibilit\u00e9 des produits en stock. Par cons\u00e9quent, le non-paiement du prix ou l\u2019absence de disponibilit\u00e9 des produits en stock entra\u00eenera la r\u00e9siliation automatique du contrat communiqu\u00e9e au client par un message \u00e9lectronique, qui sera suivie de la restitution de ce qui aurait d\u00e9j\u00e0 \u00e9t\u00e9 pay\u00e9 \u00e0 titre de prix.<\/p>\n<h4>2. CARACT\u00c9RISTIQUES ET PRIX DES PRODUITS<\/h4>\n<p>2.1 Les caract\u00e9ristiques des produits sont celles pr\u00e9sent\u00e9es sur le site web et d\u00e9crites dans chaque fiche produit. Les images et les couleurs des produits propos\u00e9s \u00e0 la vente en ligne peuvent cependant ne pas correspondre \u00e0 celles r\u00e9elles en raison d\u2019\u00e9ventuelles am\u00e9liorations et impl\u00e9mentations \u00e0 moyen temps effectu\u00e9es (dont 3 MAX GROUP SRLS donnera des nouvelles sur son site web) soit par le navigateur Internet et le moniteur utilis\u00e9s.<\/p>\n<p>2.2 Les prix des produits peuvent \u00eatre actualis\u00e9s, les prix indiqu\u00e9s sur le site internet sont d\u00e9terminants <a href=\"https:\/\/mack4seasons.com\/fr\/\">www.mack4seasons.com<\/a> au moment de l\u2019ordre.<\/p>\n<h4>3. FRAIS D'EXP\u00c9DITION\/DE LIVRAISON<\/h4>\n<p>3.1 Les frais d\u2019exp\u00e9dition sont \u00e0 la charge du client.<\/p>\n<p>3.2 En cas de dommages visibles \u00e0 l\u2019emballage, le client est tenu de v\u00e9rifier, au moment de la livraison, le produit fourni en pr\u00e9sence du transporteur, et d\u2019accepter le retrait \"avec r\u00e9serve\".<\/p>\n<h4>4. D\u00c9LAIS DE LIVRAISON<\/h4>\n<p>4.1 Les d\u00e9lais de livraison peuvent varier en fonction de la disponibilit\u00e9 de la mati\u00e8re en stock, de la n\u00e9cessit\u00e9 de commander la mati\u00e8re demand\u00e9e, des temps de transport et de douane. Les d\u00e9lais de livraison varient en moyenne de 5 \u00e0 10 jours ouvrables, sauf indication contraire dans la fiche produit et\/ou dans la confirmation de commande.<\/p>\n<p>4.2 3 MAX GROUP SRLS se chargera d\u2019un envoi unique de toutes les marchandises command\u00e9es, d\u00e8s qu\u2019elles seront disponibles. Dans le cas o\u00f9 le Client souhaite l\u2019ex\u00e9cution partielle de la commande, il est pri\u00e9 de contacter les bureaux 3 MAX GROUP SRLS pour en faire la demande sp\u00e9cifique.<\/p>\n<h4>5. LES M\u00c9THODES DE PAIEMENT<\/h4>\n<p>5.1 Le paiement du prix des produits et des frais d\u2019exp\u00e9dition correspondants peut \u00eatre effectu\u00e9 par virement bancaire aupr\u00e8s de la CHE BANCA! S.P.A. GRUPPO MEDIOBANCA - AG. DI IVREA (TO), IBAN\u00a0: IT25C0305801604100572354651, par carte de cr\u00e9dit ou via le service PayPal.<\/p>\n<p>5.2 Les informations relatives au paiement ne seront jamais utilis\u00e9es par 3 MAX GROUP SRLS sauf pour compl\u00e9ter les proc\u00e9dures relatives \u00e0 l\u2019achat et pour \u00e9mettre les remboursements correspondants en cas d\u2019\u00e9ventuels retours des produits, suite \u00e0 l\u2019exercice du droit de r\u00e9tractation, ou lorsqu\u2019il est n\u00e9cessaire de pr\u00e9venir ou de signaler \u00e0 la police la commission de fraude sur <a href=\"https:\/\/mack4seasons.com\/fr\/\">www.mack4seasons.com<\/a><\/p>\n<h4>6. DROIT D'ANNULER\/MODIFIER LA COMMANDE<\/h4>\n<p>6.1 Si vous souhaitez annuler ou modifier votre commande, vous pouvez le faire dans les 24 heures suivant votre achat et en tout cas avant la r\u00e9ception de la confirmation d\u2019exp\u00e9dition. Pour annuler votre commande ou la modifier vous devez \u00e9crire \u00e0 <a href=\"mailto:info@mack4seasons.com\">info@mack4seasons.com<\/a> et de pr\u00e9ciser le num\u00e9ro de r\u00e9f\u00e9rence et toute autre information utile (raison sociale, date d\u2019ordre, etc.) permettant d\u2019identifier sans \u00e9quivoque l\u2019ordre en question. Vous recevrez une confirmation d\u2019annulation\/modification de votre commande et toutes les informations relatives au remboursement de ce qui a \u00e9t\u00e9 pay\u00e9.<\/p>\n<h4>7. DROIT DE R\u00c9TRACTATION ET D'\u00c9CHANGE DE MARCHANDISES DISSEMBLABLES<\/h4>\n<p>7.1 Dans le cadre du droit de r\u00e9tractation, le client dispose d\u2019un d\u00e9lai de 14 jours, conform\u00e9ment au d\u00e9cret l\u00e9gislatif no 206\/2005, pour restituer les marchandises qu\u2019il ne souhaite pas conserver. Le d\u00e9lai de remboursement est toujours de 14 jours. Le vendeur est tenu de rembourser tous les paiements re\u00e7us par le consommateur, y compris les \u00e9ventuels frais d\u2019exp\u00e9dition de la marchandise engag\u00e9s lors de l\u2019achat.<\/p>\n<p>L\u2019adresse pour la restitution des marchandises est la suivante:\nMack Four Seasons\nVia Andrate, 60\n10010 Chiaverano (TO)<br \/>\n3 MAX GROUPE SRLS<br \/>\nVia Andrate, 60<br \/>\n10010 Chiaverano (TO)<\/p>\n<p>Ce droit ne s\u2019appliquera pas aux produits \u00e9lectroniques qui n\u00e9cessitent d\u2019\u00eatre test\u00e9s pour v\u00e9rifier leur parfait \u00e9tat de fonctionnement (cartes \u00e9lectroniques, bougies, d\u00e9bitm\u00e8tres d\u2019air, etc.). En cas de retour, les articles doivent \u00eatre renvoy\u00e9s dans leur emballage d\u2019origine, en parfait \u00e9tat, accompagn\u00e9s de tous les accessoires et des avertissements \u00e9ventuels.  Les articles incomplets, endommag\u00e9s ou sales ne pourront pas faire l\u2019objet d\u2019un remboursement.<\/p>\n<p>7.2 Pour effectuer un retour, le client doit d\u2019abord contacter un consultant par t\u00e9l\u00e9phone ou envoyer un e-mail \u00e0 <a href=\"mailto:info@mack4seasons.com\">info@mack4seasons.com<\/a>. Le mode de transport \u00e0 utiliser, variable selon les produits, pourra ainsi vous \u00eatre communiqu\u00e9 et 3 MAX GROUP SRLS enregistrera votre demande de retour. Dans tous les cas, les frais d\u2019exp\u00e9dition aller-retour sont \u00e0 la charge du client et ne seront pas rembours\u00e9s. Le retour de la marchandise doit \u00eatre effectu\u00e9 \u00e0\u00a0: 3 MAX GROUP SRLS, Via Andrate 60\u00a010010 Chiaverano (TO) - Italie . Dans tous les cas, le client devra v\u00e9rifier que le produit est assur\u00e9 pour sa valeur marchande par le transporteur qu\u2019il aura choisi, car c\u2019est \u00e0 ses propres risques que le transport des marchandises retourn\u00e9es s\u2019effectue. Aucun envoi en port attribu\u00e9 ou contre remboursement ne sera accept\u00e9. Si le client souhaite un remboursement en l\u2019absence d\u2019un \u00e9change, celui-ci sera effectu\u00e9 dans les 30 jours suivant la r\u00e9ception du retour.<\/p>\n<h4>8. PROTECTION DES DONN\u00c9ES<\/h4>\n<p>8.1 Le responsable du traitement des donn\u00e9es collect\u00e9es via ce site est 3 MAX GROUP SRLS, Via Miniere 12\u00a010015 Ivrea (TO) - Italie . \u00a0 Il d\u00e9cide de mani\u00e8re autonome des finalit\u00e9s et des modalit\u00e9s du traitement, ainsi que des proc\u00e9dures de s\u00e9curit\u00e9 \u00e0 appliquer pour garantir la confidentialit\u00e9, l\u2019int\u00e9grit\u00e9 et la disponibilit\u00e9 des donn\u00e9es. Certaines donn\u00e9es doivent obligatoirement \u00eatre fournies \u00e0 3 MAX GROUP SRLS pour la conclusion du contrat. Le refus \u00e9ventuel de communiquer \u00e0 3 MAX GROUP SRLS certaines donn\u00e9es marqu\u00e9es comme obligatoires rend impossible la poursuite de l\u2019objectif principal de la collecte sp\u00e9cifique\u00a0: ce refus pourrait par exemple entra\u00eener l\u2019impossibilit\u00e9 pour 3 MAX GROUP SRLS d\u2019ex\u00e9cuter le contrat d\u2019achat des produits sur <a href=\"https:\/\/mack4seasons.com\/fr\/\">www.mack4seasons.com<\/a><\/p>\n<p>8.2 3 MAX GROUP SRLS ne stocke les donn\u00e9es personnelles des clients que pour un usage interne et en pleine conformit\u00e9 avec les dispositions du RGPD. Les donn\u00e9es personnelles seront trait\u00e9es avec la plus grande confidentialit\u00e9, ne seront pas vendues et, en aucune fa\u00e7on, divulgu\u00e9es \u00e0 des tiers \u00e0 des fins commerciales ou priv\u00e9es. Cela s\u2019applique \u00e9galement aux adresses e-mail, qui seront utilis\u00e9es exclusivement pour l\u2019envoi de la newsletter (informations pour les clients, offres sp\u00e9ciales). Dans tous les cas, vous pouvez toujours demander et obtenir la suppression des donn\u00e9es personnelles de notre base de donn\u00e9es, en envoyant simplement une demande par e-mail <a href=\"mailto:info@mack4seasons.com\">info@mack4seasons.com<\/a><\/p>\n<h4>9. DROIT APPLICABLE ET R\u00c8GLEMENT DU CONFLIT<\/h4>\n<p>Ce contrat est soumis \u00e0 la loi italienne. Tout litige entre le vendeur et les utilisateurs\/acheteurs sera r\u00e9solu \u00e0 l\u2019amiable ou, si cela n\u2019est pas possible, les litiges seront r\u00e9solus par les tribunaux italiens comp\u00e9tents \u00e0 Turin (TO).<\/p>\n<hr \/>\n<p>SI\u00c8GE ADMINISTRATIF<\/p>\n<p>Via Miniere, 12<\/p>\n<p>10015 Ivrea (TO)<\/p>\n<p>Italie<\/p>\n<p>SI\u00c8GE OP\u00c9RATIONNEL<\/p>\n<p>Via Andrate, 60<\/p>\n<p>10010 Chiaverano (TO)<\/p>\n<p>Italie<\/p>\n<p>T\u00e9l\u00e9phone: +39 392 4392 409<\/p>\n<p>Courriel <a href=\"mailto:info@mack4seasons.com\">info@mack4seasons.com<\/a><\/p>\n<p><a href=\"https:\/\/mack4seasons.com\/fr\/\">www.mack4seasons.com<\/a><\/p>\n<\/div>\n<div><\/div>\n<\/div><\/section>","protected":false},"excerpt":{"rendered":"","protected":false},"author":1,"featured_media":0,"parent":161,"menu_order":0,"comment_status":"closed","ping_status":"closed","template":"","meta":{"footnotes":""},"class_list":["post-12621","page","type-page","status-publish","hentry"],"yoast_head":"<!-- This site is optimized with the Yoast SEO plugin v26.3 - https:\/\/yoast.com\/wordpress\/plugins\/seo\/ -->\n<title>Condizioni di vendita - Mack4Season<\/title>\n<meta name=\"robots\" content=\"index, follow, max-snippet:-1, max-image-preview:large, max-video-preview:-1\" \/>\n<link rel=\"canonical\" href=\"https:\/\/mack4seasons.com\/fr\/negozio\/condizioni-di-vendita\/\" \/>\n<meta property=\"og:locale\" content=\"fr_FR\" \/>\n<meta property=\"og:type\" content=\"article\" \/>\n<meta property=\"og:title\" content=\"Condizioni di vendita - Mack4Season\" \/>\n<meta property=\"og:url\" content=\"https:\/\/mack4seasons.com\/fr\/negozio\/condizioni-di-vendita\/\" \/>\n<meta property=\"og:site_name\" content=\"Mack4Season\" \/>\n<meta property=\"article:publisher\" content=\"https:\/\/www.facebook.com\/profile.php?id=100075990468585\" \/>\n<meta property=\"article:modified_time\" content=\"2022-11-14T13:56:34+00:00\" \/>\n<meta name=\"twitter:card\" content=\"summary_large_image\" \/>\n<meta name=\"twitter:label1\" content=\"Dur\u00e9e de lecture estim\u00e9e\" \/>\n\t<meta name=\"twitter:data1\" content=\"8 minutes\" \/>\n<script type=\"application\/ld+json\" class=\"yoast-schema-graph\">{\"@context\":\"https:\/\/schema.org\",\"@graph\":[{\"@type\":\"WebPage\",\"@id\":\"https:\/\/mack4seasons.com\/negozio\/condizioni-di-vendita\/\",\"url\":\"https:\/\/mack4seasons.com\/negozio\/condizioni-di-vendita\/\",\"name\":\"Condizioni di vendita - Mack4Season\",\"isPartOf\":{\"@id\":\"https:\/\/mack4seasons.com\/#website\"},\"datePublished\":\"2021-09-15T11:00:33+00:00\",\"dateModified\":\"2022-11-14T13:56:34+00:00\",\"breadcrumb\":{\"@id\":\"https:\/\/mack4seasons.com\/negozio\/condizioni-di-vendita\/#breadcrumb\"},\"inLanguage\":\"fr-FR\",\"potentialAction\":[{\"@type\":\"ReadAction\",\"target\":[\"https:\/\/mack4seasons.com\/negozio\/condizioni-di-vendita\/\"]}]},{\"@type\":\"BreadcrumbList\",\"@id\":\"https:\/\/mack4seasons.com\/negozio\/condizioni-di-vendita\/#breadcrumb\",\"itemListElement\":[{\"@type\":\"ListItem\",\"position\":1,\"name\":\"Home\",\"item\":\"https:\/\/mack4seasons.com\/ricambi-accessori-stufe-e-caldaie-pellet\/\"},{\"@type\":\"ListItem\",\"position\":2,\"name\":\"Shop\",\"item\":\"https:\/\/mack4seasons.com\/negozio\/\"},{\"@type\":\"ListItem\",\"position\":3,\"name\":\"Condizioni di vendita\"}]},{\"@type\":\"WebSite\",\"@id\":\"https:\/\/mack4seasons.com\/#website\",\"url\":\"https:\/\/mack4seasons.com\/\",\"name\":\"Mack4Season\",\"description\":\"Per il comfort termico della tua casa\",\"publisher\":{\"@id\":\"https:\/\/mack4seasons.com\/#organization\"},\"potentialAction\":[{\"@type\":\"SearchAction\",\"target\":{\"@type\":\"EntryPoint\",\"urlTemplate\":\"https:\/\/mack4seasons.com\/?s={search_term_string}\"},\"query-input\":{\"@type\":\"PropertyValueSpecification\",\"valueRequired\":true,\"valueName\":\"search_term_string\"}}],\"inLanguage\":\"fr-FR\"},{\"@type\":\"Organization\",\"@id\":\"https:\/\/mack4seasons.com\/#organization\",\"name\":\"Mack4Season\",\"url\":\"https:\/\/mack4seasons.com\/\",\"logo\":{\"@type\":\"ImageObject\",\"inLanguage\":\"fr-FR\",\"@id\":\"https:\/\/mack4seasons.com\/#\/schema\/logo\/image\/\",\"url\":\"https:\/\/mack4seasons.com\/wp-content\/uploads\/2021\/06\/w-MACK-logo-pantone-02A19E.png\",\"contentUrl\":\"https:\/\/mack4seasons.com\/wp-content\/uploads\/2021\/06\/w-MACK-logo-pantone-02A19E.png\",\"width\":809,\"height\":425,\"caption\":\"Mack4Season\"},\"image\":{\"@id\":\"https:\/\/mack4seasons.com\/#\/schema\/logo\/image\/\"},\"sameAs\":[\"https:\/\/www.facebook.com\/profile.php?id=100075990468585\"]}]}<\/script>\n<!-- \/ Yoast SEO plugin. -->","yoast_head_json":{"title":"Conditions de vente - Mack4Season","robots":{"index":"index","follow":"follow","max-snippet":"max-snippet:-1","max-image-preview":"max-image-preview:large","max-video-preview":"max-video-preview:-1"},"canonical":"https:\/\/mack4seasons.com\/fr\/negozio\/condizioni-di-vendita\/","og_locale":"fr_FR","og_type":"article","og_title":"Condizioni di vendita - Mack4Season","og_url":"https:\/\/mack4seasons.com\/fr\/negozio\/condizioni-di-vendita\/","og_site_name":"Mack4Season","article_publisher":"https:\/\/www.facebook.com\/profile.php?id=100075990468585","article_modified_time":"2022-11-14T13:56:34+00:00","twitter_card":"summary_large_image","twitter_misc":{"Dur\u00e9e de lecture estim\u00e9e":"8 minutes"},"schema":{"@context":"https:\/\/schema.org","@graph":[{"@type":"WebPage","@id":"https:\/\/mack4seasons.com\/negozio\/condizioni-di-vendita\/","url":"https:\/\/mack4seasons.com\/negozio\/condizioni-di-vendita\/","name":"Conditions de vente - Mack4Season","isPartOf":{"@id":"https:\/\/mack4seasons.com\/#website"},"datePublished":"2021-09-15T11:00:33+00:00","dateModified":"2022-11-14T13:56:34+00:00","breadcrumb":{"@id":"https:\/\/mack4seasons.com\/negozio\/condizioni-di-vendita\/#breadcrumb"},"inLanguage":"fr-FR","potentialAction":[{"@type":"ReadAction","target":["https:\/\/mack4seasons.com\/negozio\/condizioni-di-vendita\/"]}]},{"@type":"BreadcrumbList","@id":"https:\/\/mack4seasons.com\/negozio\/condizioni-di-vendita\/#breadcrumb","itemListElement":[{"@type":"ListItem","position":1,"name":"Home","item":"https:\/\/mack4seasons.com\/ricambi-accessori-stufe-e-caldaie-pellet\/"},{"@type":"ListItem","position":2,"name":"Shop","item":"https:\/\/mack4seasons.com\/negozio\/"},{"@type":"ListItem","position":3,"name":"Condizioni di vendita"}]},{"@type":"WebSite","@id":"https:\/\/mack4seasons.com\/#website","url":"https:\/\/mack4seasons.com\/","name":"Mack4Season","description":"Pour le confort thermique de votre maison","publisher":{"@id":"https:\/\/mack4seasons.com\/#organization"},"potentialAction":[{"@type":"SearchAction","target":{"@type":"EntryPoint","urlTemplate":"https:\/\/mack4seasons.com\/?s={search_term_string}"},"query-input":{"@type":"PropertyValueSpecification","valueRequired":true,"valueName":"search_term_string"}}],"inLanguage":"fr-FR"},{"@type":"Organization","@id":"https:\/\/mack4seasons.com\/#organization","name":"Mack4Season","url":"https:\/\/mack4seasons.com\/","logo":{"@type":"ImageObject","inLanguage":"fr-FR","@id":"https:\/\/mack4seasons.com\/#\/schema\/logo\/image\/","url":"https:\/\/mack4seasons.com\/wp-content\/uploads\/2021\/06\/w-MACK-logo-pantone-02A19E.png","contentUrl":"https:\/\/mack4seasons.com\/wp-content\/uploads\/2021\/06\/w-MACK-logo-pantone-02A19E.png","width":809,"height":425,"caption":"Mack4Season"},"image":{"@id":"https:\/\/mack4seasons.com\/#\/schema\/logo\/image\/"},"sameAs":["https:\/\/www.facebook.com\/profile.php?id=100075990468585"]}]}},"_links":{"self":[{"href":"https:\/\/mack4seasons.com\/fr\/wp-json\/wp\/v2\/pages\/12621","targetHints":{"allow":["GET"]}}],"collection":[{"href":"https:\/\/mack4seasons.com\/fr\/wp-json\/wp\/v2\/pages"}],"about":[{"href":"https:\/\/mack4seasons.com\/fr\/wp-json\/wp\/v2\/types\/page"}],"author":[{"embeddable":true,"href":"https:\/\/mack4seasons.com\/fr\/wp-json\/wp\/v2\/users\/1"}],"replies":[{"embeddable":true,"href":"https:\/\/mack4seasons.com\/fr\/wp-json\/wp\/v2\/comments?post=12621"}],"version-history":[{"count":1,"href":"https:\/\/mack4seasons.com\/fr\/wp-json\/wp\/v2\/pages\/12621\/revisions"}],"predecessor-version":[{"id":20429,"href":"https:\/\/mack4seasons.com\/fr\/wp-json\/wp\/v2\/pages\/12621\/revisions\/20429"}],"up":[{"embeddable":true,"href":"https:\/\/mack4seasons.com\/fr\/wp-json\/wp\/v2\/pages\/161"}],"wp:attachment":[{"href":"https:\/\/mack4seasons.com\/fr\/wp-json\/wp\/v2\/media?parent=12621"}],"curies":[{"name":"wp","href":"https:\/\/api.w.org\/{rel}","templated":true}]}}